{"id":23813,"date":"2025-08-14T12:20:34","date_gmt":"2025-08-14T12:20:34","guid":{"rendered":"https:\/\/radauviska.lt\/product\/folio-icon-steel-cutting-boards-assorted-colors-4-pcs\/"},"modified":"2025-11-25T11:13:34","modified_gmt":"2025-11-25T11:13:34","slug":"folio-icon-steel-cutting-boards-assorted-colors-4-pcs","status":"publish","type":"product","link":"https:\/\/radauviska.lt\/en\/product\/folio-icon-steel-cutting-boards-assorted-colors-4-pcs\/","title":{"rendered":"Folio Icon Steel cutting boards, assorted colors, 4 pcs"},"content":{"rendered":"<p>The &#8220;Joseph Joseph&#8221; <strong>&#8220;Folio Icon&#8221; steel stand and cutting boards <\/strong>set is an extremely practical kit that will delight every kitchen experiment enthusiast.<\/p>\n<p><b>Benefits:<\/b><\/p>\n<ul>\n<li>The boards are <strong>non-slip<\/strong>, making chopping and slicing convenient.<\/li>\n<li>The stand helps keep your kitchen organized and ensures proper air circulation.<\/li>\n<li>Thanks to the division into boards designated for different types of food, there\u2019s no need to worry about cross-contamination.<\/li>\n<\/ul>\n<p><b>Intended use:<\/b><\/p>\n<ul>\n<li>The boards are perfect <strong>for any kitchen without exception.<\/strong><\/li>\n<\/ul>\n<p><b>Materials:<\/b><\/p>\n<ul>\n<li>The stand is made of <strong>stainless steel,<\/strong> and the boards are made of plastic.<\/li>\n<\/ul>\n<p><b>Additionally.<\/b><\/p>\n<ul>\n<li>The set includes <strong>a stand and four colorful<\/strong> cutting <strong>boards<\/strong> designed for different types of food \u2013 vegetables, raw fish, raw meat, and cooked food.<\/li>\n<li>Each measures<strong> 24 cm by 34 cm.<\/strong><\/li>\n<li>The boards are dishwasher safe, while the stand should be washed by hand only.<\/li>\n<\/ul>\n","protected":false},"excerpt":{"rendered":"<p>The &#8220;Joseph Joseph&#8221; <strong>&#8220;Folio Icon&#8221; steel stand and cutting boards <\/strong>set is an extremely practical kit that will delight every kitchen experiment enthusiast.<\/p>\n","protected":false},"featured_media":23531,"comment_status":"open","ping_status":"closed","template":"","meta":{"_acf_changed":false,"om_disable_all_campaigns":false,"_monsterinsights_skip_tracking":false,"_monsterinsights_sitenote_active":false,"_monsterinsights_sitenote_note":"","_monsterinsights_sitenote_category":0},"product_brand":[],"product_cat":[2564,2276],"product_tag":[3719,3720,3721],"class_list":{"0":"post-23813","1":"product","2":"type-product","3":"status-publish","4":"has-post-thumbnail","6":"product_cat-news","7":"product_cat-promotions","8":"product_tag-cutting-boards","9":"product_tag-folio-icon-steel-en","10":"product_tag-joseph-joseph-en","12":"first","13":"instock","14":"sale","15":"taxable","16":"shipping-taxable","17":"purchasable","18":"product-type-simple"},"acf":[],"aioseo_notices":[],"aioseo_head":"\n\t\t<!-- All in One SEO Pro 4.9.5.2 - aioseo.com -->\n\t<meta name=\"description\" content=\"&quot;Joseph Joseph&quot; &quot;Folio Icon&quot; plieno stovas ir pjaustymo lentel\u0117s yra itin prakti\u0161kas rinkinys, kuris patiks kiekvienam virtuv\u0117s eksperiment\u0173 m\u0117g\u0117jui.\" \/>\n\t<meta name=\"robots\" content=\"max-image-preview:large\" \/>\n\t<link rel=\"canonical\" href=\"https:\/\/radauviska.lt\/en\/product\/folio-icon-steel-cutting-boards-assorted-colors-4-pcs\/\" \/>\n\t<meta name=\"generator\" content=\"All in One SEO Pro (AIOSEO) 4.9.5.2\" \/>\n\t\t<meta property=\"og:locale\" content=\"en_US\" \/>\n\t\t<meta property=\"og:site_name\" content=\"Radau Viska -\" \/>\n\t\t<meta property=\"og:type\" content=\"article\" \/>\n\t\t<meta property=\"og:title\" content=\"Folio Icon Steel cutting boards, assorted colors, 4 pcs -\" \/>\n\t\t<meta property=\"og:description\" content=\"&quot;Joseph Joseph&quot; &quot;Folio Icon&quot; plieno stovas ir pjaustymo lentel\u0117s yra itin prakti\u0161kas rinkinys, kuris patiks kiekvienam virtuv\u0117s eksperiment\u0173 m\u0117g\u0117jui.\" \/>\n\t\t<meta property=\"og:url\" content=\"https:\/\/radauviska.lt\/en\/product\/folio-icon-steel-cutting-boards-assorted-colors-4-pcs\/\" \/>\n\t\t<meta property=\"og:image\" content=\"https:\/\/radauviska.lt\/wp-content\/uploads\/2025\/08\/Pjaustymo-lenteliu-rinkinys-.jpg\" \/>\n\t\t<meta property=\"og:image:secure_url\" content=\"https:\/\/radauviska.lt\/wp-content\/uploads\/2025\/08\/Pjaustymo-lenteliu-rinkinys-.jpg\" \/>\n\t\t<meta property=\"og:image:width\" content=\"2048\" \/>\n\t\t<meta property=\"og:image:height\" content=\"1536\" \/>\n\t\t<meta property=\"article:published_time\" content=\"2025-08-14T12:20:34+00:00\" \/>\n\t\t<meta property=\"article:modified_time\" content=\"2025-11-25T11:13:34+00:00\" \/>\n\t\t<meta property=\"article:publisher\" content=\"https:\/\/www.facebook.com\/profile.php?id=100093269785891\" \/>\n\t\t<meta name=\"twitter:card\" content=\"summary_large_image\" \/>\n\t\t<meta name=\"twitter:title\" content=\"Folio Icon Steel cutting boards, assorted colors, 4 pcs -\" \/>\n\t\t<meta name=\"twitter:description\" content=\"&quot;Joseph Joseph&quot; &quot;Folio Icon&quot; plieno stovas ir pjaustymo lentel\u0117s yra itin prakti\u0161kas rinkinys, kuris patiks kiekvienam virtuv\u0117s eksperiment\u0173 m\u0117g\u0117jui.\" \/>\n\t\t<meta name=\"twitter:image\" content=\"https:\/\/radauviska.lt\/wp-content\/uploads\/2025\/08\/Pjaustymo-lenteliu-rinkinys-.jpg\" \/>\n\t\t<script type=\"application\/ld+json\" class=\"aioseo-schema\">\n\t\t\t{\"@context\":\"https:\\\/\\\/schema.org\",\"@graph\":[{\"@type\":\"BreadcrumbList\",\"@id\":\"https:\\\/\\\/radauviska.lt\\\/en\\\/product\\\/folio-icon-steel-cutting-boards-assorted-colors-4-pcs\\\/#breadcrumblist\",\"itemListElement\":[{\"@type\":\"ListItem\",\"@id\":\"https:\\\/\\\/radauviska.lt\\\/en\\\/#listItem\",\"position\":1,\"name\":\"Home\",\"item\":\"https:\\\/\\\/radauviska.lt\\\/en\\\/\",\"nextItem\":{\"@type\":\"ListItem\",\"@id\":\"https:\\\/\\\/radauviska.lt\\\/en\\\/shop\\\/#listItem\",\"name\":\"Shop\"}},{\"@type\":\"ListItem\",\"@id\":\"https:\\\/\\\/radauviska.lt\\\/en\\\/shop\\\/#listItem\",\"position\":2,\"name\":\"Shop\",\"item\":\"https:\\\/\\\/radauviska.lt\\\/en\\\/shop\\\/\",\"nextItem\":{\"@type\":\"ListItem\",\"@id\":\"https:\\\/\\\/radauviska.lt\\\/en\\\/product-category\\\/promotions\\\/#listItem\",\"name\":\"PROMOTIONS!\"},\"previousItem\":{\"@type\":\"ListItem\",\"@id\":\"https:\\\/\\\/radauviska.lt\\\/en\\\/#listItem\",\"name\":\"Home\"}},{\"@type\":\"ListItem\",\"@id\":\"https:\\\/\\\/radauviska.lt\\\/en\\\/product-category\\\/promotions\\\/#listItem\",\"position\":3,\"name\":\"PROMOTIONS!\",\"item\":\"https:\\\/\\\/radauviska.lt\\\/en\\\/product-category\\\/promotions\\\/\",\"nextItem\":{\"@type\":\"ListItem\",\"@id\":\"https:\\\/\\\/radauviska.lt\\\/en\\\/product\\\/folio-icon-steel-cutting-boards-assorted-colors-4-pcs\\\/#listItem\",\"name\":\"Folio Icon Steel cutting boards, assorted colors, 4 pcs\"},\"previousItem\":{\"@type\":\"ListItem\",\"@id\":\"https:\\\/\\\/radauviska.lt\\\/en\\\/shop\\\/#listItem\",\"name\":\"Shop\"}},{\"@type\":\"ListItem\",\"@id\":\"https:\\\/\\\/radauviska.lt\\\/en\\\/product\\\/folio-icon-steel-cutting-boards-assorted-colors-4-pcs\\\/#listItem\",\"position\":4,\"name\":\"Folio Icon Steel cutting boards, assorted colors, 4 pcs\",\"previousItem\":{\"@type\":\"ListItem\",\"@id\":\"https:\\\/\\\/radauviska.lt\\\/en\\\/product-category\\\/promotions\\\/#listItem\",\"name\":\"PROMOTIONS!\"}}]},{\"@type\":\"ItemPage\",\"@id\":\"https:\\\/\\\/radauviska.lt\\\/en\\\/product\\\/folio-icon-steel-cutting-boards-assorted-colors-4-pcs\\\/#itempage\",\"url\":\"https:\\\/\\\/radauviska.lt\\\/en\\\/product\\\/folio-icon-steel-cutting-boards-assorted-colors-4-pcs\\\/\",\"name\":\"Folio Icon Steel cutting boards, assorted colors, 4 pcs -\",\"description\":\"\\\"Joseph Joseph\\\" \\\"Folio Icon\\\" plieno stovas ir pjaustymo lentel\\u0117s yra itin prakti\\u0161kas rinkinys, kuris patiks kiekvienam virtuv\\u0117s eksperiment\\u0173 m\\u0117g\\u0117jui.\",\"inLanguage\":\"en-US\",\"isPartOf\":{\"@id\":\"https:\\\/\\\/radauviska.lt\\\/en\\\/#website\"},\"breadcrumb\":{\"@id\":\"https:\\\/\\\/radauviska.lt\\\/en\\\/product\\\/folio-icon-steel-cutting-boards-assorted-colors-4-pcs\\\/#breadcrumblist\"},\"image\":{\"@type\":\"ImageObject\",\"url\":\"https:\\\/\\\/radauviska.lt\\\/wp-content\\\/uploads\\\/2025\\\/08\\\/Pjaustymo-lenteliu-rinkinys-.jpg\",\"@id\":\"https:\\\/\\\/radauviska.lt\\\/en\\\/product\\\/folio-icon-steel-cutting-boards-assorted-colors-4-pcs\\\/#mainImage\",\"width\":2048,\"height\":1536},\"primaryImageOfPage\":{\"@id\":\"https:\\\/\\\/radauviska.lt\\\/en\\\/product\\\/folio-icon-steel-cutting-boards-assorted-colors-4-pcs\\\/#mainImage\"},\"datePublished\":\"2025-08-14T12:20:34+00:00\",\"dateModified\":\"2025-11-25T11:13:34+00:00\"},{\"@type\":\"Organization\",\"@id\":\"https:\\\/\\\/radauviska.lt\\\/en\\\/#organization\",\"name\":\"Radau Viska\",\"url\":\"https:\\\/\\\/radauviska.lt\\\/en\\\/\",\"telephone\":\"+37067580618\",\"logo\":{\"@type\":\"ImageObject\",\"url\":\"https:\\\/\\\/radauviska.lt\\\/wp-content\\\/uploads\\\/2024\\\/04\\\/huge-removebg-preview-2.png\",\"@id\":\"https:\\\/\\\/radauviska.lt\\\/en\\\/product\\\/folio-icon-steel-cutting-boards-assorted-colors-4-pcs\\\/#organizationLogo\",\"width\":821,\"height\":304},\"image\":{\"@id\":\"https:\\\/\\\/radauviska.lt\\\/en\\\/product\\\/folio-icon-steel-cutting-boards-assorted-colors-4-pcs\\\/#organizationLogo\"},\"sameAs\":[\"https:\\\/\\\/www.facebook.com\\\/profile.php?id=100093269785891\",\"https:\\\/\\\/www.instagram.com\\\/radauviska.lt\\\/\"]},{\"@type\":\"WebPage\",\"@id\":\"https:\\\/\\\/radauviska.lt\\\/en\\\/product\\\/folio-icon-steel-cutting-boards-assorted-colors-4-pcs\\\/#webpage\",\"url\":\"https:\\\/\\\/radauviska.lt\\\/en\\\/product\\\/folio-icon-steel-cutting-boards-assorted-colors-4-pcs\\\/\",\"name\":\"Folio Icon Steel cutting boards, assorted colors, 4 pcs -\",\"description\":\"\\\"Joseph Joseph\\\" \\\"Folio Icon\\\" plieno stovas ir pjaustymo lentel\\u0117s yra itin prakti\\u0161kas rinkinys, kuris patiks kiekvienam virtuv\\u0117s eksperiment\\u0173 m\\u0117g\\u0117jui.\",\"inLanguage\":\"en-US\",\"isPartOf\":{\"@id\":\"https:\\\/\\\/radauviska.lt\\\/en\\\/#website\"},\"breadcrumb\":{\"@id\":\"https:\\\/\\\/radauviska.lt\\\/en\\\/product\\\/folio-icon-steel-cutting-boards-assorted-colors-4-pcs\\\/#breadcrumblist\"},\"image\":{\"@type\":\"ImageObject\",\"url\":\"https:\\\/\\\/radauviska.lt\\\/wp-content\\\/uploads\\\/2025\\\/08\\\/Pjaustymo-lenteliu-rinkinys-.jpg\",\"@id\":\"https:\\\/\\\/radauviska.lt\\\/en\\\/product\\\/folio-icon-steel-cutting-boards-assorted-colors-4-pcs\\\/#mainImage\",\"width\":2048,\"height\":1536},\"primaryImageOfPage\":{\"@id\":\"https:\\\/\\\/radauviska.lt\\\/en\\\/product\\\/folio-icon-steel-cutting-boards-assorted-colors-4-pcs\\\/#mainImage\"},\"datePublished\":\"2025-08-14T12:20:34+00:00\",\"dateModified\":\"2025-11-25T11:13:34+00:00\"},{\"@type\":\"WebSite\",\"@id\":\"https:\\\/\\\/radauviska.lt\\\/en\\\/#website\",\"url\":\"https:\\\/\\\/radauviska.lt\\\/en\\\/\",\"name\":\"www.radauviska.lt\",\"alternateName\":\"Radau visk\\u0105\",\"inLanguage\":\"en-US\",\"publisher\":{\"@id\":\"https:\\\/\\\/radauviska.lt\\\/en\\\/#organization\"}}]}\n\t\t<\/script>\n\t\t<!-- All in One SEO Pro -->\r\n\t\t<title>Folio Icon Steel cutting boards, assorted colors, 4 pcs -<\/title>\n\n","aioseo_head_json":{"title":"Folio Icon Steel cutting boards, assorted colors, 4 pcs -","description":"\"Joseph Joseph\" \"Folio Icon\" plieno stovas ir pjaustymo lentel\u0117s yra itin prakti\u0161kas rinkinys, kuris patiks kiekvienam virtuv\u0117s eksperiment\u0173 m\u0117g\u0117jui.","canonical_url":"https:\/\/radauviska.lt\/en\/product\/folio-icon-steel-cutting-boards-assorted-colors-4-pcs\/","robots":"max-image-preview:large","keywords":"","webmasterTools":{"miscellaneous":""},"schema":{"@context":"https:\/\/schema.org","@graph":[{"@type":"BreadcrumbList","@id":"https:\/\/radauviska.lt\/en\/product\/folio-icon-steel-cutting-boards-assorted-colors-4-pcs\/#breadcrumblist","itemListElement":[{"@type":"ListItem","@id":"https:\/\/radauviska.lt\/en\/#listItem","position":1,"name":"Home","item":"https:\/\/radauviska.lt\/en\/","nextItem":{"@type":"ListItem","@id":"https:\/\/radauviska.lt\/en\/shop\/#listItem","name":"Shop"}},{"@type":"ListItem","@id":"https:\/\/radauviska.lt\/en\/shop\/#listItem","position":2,"name":"Shop","item":"https:\/\/radauviska.lt\/en\/shop\/","nextItem":{"@type":"ListItem","@id":"https:\/\/radauviska.lt\/en\/product-category\/promotions\/#listItem","name":"PROMOTIONS!"},"previousItem":{"@type":"ListItem","@id":"https:\/\/radauviska.lt\/en\/#listItem","name":"Home"}},{"@type":"ListItem","@id":"https:\/\/radauviska.lt\/en\/product-category\/promotions\/#listItem","position":3,"name":"PROMOTIONS!","item":"https:\/\/radauviska.lt\/en\/product-category\/promotions\/","nextItem":{"@type":"ListItem","@id":"https:\/\/radauviska.lt\/en\/product\/folio-icon-steel-cutting-boards-assorted-colors-4-pcs\/#listItem","name":"Folio Icon Steel cutting boards, assorted colors, 4 pcs"},"previousItem":{"@type":"ListItem","@id":"https:\/\/radauviska.lt\/en\/shop\/#listItem","name":"Shop"}},{"@type":"ListItem","@id":"https:\/\/radauviska.lt\/en\/product\/folio-icon-steel-cutting-boards-assorted-colors-4-pcs\/#listItem","position":4,"name":"Folio Icon Steel cutting boards, assorted colors, 4 pcs","previousItem":{"@type":"ListItem","@id":"https:\/\/radauviska.lt\/en\/product-category\/promotions\/#listItem","name":"PROMOTIONS!"}}]},{"@type":"ItemPage","@id":"https:\/\/radauviska.lt\/en\/product\/folio-icon-steel-cutting-boards-assorted-colors-4-pcs\/#itempage","url":"https:\/\/radauviska.lt\/en\/product\/folio-icon-steel-cutting-boards-assorted-colors-4-pcs\/","name":"Folio Icon Steel cutting boards, assorted colors, 4 pcs -","description":"\"Joseph Joseph\" \"Folio Icon\" plieno stovas ir pjaustymo lentel\u0117s yra itin prakti\u0161kas rinkinys, kuris patiks kiekvienam virtuv\u0117s eksperiment\u0173 m\u0117g\u0117jui.","inLanguage":"en-US","isPartOf":{"@id":"https:\/\/radauviska.lt\/en\/#website"},"breadcrumb":{"@id":"https:\/\/radauviska.lt\/en\/product\/folio-icon-steel-cutting-boards-assorted-colors-4-pcs\/#breadcrumblist"},"image":{"@type":"ImageObject","url":"https:\/\/radauviska.lt\/wp-content\/uploads\/2025\/08\/Pjaustymo-lenteliu-rinkinys-.jpg","@id":"https:\/\/radauviska.lt\/en\/product\/folio-icon-steel-cutting-boards-assorted-colors-4-pcs\/#mainImage","width":2048,"height":1536},"primaryImageOfPage":{"@id":"https:\/\/radauviska.lt\/en\/product\/folio-icon-steel-cutting-boards-assorted-colors-4-pcs\/#mainImage"},"datePublished":"2025-08-14T12:20:34+00:00","dateModified":"2025-11-25T11:13:34+00:00"},{"@type":"Organization","@id":"https:\/\/radauviska.lt\/en\/#organization","name":"Radau Viska","url":"https:\/\/radauviska.lt\/en\/","telephone":"+37067580618","logo":{"@type":"ImageObject","url":"https:\/\/radauviska.lt\/wp-content\/uploads\/2024\/04\/huge-removebg-preview-2.png","@id":"https:\/\/radauviska.lt\/en\/product\/folio-icon-steel-cutting-boards-assorted-colors-4-pcs\/#organizationLogo","width":821,"height":304},"image":{"@id":"https:\/\/radauviska.lt\/en\/product\/folio-icon-steel-cutting-boards-assorted-colors-4-pcs\/#organizationLogo"},"sameAs":["https:\/\/www.facebook.com\/profile.php?id=100093269785891","https:\/\/www.instagram.com\/radauviska.lt\/"]},{"@type":"WebPage","@id":"https:\/\/radauviska.lt\/en\/product\/folio-icon-steel-cutting-boards-assorted-colors-4-pcs\/#webpage","url":"https:\/\/radauviska.lt\/en\/product\/folio-icon-steel-cutting-boards-assorted-colors-4-pcs\/","name":"Folio Icon Steel cutting boards, assorted colors, 4 pcs -","description":"\"Joseph Joseph\" \"Folio Icon\" plieno stovas ir pjaustymo lentel\u0117s yra itin prakti\u0161kas rinkinys, kuris patiks kiekvienam virtuv\u0117s eksperiment\u0173 m\u0117g\u0117jui.","inLanguage":"en-US","isPartOf":{"@id":"https:\/\/radauviska.lt\/en\/#website"},"breadcrumb":{"@id":"https:\/\/radauviska.lt\/en\/product\/folio-icon-steel-cutting-boards-assorted-colors-4-pcs\/#breadcrumblist"},"image":{"@type":"ImageObject","url":"https:\/\/radauviska.lt\/wp-content\/uploads\/2025\/08\/Pjaustymo-lenteliu-rinkinys-.jpg","@id":"https:\/\/radauviska.lt\/en\/product\/folio-icon-steel-cutting-boards-assorted-colors-4-pcs\/#mainImage","width":2048,"height":1536},"primaryImageOfPage":{"@id":"https:\/\/radauviska.lt\/en\/product\/folio-icon-steel-cutting-boards-assorted-colors-4-pcs\/#mainImage"},"datePublished":"2025-08-14T12:20:34+00:00","dateModified":"2025-11-25T11:13:34+00:00"},{"@type":"WebSite","@id":"https:\/\/radauviska.lt\/en\/#website","url":"https:\/\/radauviska.lt\/en\/","name":"www.radauviska.lt","alternateName":"Radau visk\u0105","inLanguage":"en-US","publisher":{"@id":"https:\/\/radauviska.lt\/en\/#organization"}}]},"og:locale":"en_US","og:site_name":"Radau Viska -","og:type":"article","og:title":"Folio Icon Steel cutting boards, assorted colors, 4 pcs -","og:description":"&quot;Joseph Joseph&quot; &quot;Folio Icon&quot; plieno stovas ir pjaustymo lentel\u0117s yra itin prakti\u0161kas rinkinys, kuris patiks kiekvienam virtuv\u0117s eksperiment\u0173 m\u0117g\u0117jui.","og:url":"https:\/\/radauviska.lt\/en\/product\/folio-icon-steel-cutting-boards-assorted-colors-4-pcs\/","og:image":"https:\/\/radauviska.lt\/wp-content\/uploads\/2025\/08\/Pjaustymo-lenteliu-rinkinys-.jpg","og:image:secure_url":"https:\/\/radauviska.lt\/wp-content\/uploads\/2025\/08\/Pjaustymo-lenteliu-rinkinys-.jpg","og:image:width":2048,"og:image:height":1536,"article:published_time":"2025-08-14T12:20:34+00:00","article:modified_time":"2025-11-25T11:13:34+00:00","article:publisher":"https:\/\/www.facebook.com\/profile.php?id=100093269785891","twitter:card":"summary_large_image","twitter:title":"Folio Icon Steel cutting boards, assorted colors, 4 pcs -","twitter:description":"&quot;Joseph Joseph&quot; &quot;Folio Icon&quot; plieno stovas ir pjaustymo lentel\u0117s yra itin prakti\u0161kas rinkinys, kuris patiks kiekvienam virtuv\u0117s eksperiment\u0173 m\u0117g\u0117jui.","twitter:image":"https:\/\/radauviska.lt\/wp-content\/uploads\/2025\/08\/Pjaustymo-lenteliu-rinkinys-.jpg"},"aioseo_meta_data":{"post_id":"23813","title":"#post_title #separator_sa","description":"\"Joseph Joseph\" \"Folio Icon\" plieno stovas ir pjaustymo lentel\u0117s yra itin prakti\u0161kas rinkinys, kuris patiks kiekvienam virtuv\u0117s eksperiment\u0173 m\u0117g\u0117jui.","keywords":null,"keyphrases":{"focus":{"keyphrase":"pjaustymo lentel\u0117s","score":100,"analysis":{"keyphraseInTitle":{"score":9,"maxScore":9,"error":0},"keyphraseInDescription":{"score":9,"maxScore":9,"error":0},"keyphraseLength":{"score":9,"maxScore":9,"error":0,"length":3},"keyphraseInURL":{"score":5,"maxScore":5,"error":0},"keyphraseInIntroduction":{"score":9,"maxScore":9,"error":0},"keyphraseInSubHeadings":[],"keyphraseInImageAlt":[],"keywordDensity":{"type":"best","score":9,"maxScore":9,"error":0}}},"additional":[{"keyphrase":"pjaustymo lentel\u0117s","score":100,"analysis":{"keyphraseInDescription":{"score":9,"maxScore":9,"error":0},"keyphraseLength":{"score":9,"maxScore":9,"error":0,"length":3},"keyphraseInIntroduction":{"score":9,"maxScore":9,"error":0},"keyphraseInImageAlt":[],"keywordDensity":{"type":"best","score":9,"maxScore":9,"error":0}}},{"keyphrase":"Joseph Joseph","score":100,"analysis":{"keyphraseInDescription":{"score":9,"maxScore":9,"error":0},"keyphraseLength":{"score":9,"maxScore":9,"error":0,"length":2},"keyphraseInIntroduction":{"score":9,"maxScore":9,"error":0},"keyphraseInImageAlt":[],"keywordDensity":{"type":"best","score":9,"maxScore":9,"error":0}}}]},"primary_term":null,"canonical_url":null,"og_title":null,"og_description":null,"og_object_type":"default","og_image_type":"default","og_image_url":null,"og_image_width":null,"og_image_height":null,"og_image_custom_url":null,"og_image_custom_fields":null,"og_video":"","og_custom_url":null,"og_article_section":null,"og_article_tags":null,"twitter_use_og":false,"twitter_card":"default","twitter_image_type":"default","twitter_image_url":null,"twitter_image_custom_url":null,"twitter_image_custom_fields":null,"twitter_title":null,"twitter_description":null,"schema":{"blockGraphs":[],"customGraphs":[],"default":{"data":{"Article":[],"Course":[],"Dataset":[],"FAQPage":[],"Movie":[],"Person":[],"Product":[],"ProductReview":[],"Car":[],"Recipe":[],"Service":[],"SoftwareApplication":[],"WebPage":[]},"graphName":"ItemPage","isEnabled":true},"graphs":[]},"schema_type":"default","schema_type_options":null,"pillar_content":false,"robots_default":true,"robots_noindex":false,"robots_noarchive":false,"robots_nosnippet":false,"robots_nofollow":false,"robots_noimageindex":false,"robots_noodp":false,"robots_notranslate":false,"robots_max_snippet":"-1","robots_max_videopreview":"-1","robots_max_imagepreview":"large","priority":null,"frequency":"default","local_seo":null,"seo_analyzer_scan_date":"2025-11-25 11:21:25","breadcrumb_settings":null,"limit_modified_date":false,"reviewed_by":"0","open_ai":null,"ai":{"faqs":[],"keyPoints":[],"titles":[],"descriptions":[],"socialPosts":{"email":[],"linkedin":[],"twitter":[],"facebook":[],"instagram":[]}},"created":"2025-08-21 06:45:57","updated":"2025-11-25 11:23:20"},"aioseo_breadcrumb":"<div class=\"aioseo-breadcrumbs\"><span class=\"aioseo-breadcrumb\">\n\t<a href=\"https:\/\/radauviska.lt\/en\/\" title=\"Home\">Home<\/a>\n<\/span><span class=\"aioseo-breadcrumb-separator\">&raquo;<\/span><span class=\"aioseo-breadcrumb\">\n\t<a href=\"https:\/\/radauviska.lt\/en\/shop\/\" title=\"Shop\">Shop<\/a>\n<\/span><span class=\"aioseo-breadcrumb-separator\">&raquo;<\/span><span class=\"aioseo-breadcrumb\">\n\t<a href=\"https:\/\/radauviska.lt\/en\/product-category\/promotions\/\" title=\"PROMOTIONS!\">PROMOTIONS!<\/a>\n<\/span><span class=\"aioseo-breadcrumb-separator\">&raquo;<\/span><span class=\"aioseo-breadcrumb\">\n\tFolio Icon Steel cutting boards, assorted colors, 4 pcs\n<\/span><\/div>","aioseo_breadcrumb_json":[{"label":"Home","link":"https:\/\/radauviska.lt\/en\/"},{"label":"Shop","link":"https:\/\/radauviska.lt\/en\/shop\/"},{"label":"PROMOTIONS!","link":"https:\/\/radauviska.lt\/en\/product-category\/promotions\/"},{"label":"Folio Icon Steel cutting boards, assorted colors, 4 pcs","link":"https:\/\/radauviska.lt\/en\/product\/folio-icon-steel-cutting-boards-assorted-colors-4-pcs\/"}],"_links":{"self":[{"href":"https:\/\/radauviska.lt\/en\/wp-json\/wp\/v2\/product\/23813","targetHints":{"allow":["GET"]}}],"collection":[{"href":"https:\/\/radauviska.lt\/en\/wp-json\/wp\/v2\/product"}],"about":[{"href":"https:\/\/radauviska.lt\/en\/wp-json\/wp\/v2\/types\/product"}],"replies":[{"embeddable":true,"href":"https:\/\/radauviska.lt\/en\/wp-json\/wp\/v2\/comments?post=23813"}],"version-history":[{"count":1,"href":"https:\/\/radauviska.lt\/en\/wp-json\/wp\/v2\/product\/23813\/revisions"}],"predecessor-version":[{"id":24230,"href":"https:\/\/radauviska.lt\/en\/wp-json\/wp\/v2\/product\/23813\/revisions\/24230"}],"wp:featuredmedia":[{"embeddable":true,"href":"https:\/\/radauviska.lt\/en\/wp-json\/wp\/v2\/media\/23531"}],"wp:attachment":[{"href":"https:\/\/radauviska.lt\/en\/wp-json\/wp\/v2\/media?parent=23813"}],"wp:term":[{"taxonomy":"product_brand","embeddable":true,"href":"https:\/\/radauviska.lt\/en\/wp-json\/wp\/v2\/product_brand?post=23813"},{"taxonomy":"product_cat","embeddable":true,"href":"https:\/\/radauviska.lt\/en\/wp-json\/wp\/v2\/product_cat?post=23813"},{"taxonomy":"product_tag","embeddable":true,"href":"https:\/\/radauviska.lt\/en\/wp-json\/wp\/v2\/product_tag?post=23813"}],"curies":[{"name":"wp","href":"https:\/\/api.w.org\/{rel}","templated":true}]}}