{"id":23804,"date":"2025-08-14T14:38:53","date_gmt":"2025-08-14T14:38:53","guid":{"rendered":"https:\/\/radauviska.lt\/product\/hot-wheels-monster-trucks\/"},"modified":"2025-08-14T14:38:53","modified_gmt":"2025-08-14T14:38:53","slug":"hot-wheels-monster-trucks","status":"publish","type":"product","link":"https:\/\/radauviska.lt\/en\/product\/hot-wheels-monster-trucks\/","title":{"rendered":"Hot Wheels Monster Trucks"},"content":{"rendered":"<h1>Hot Wheels Monster Trucks<\/h1>\n<p>Remote-controlled car<\/p>\n<p>Height: 44 cm<\/p>\n<p>Width: 50 cm<\/p>\n<p>Length: 70 cm<\/p>\n<p>&nbsp;<\/p>\n<p>&nbsp;<\/p>\n","protected":false},"excerpt":{"rendered":"<h1>Hot Wheels Monster Trucks<\/h1>\n<p>Remote-controlled car<\/p>\n<p>Height: 44 cm<\/p>\n<p>Width: 50 cm<\/p>\n<p>Length: 70 cm<\/p>\n","protected":false},"featured_media":23627,"comment_status":"open","ping_status":"closed","template":"","meta":{"_acf_changed":false,"om_disable_all_campaigns":false,"_monsterinsights_skip_tracking":false,"_monsterinsights_sitenote_active":false,"_monsterinsights_sitenote_note":"","_monsterinsights_sitenote_category":0},"product_brand":[],"product_cat":[2564],"product_tag":[3711,3710,3712,3713],"class_list":{"0":"post-23804","1":"product","2":"type-product","3":"status-publish","4":"has-post-thumbnail","6":"product_cat-news","7":"product_tag-car-with-a-remote-control","8":"product_tag-for-kids","9":"product_tag-hotwheels-en","10":"product_tag-monster-truck","12":"first","13":"instock","14":"taxable","15":"shipping-taxable","16":"purchasable","17":"product-type-simple"},"acf":[],"aioseo_notices":[],"aioseo_head":"\n\t\t<!-- All in One SEO Pro 4.9.5.2 - aioseo.com -->\n\t<meta name=\"description\" content=\"Hot Wheels Monster Trucks Remote-controlled car Height: 44 cm Width: 50 cm Length: 70 cm\" \/>\n\t<meta name=\"robots\" content=\"max-image-preview:large\" \/>\n\t<link rel=\"canonical\" href=\"https:\/\/radauviska.lt\/en\/product\/hot-wheels-monster-trucks\/\" \/>\n\t<meta name=\"generator\" content=\"All in One SEO Pro (AIOSEO) 4.9.5.2\" \/>\n\t\t<meta property=\"og:locale\" content=\"en_US\" \/>\n\t\t<meta property=\"og:site_name\" content=\"Radau Viska -\" \/>\n\t\t<meta property=\"og:type\" content=\"article\" \/>\n\t\t<meta property=\"og:title\" content=\"Hot Wheels Monster Trucks - Radau Viska\" \/>\n\t\t<meta property=\"og:description\" content=\"Hot Wheels Monster Trucks Remote-controlled car Height: 44 cm Width: 50 cm Length: 70 cm\" \/>\n\t\t<meta property=\"og:url\" content=\"https:\/\/radauviska.lt\/en\/product\/hot-wheels-monster-trucks\/\" \/>\n\t\t<meta property=\"og:image\" content=\"https:\/\/radauviska.lt\/wp-content\/uploads\/2025\/08\/Hot-wheels-monster.jpg\" \/>\n\t\t<meta property=\"og:image:secure_url\" content=\"https:\/\/radauviska.lt\/wp-content\/uploads\/2025\/08\/Hot-wheels-monster.jpg\" \/>\n\t\t<meta property=\"og:image:width\" content=\"2048\" \/>\n\t\t<meta property=\"og:image:height\" content=\"1428\" \/>\n\t\t<meta property=\"article:published_time\" content=\"2025-08-14T14:38:53+00:00\" \/>\n\t\t<meta property=\"article:modified_time\" content=\"2025-08-14T14:38:53+00:00\" \/>\n\t\t<meta property=\"article:publisher\" content=\"https:\/\/www.facebook.com\/profile.php?id=100093269785891\" \/>\n\t\t<meta name=\"twitter:card\" content=\"summary_large_image\" \/>\n\t\t<meta name=\"twitter:title\" content=\"Hot Wheels Monster Trucks - Radau Viska\" \/>\n\t\t<meta name=\"twitter:description\" content=\"Hot Wheels Monster Trucks Remote-controlled car Height: 44 cm Width: 50 cm Length: 70 cm\" \/>\n\t\t<meta name=\"twitter:image\" content=\"https:\/\/radauviska.lt\/wp-content\/uploads\/2025\/08\/Hot-wheels-monster.jpg\" \/>\n\t\t<script type=\"application\/ld+json\" class=\"aioseo-schema\">\n\t\t\t{\"@context\":\"https:\\\/\\\/schema.org\",\"@graph\":[{\"@type\":\"BreadcrumbList\",\"@id\":\"https:\\\/\\\/radauviska.lt\\\/en\\\/product\\\/hot-wheels-monster-trucks\\\/#breadcrumblist\",\"itemListElement\":[{\"@type\":\"ListItem\",\"@id\":\"https:\\\/\\\/radauviska.lt\\\/en\\\/#listItem\",\"position\":1,\"name\":\"Home\",\"item\":\"https:\\\/\\\/radauviska.lt\\\/en\\\/\",\"nextItem\":{\"@type\":\"ListItem\",\"@id\":\"https:\\\/\\\/radauviska.lt\\\/en\\\/shop\\\/#listItem\",\"name\":\"Shop\"}},{\"@type\":\"ListItem\",\"@id\":\"https:\\\/\\\/radauviska.lt\\\/en\\\/shop\\\/#listItem\",\"position\":2,\"name\":\"Shop\",\"item\":\"https:\\\/\\\/radauviska.lt\\\/en\\\/shop\\\/\",\"nextItem\":{\"@type\":\"ListItem\",\"@id\":\"https:\\\/\\\/radauviska.lt\\\/en\\\/product-category\\\/news\\\/#listItem\",\"name\":\"News!\"},\"previousItem\":{\"@type\":\"ListItem\",\"@id\":\"https:\\\/\\\/radauviska.lt\\\/en\\\/#listItem\",\"name\":\"Home\"}},{\"@type\":\"ListItem\",\"@id\":\"https:\\\/\\\/radauviska.lt\\\/en\\\/product-category\\\/news\\\/#listItem\",\"position\":3,\"name\":\"News!\",\"item\":\"https:\\\/\\\/radauviska.lt\\\/en\\\/product-category\\\/news\\\/\",\"nextItem\":{\"@type\":\"ListItem\",\"@id\":\"https:\\\/\\\/radauviska.lt\\\/en\\\/product\\\/hot-wheels-monster-trucks\\\/#listItem\",\"name\":\"Hot Wheels Monster Trucks\"},\"previousItem\":{\"@type\":\"ListItem\",\"@id\":\"https:\\\/\\\/radauviska.lt\\\/en\\\/shop\\\/#listItem\",\"name\":\"Shop\"}},{\"@type\":\"ListItem\",\"@id\":\"https:\\\/\\\/radauviska.lt\\\/en\\\/product\\\/hot-wheels-monster-trucks\\\/#listItem\",\"position\":4,\"name\":\"Hot Wheels Monster Trucks\",\"previousItem\":{\"@type\":\"ListItem\",\"@id\":\"https:\\\/\\\/radauviska.lt\\\/en\\\/product-category\\\/news\\\/#listItem\",\"name\":\"News!\"}}]},{\"@type\":\"ItemPage\",\"@id\":\"https:\\\/\\\/radauviska.lt\\\/en\\\/product\\\/hot-wheels-monster-trucks\\\/#itempage\",\"url\":\"https:\\\/\\\/radauviska.lt\\\/en\\\/product\\\/hot-wheels-monster-trucks\\\/\",\"name\":\"Hot Wheels Monster Trucks - Radau Viska\",\"description\":\"Hot Wheels Monster Trucks Remote-controlled car Height: 44 cm Width: 50 cm Length: 70 cm\",\"inLanguage\":\"en-US\",\"isPartOf\":{\"@id\":\"https:\\\/\\\/radauviska.lt\\\/en\\\/#website\"},\"breadcrumb\":{\"@id\":\"https:\\\/\\\/radauviska.lt\\\/en\\\/product\\\/hot-wheels-monster-trucks\\\/#breadcrumblist\"},\"image\":{\"@type\":\"ImageObject\",\"url\":\"https:\\\/\\\/radauviska.lt\\\/wp-content\\\/uploads\\\/2025\\\/08\\\/Hot-wheels-monster.jpg\",\"@id\":\"https:\\\/\\\/radauviska.lt\\\/en\\\/product\\\/hot-wheels-monster-trucks\\\/#mainImage\",\"width\":2048,\"height\":1428},\"primaryImageOfPage\":{\"@id\":\"https:\\\/\\\/radauviska.lt\\\/en\\\/product\\\/hot-wheels-monster-trucks\\\/#mainImage\"},\"datePublished\":\"2025-08-14T14:38:53+00:00\",\"dateModified\":\"2025-08-14T14:38:53+00:00\"},{\"@type\":\"Organization\",\"@id\":\"https:\\\/\\\/radauviska.lt\\\/en\\\/#organization\",\"name\":\"Radau Viska\",\"url\":\"https:\\\/\\\/radauviska.lt\\\/en\\\/\",\"telephone\":\"+37067580618\",\"logo\":{\"@type\":\"ImageObject\",\"url\":\"https:\\\/\\\/radauviska.lt\\\/wp-content\\\/uploads\\\/2024\\\/04\\\/huge-removebg-preview-2.png\",\"@id\":\"https:\\\/\\\/radauviska.lt\\\/en\\\/product\\\/hot-wheels-monster-trucks\\\/#organizationLogo\",\"width\":821,\"height\":304},\"image\":{\"@id\":\"https:\\\/\\\/radauviska.lt\\\/en\\\/product\\\/hot-wheels-monster-trucks\\\/#organizationLogo\"},\"sameAs\":[\"https:\\\/\\\/www.facebook.com\\\/profile.php?id=100093269785891\",\"https:\\\/\\\/www.instagram.com\\\/radauviska.lt\\\/\"]},{\"@type\":\"WebPage\",\"@id\":\"https:\\\/\\\/radauviska.lt\\\/en\\\/product\\\/hot-wheels-monster-trucks\\\/#webpage\",\"url\":\"https:\\\/\\\/radauviska.lt\\\/en\\\/product\\\/hot-wheels-monster-trucks\\\/\",\"name\":\"Hot Wheels Monster Trucks - Radau Viska\",\"description\":\"Hot Wheels Monster Trucks Remote-controlled car Height: 44 cm Width: 50 cm Length: 70 cm\",\"inLanguage\":\"en-US\",\"isPartOf\":{\"@id\":\"https:\\\/\\\/radauviska.lt\\\/en\\\/#website\"},\"breadcrumb\":{\"@id\":\"https:\\\/\\\/radauviska.lt\\\/en\\\/product\\\/hot-wheels-monster-trucks\\\/#breadcrumblist\"},\"image\":{\"@type\":\"ImageObject\",\"url\":\"https:\\\/\\\/radauviska.lt\\\/wp-content\\\/uploads\\\/2025\\\/08\\\/Hot-wheels-monster.jpg\",\"@id\":\"https:\\\/\\\/radauviska.lt\\\/en\\\/product\\\/hot-wheels-monster-trucks\\\/#mainImage\",\"width\":2048,\"height\":1428},\"primaryImageOfPage\":{\"@id\":\"https:\\\/\\\/radauviska.lt\\\/en\\\/product\\\/hot-wheels-monster-trucks\\\/#mainImage\"},\"datePublished\":\"2025-08-14T14:38:53+00:00\",\"dateModified\":\"2025-08-14T14:38:53+00:00\"},{\"@type\":\"WebSite\",\"@id\":\"https:\\\/\\\/radauviska.lt\\\/en\\\/#website\",\"url\":\"https:\\\/\\\/radauviska.lt\\\/en\\\/\",\"name\":\"www.radauviska.lt\",\"alternateName\":\"Radau visk\\u0105\",\"inLanguage\":\"en-US\",\"publisher\":{\"@id\":\"https:\\\/\\\/radauviska.lt\\\/en\\\/#organization\"}}]}\n\t\t<\/script>\n\t\t<!-- All in One SEO Pro -->\r\n\t\t<title>Hot Wheels Monster Trucks - Radau Viska<\/title>\n\n","aioseo_head_json":{"title":"Hot Wheels Monster Trucks - Radau Viska","description":"Hot Wheels Monster Trucks Remote-controlled car Height: 44 cm Width: 50 cm Length: 70 cm","canonical_url":"https:\/\/radauviska.lt\/en\/product\/hot-wheels-monster-trucks\/","robots":"max-image-preview:large","keywords":"","webmasterTools":{"miscellaneous":""},"schema":{"@context":"https:\/\/schema.org","@graph":[{"@type":"BreadcrumbList","@id":"https:\/\/radauviska.lt\/en\/product\/hot-wheels-monster-trucks\/#breadcrumblist","itemListElement":[{"@type":"ListItem","@id":"https:\/\/radauviska.lt\/en\/#listItem","position":1,"name":"Home","item":"https:\/\/radauviska.lt\/en\/","nextItem":{"@type":"ListItem","@id":"https:\/\/radauviska.lt\/en\/shop\/#listItem","name":"Shop"}},{"@type":"ListItem","@id":"https:\/\/radauviska.lt\/en\/shop\/#listItem","position":2,"name":"Shop","item":"https:\/\/radauviska.lt\/en\/shop\/","nextItem":{"@type":"ListItem","@id":"https:\/\/radauviska.lt\/en\/product-category\/news\/#listItem","name":"News!"},"previousItem":{"@type":"ListItem","@id":"https:\/\/radauviska.lt\/en\/#listItem","name":"Home"}},{"@type":"ListItem","@id":"https:\/\/radauviska.lt\/en\/product-category\/news\/#listItem","position":3,"name":"News!","item":"https:\/\/radauviska.lt\/en\/product-category\/news\/","nextItem":{"@type":"ListItem","@id":"https:\/\/radauviska.lt\/en\/product\/hot-wheels-monster-trucks\/#listItem","name":"Hot Wheels Monster Trucks"},"previousItem":{"@type":"ListItem","@id":"https:\/\/radauviska.lt\/en\/shop\/#listItem","name":"Shop"}},{"@type":"ListItem","@id":"https:\/\/radauviska.lt\/en\/product\/hot-wheels-monster-trucks\/#listItem","position":4,"name":"Hot Wheels Monster Trucks","previousItem":{"@type":"ListItem","@id":"https:\/\/radauviska.lt\/en\/product-category\/news\/#listItem","name":"News!"}}]},{"@type":"ItemPage","@id":"https:\/\/radauviska.lt\/en\/product\/hot-wheels-monster-trucks\/#itempage","url":"https:\/\/radauviska.lt\/en\/product\/hot-wheels-monster-trucks\/","name":"Hot Wheels Monster Trucks - Radau Viska","description":"Hot Wheels Monster Trucks Remote-controlled car Height: 44 cm Width: 50 cm Length: 70 cm","inLanguage":"en-US","isPartOf":{"@id":"https:\/\/radauviska.lt\/en\/#website"},"breadcrumb":{"@id":"https:\/\/radauviska.lt\/en\/product\/hot-wheels-monster-trucks\/#breadcrumblist"},"image":{"@type":"ImageObject","url":"https:\/\/radauviska.lt\/wp-content\/uploads\/2025\/08\/Hot-wheels-monster.jpg","@id":"https:\/\/radauviska.lt\/en\/product\/hot-wheels-monster-trucks\/#mainImage","width":2048,"height":1428},"primaryImageOfPage":{"@id":"https:\/\/radauviska.lt\/en\/product\/hot-wheels-monster-trucks\/#mainImage"},"datePublished":"2025-08-14T14:38:53+00:00","dateModified":"2025-08-14T14:38:53+00:00"},{"@type":"Organization","@id":"https:\/\/radauviska.lt\/en\/#organization","name":"Radau Viska","url":"https:\/\/radauviska.lt\/en\/","telephone":"+37067580618","logo":{"@type":"ImageObject","url":"https:\/\/radauviska.lt\/wp-content\/uploads\/2024\/04\/huge-removebg-preview-2.png","@id":"https:\/\/radauviska.lt\/en\/product\/hot-wheels-monster-trucks\/#organizationLogo","width":821,"height":304},"image":{"@id":"https:\/\/radauviska.lt\/en\/product\/hot-wheels-monster-trucks\/#organizationLogo"},"sameAs":["https:\/\/www.facebook.com\/profile.php?id=100093269785891","https:\/\/www.instagram.com\/radauviska.lt\/"]},{"@type":"WebPage","@id":"https:\/\/radauviska.lt\/en\/product\/hot-wheels-monster-trucks\/#webpage","url":"https:\/\/radauviska.lt\/en\/product\/hot-wheels-monster-trucks\/","name":"Hot Wheels Monster Trucks - Radau Viska","description":"Hot Wheels Monster Trucks Remote-controlled car Height: 44 cm Width: 50 cm Length: 70 cm","inLanguage":"en-US","isPartOf":{"@id":"https:\/\/radauviska.lt\/en\/#website"},"breadcrumb":{"@id":"https:\/\/radauviska.lt\/en\/product\/hot-wheels-monster-trucks\/#breadcrumblist"},"image":{"@type":"ImageObject","url":"https:\/\/radauviska.lt\/wp-content\/uploads\/2025\/08\/Hot-wheels-monster.jpg","@id":"https:\/\/radauviska.lt\/en\/product\/hot-wheels-monster-trucks\/#mainImage","width":2048,"height":1428},"primaryImageOfPage":{"@id":"https:\/\/radauviska.lt\/en\/product\/hot-wheels-monster-trucks\/#mainImage"},"datePublished":"2025-08-14T14:38:53+00:00","dateModified":"2025-08-14T14:38:53+00:00"},{"@type":"WebSite","@id":"https:\/\/radauviska.lt\/en\/#website","url":"https:\/\/radauviska.lt\/en\/","name":"www.radauviska.lt","alternateName":"Radau visk\u0105","inLanguage":"en-US","publisher":{"@id":"https:\/\/radauviska.lt\/en\/#organization"}}]},"og:locale":"en_US","og:site_name":"Radau Viska -","og:type":"article","og:title":"Hot Wheels Monster Trucks - Radau Viska","og:description":"Hot Wheels Monster Trucks Remote-controlled car Height: 44 cm Width: 50 cm Length: 70 cm","og:url":"https:\/\/radauviska.lt\/en\/product\/hot-wheels-monster-trucks\/","og:image":"https:\/\/radauviska.lt\/wp-content\/uploads\/2025\/08\/Hot-wheels-monster.jpg","og:image:secure_url":"https:\/\/radauviska.lt\/wp-content\/uploads\/2025\/08\/Hot-wheels-monster.jpg","og:image:width":2048,"og:image:height":1428,"article:published_time":"2025-08-14T14:38:53+00:00","article:modified_time":"2025-08-14T14:38:53+00:00","article:publisher":"https:\/\/www.facebook.com\/profile.php?id=100093269785891","twitter:card":"summary_large_image","twitter:title":"Hot Wheels Monster Trucks - Radau Viska","twitter:description":"Hot Wheels Monster Trucks Remote-controlled car Height: 44 cm Width: 50 cm Length: 70 cm","twitter:image":"https:\/\/radauviska.lt\/wp-content\/uploads\/2025\/08\/Hot-wheels-monster.jpg"},"aioseo_meta_data":{"post_id":"23804","title":null,"description":null,"keywords":null,"keyphrases":{"focus":{"keyphrase":"HotWheels","score":70,"analysis":{"keyphraseInTitle":{"score":9,"maxScore":9,"error":0},"keyphraseInDescription":{"score":9,"maxScore":9,"error":0},"keyphraseLength":{"score":9,"maxScore":9,"error":0,"length":1},"keyphraseInURL":{"score":5,"maxScore":5,"error":0},"keyphraseInIntroduction":{"score":3,"maxScore":9,"error":1},"keyphraseInSubHeadings":[],"keyphraseInImageAlt":[],"keywordDensity":{"type":"high","score":0,"maxScore":9,"error":1}}},"additional":[{"keyphrase":"HotWheels","score":58,"analysis":{"keyphraseInDescription":{"score":9,"maxScore":9,"error":0},"keyphraseLength":{"score":9,"maxScore":9,"error":0,"length":1},"keyphraseInIntroduction":{"score":3,"maxScore":9,"error":1},"keyphraseInImageAlt":[],"keywordDensity":{"type":"high","score":0,"maxScore":9,"error":1}}},{"keyphrase":"ma\u0161in\u0117l\u0117","score":42,"analysis":{"keyphraseInDescription":{"score":3,"maxScore":9,"error":1},"keyphraseLength":{"score":9,"maxScore":9,"error":0,"length":3},"keyphraseInIntroduction":{"score":3,"maxScore":9,"error":1},"keyphraseInImageAlt":[],"keywordDensity":{"score":0,"type":"low","maxScore":9,"error":1}}}]},"primary_term":null,"canonical_url":null,"og_title":null,"og_description":null,"og_object_type":"default","og_image_type":"default","og_image_url":null,"og_image_width":null,"og_image_height":null,"og_image_custom_url":null,"og_image_custom_fields":null,"og_video":"","og_custom_url":null,"og_article_section":null,"og_article_tags":null,"twitter_use_og":false,"twitter_card":"default","twitter_image_type":"default","twitter_image_url":null,"twitter_image_custom_url":null,"twitter_image_custom_fields":null,"twitter_title":null,"twitter_description":null,"schema":{"blockGraphs":[],"customGraphs":[],"default":{"data":{"Article":[],"Course":[],"Dataset":[],"FAQPage":[],"Movie":[],"Person":[],"Product":[],"ProductReview":[],"Car":[],"Recipe":[],"Service":[],"SoftwareApplication":[],"WebPage":[]},"graphName":"ItemPage","isEnabled":true},"graphs":[]},"schema_type":"default","schema_type_options":null,"pillar_content":false,"robots_default":true,"robots_noindex":false,"robots_noarchive":false,"robots_nosnippet":false,"robots_nofollow":false,"robots_noimageindex":false,"robots_noodp":false,"robots_notranslate":false,"robots_max_snippet":"-1","robots_max_videopreview":"-1","robots_max_imagepreview":"large","priority":null,"frequency":"default","local_seo":null,"seo_analyzer_scan_date":"2025-10-09 02:10:25","breadcrumb_settings":null,"limit_modified_date":false,"reviewed_by":"0","open_ai":null,"ai":{"faqs":[],"keyPoints":[],"titles":[],"descriptions":[],"socialPosts":{"email":[],"linkedin":[],"twitter":[],"facebook":[],"instagram":[]}},"created":"2025-08-20 12:55:41","updated":"2025-10-09 02:10:25"},"aioseo_breadcrumb":"<div class=\"aioseo-breadcrumbs\"><span class=\"aioseo-breadcrumb\">\n\t<a href=\"https:\/\/radauviska.lt\/en\/\" title=\"Home\">Home<\/a>\n<\/span><span class=\"aioseo-breadcrumb-separator\">&raquo;<\/span><span class=\"aioseo-breadcrumb\">\n\t<a href=\"https:\/\/radauviska.lt\/en\/shop\/\" title=\"Shop\">Shop<\/a>\n<\/span><span class=\"aioseo-breadcrumb-separator\">&raquo;<\/span><span class=\"aioseo-breadcrumb\">\n\t<a href=\"https:\/\/radauviska.lt\/en\/product-category\/news\/\" title=\"News!\">News!<\/a>\n<\/span><span class=\"aioseo-breadcrumb-separator\">&raquo;<\/span><span class=\"aioseo-breadcrumb\">\n\tHot Wheels Monster Trucks\n<\/span><\/div>","aioseo_breadcrumb_json":[{"label":"Home","link":"https:\/\/radauviska.lt\/en\/"},{"label":"Shop","link":"https:\/\/radauviska.lt\/en\/shop\/"},{"label":"News!","link":"https:\/\/radauviska.lt\/en\/product-category\/news\/"},{"label":"Hot Wheels Monster Trucks","link":"https:\/\/radauviska.lt\/en\/product\/hot-wheels-monster-trucks\/"}],"_links":{"self":[{"href":"https:\/\/radauviska.lt\/en\/wp-json\/wp\/v2\/product\/23804","targetHints":{"allow":["GET"]}}],"collection":[{"href":"https:\/\/radauviska.lt\/en\/wp-json\/wp\/v2\/product"}],"about":[{"href":"https:\/\/radauviska.lt\/en\/wp-json\/wp\/v2\/types\/product"}],"replies":[{"embeddable":true,"href":"https:\/\/radauviska.lt\/en\/wp-json\/wp\/v2\/comments?post=23804"}],"version-history":[{"count":0,"href":"https:\/\/radauviska.lt\/en\/wp-json\/wp\/v2\/product\/23804\/revisions"}],"wp:featuredmedia":[{"embeddable":true,"href":"https:\/\/radauviska.lt\/en\/wp-json\/wp\/v2\/media\/23627"}],"wp:attachment":[{"href":"https:\/\/radauviska.lt\/en\/wp-json\/wp\/v2\/media?parent=23804"}],"wp:term":[{"taxonomy":"product_brand","embeddable":true,"href":"https:\/\/radauviska.lt\/en\/wp-json\/wp\/v2\/product_brand?post=23804"},{"taxonomy":"product_cat","embeddable":true,"href":"https:\/\/radauviska.lt\/en\/wp-json\/wp\/v2\/product_cat?post=23804"},{"taxonomy":"product_tag","embeddable":true,"href":"https:\/\/radauviska.lt\/en\/wp-json\/wp\/v2\/product_tag?post=23804"}],"curies":[{"name":"wp","href":"https:\/\/api.w.org\/{rel}","templated":true}]}}