{"id":23318,"date":"2023-08-03T11:34:37","date_gmt":"2023-08-03T11:34:37","guid":{"rendered":"https:\/\/radauviska.lt\/product\/visar-ip-camera-with-fixed-lens-black\/"},"modified":"2023-08-03T11:34:37","modified_gmt":"2023-08-03T11:34:37","slug":"visar-ip-camera-with-fixed-lens-black","status":"publish","type":"product","link":"https:\/\/radauviska.lt\/en\/product\/visar-ip-camera-with-fixed-lens-black\/","title":{"rendered":"VISAR IP CAMERA WITH FIXED LENS, BLACK"},"content":{"rendered":"<h1>VSC IPT4BLS3F28D, 4MP H.265 IP CAMERA WITH FIXED LENS, BLACK <\/h1>\n<p>Manufacturer: VISAR<br \/>\nHousing type: Cylinder<br \/>\nResolution: 4 megapixels<br \/>\nLens type: Fixed<\/p>\n<p>Image sensor: 1\/2.7&#8221; CMOS<br \/>\nPixel count: 2560\u00d71440<br \/>\nElectronic Shutter Speed: 1\/25 s to 1\/100,000 s<br \/>\nMinimum illumination: 0.011 lux @ F1.2, AGC ON, 0 lux with IR<br \/>0.004 lux @ F2.26, AGC ON, 0 lux with IR<br \/>\nLens: 2.8mm @ F2.0, horizontal field of view: 110\u00b0<br \/>\nWDR: digital WDR<br \/>\nBLC: yes<br \/>\nHLC: yes<br \/>\nDefog: yes<br \/>\nDigital NR: 3D DNR<br \/>\nVideo compression: H.265 \/ H.264<br \/>\nResolution: 4MP (2560 \u00d7 1440), 3MP (2304 \u00d7 1296), 1080P (1920 \u00d7 1080), 720P (1280 \u00d7 720), D1, CIF, 480 \u00d7 240<br \/>\nMain stream: 4MP\/3MP\/1080P (1~25fps)<br \/>\nSecondary stream: 720P (112fps) \/ D1 (125fps) \/ CIF (1~25fps)<br \/>\nThird stream: D1 \/ CIF \/ 480&#215;240 (1~25fps)<br \/>\nTransmission Bitrate: 64 Kbps to 5 Mbps<br \/>\nTransmission Type: VBR \/ CBR (Variable Bit Rate \/ Constant Bit Rate)<br \/>\nNetwork Interface: RJ45<br \/>\nNetwork Protocols: UDP, DHCP, NTP, RTSP, PPPoE, DDNS, SMTP, FTP, 802.1x, UPnP, HTTP, HTTPS, QoS<br \/>\nGeneral protocol: ONVIF, GB-T\/28181-2011<br \/>\nPoE: yes<br \/>\nIR illumination: 20 ~ 30 m<br \/>\nWater Resistance: IP67<br \/>\nPower Supply: DC 12V \/ PoE<br \/>\nCurrent consumption: &lt; 5W<br \/>\nOperating temperature: &#8211; 30 \u00b0C ~ 60 \u00b0C<br \/>\nJunction Box: VSB IPT12D, VSB IPT9D<\/p>\n<p>&nbsp;<\/p>\n","protected":false},"excerpt":{"rendered":"<h4>VSC IPT4BLS3F28D, 4MP H.265 IP CAMERA WITH FIXED LENS, BLACK <\/h4>\n<p>Manufacturer: VISAR<br \/>\nHousing type: Cylinder<br \/>\nResolution: 4 megapixels<br \/>\nLens type: Fixed<\/p>\n<p>&nbsp;<\/p>\n","protected":false},"featured_media":21261,"comment_status":"open","ping_status":"closed","template":"","meta":{"_acf_changed":false,"om_disable_all_campaigns":false,"_monsterinsights_skip_tracking":false,"_monsterinsights_sitenote_active":false,"_monsterinsights_sitenote_note":"","_monsterinsights_sitenote_category":0},"product_brand":[],"product_cat":[2474,2276,2450,2150],"product_tag":[3471,3465,3479,3481,3480,2732],"class_list":{"0":"post-23318","1":"product","2":"type-product","3":"status-publish","4":"has-post-thumbnail","6":"product_cat-ip-cameras-en-2","7":"product_cat-promotions","8":"product_cat-video-surveillance-systems","9":"product_cat-visar-en","10":"product_tag-4-megapixels","11":"product_tag-4mp-en","12":"product_tag-black-camera","13":"product_tag-camera-with-fixed-lens","14":"product_tag-video-camera","15":"product_tag-visar-en","17":"first","18":"instock","19":"sale","20":"taxable","21":"shipping-taxable","22":"purchasable","23":"product-type-simple"},"acf":[],"aioseo_notices":[],"aioseo_head":"\n\t\t<!-- All in One SEO Pro 4.9.5.2 - aioseo.com -->\n\t<meta name=\"description\" content=\"VSC IPT4BLS3F28D, 4MP H.265 IP CAMERA WITH FIXED LENS, BLACK Manufacturer: VISAR Housing type: Cylinder Resolution: 4 megapixels Lens type: Fixed\" \/>\n\t<meta name=\"robots\" content=\"max-image-preview:large\" \/>\n\t<link rel=\"canonical\" href=\"https:\/\/radauviska.lt\/en\/product\/visar-ip-camera-with-fixed-lens-black\/\" \/>\n\t<meta name=\"generator\" content=\"All in One SEO Pro (AIOSEO) 4.9.5.2\" \/>\n\t\t<meta property=\"og:locale\" content=\"en_US\" \/>\n\t\t<meta property=\"og:site_name\" content=\"Radau Viska -\" \/>\n\t\t<meta property=\"og:type\" content=\"article\" \/>\n\t\t<meta property=\"og:title\" content=\"VISAR IP CAMERA WITH FIXED LENS, BLACK\" \/>\n\t\t<meta property=\"og:description\" content=\"VSC IPT4BLS3F28D, 4MP H.265 IP CAMERA WITH FIXED LENS, BLACK Manufacturer: VISAR Housing type: Cylinder Resolution: 4 megapixels Lens type: Fixed\" \/>\n\t\t<meta property=\"og:url\" content=\"https:\/\/radauviska.lt\/en\/product\/visar-ip-camera-with-fixed-lens-black\/\" \/>\n\t\t<meta property=\"og:image\" content=\"https:\/\/radauviska.lt\/wp-content\/uploads\/2023\/08\/3.jpg\" \/>\n\t\t<meta property=\"og:image:secure_url\" content=\"https:\/\/radauviska.lt\/wp-content\/uploads\/2023\/08\/3.jpg\" \/>\n\t\t<meta property=\"og:image:width\" content=\"388\" \/>\n\t\t<meta property=\"og:image:height\" content=\"388\" \/>\n\t\t<meta property=\"article:published_time\" content=\"2023-08-03T11:34:37+00:00\" \/>\n\t\t<meta property=\"article:modified_time\" content=\"2023-08-03T11:34:37+00:00\" \/>\n\t\t<meta property=\"article:publisher\" content=\"https:\/\/www.facebook.com\/profile.php?id=100093269785891\" \/>\n\t\t<meta name=\"twitter:card\" content=\"summary_large_image\" \/>\n\t\t<meta name=\"twitter:title\" content=\"VISAR IP CAMERA WITH FIXED LENS, BLACK\" \/>\n\t\t<meta name=\"twitter:description\" content=\"VSC IPT4BLS3F28D, 4MP H.265 IP CAMERA WITH FIXED LENS, BLACK Manufacturer: VISAR Housing type: Cylinder Resolution: 4 megapixels Lens type: Fixed\" \/>\n\t\t<meta name=\"twitter:image\" content=\"https:\/\/radauviska.lt\/wp-content\/uploads\/2023\/08\/3.jpg\" \/>\n\t\t<script type=\"application\/ld+json\" class=\"aioseo-schema\">\n\t\t\t{\"@context\":\"https:\\\/\\\/schema.org\",\"@graph\":[{\"@type\":\"BreadcrumbList\",\"@id\":\"https:\\\/\\\/radauviska.lt\\\/en\\\/product\\\/visar-ip-camera-with-fixed-lens-black\\\/#breadcrumblist\",\"itemListElement\":[{\"@type\":\"ListItem\",\"@id\":\"https:\\\/\\\/radauviska.lt\\\/en\\\/#listItem\",\"position\":1,\"name\":\"Home\",\"item\":\"https:\\\/\\\/radauviska.lt\\\/en\\\/\",\"nextItem\":{\"@type\":\"ListItem\",\"@id\":\"https:\\\/\\\/radauviska.lt\\\/en\\\/shop\\\/#listItem\",\"name\":\"Shop\"}},{\"@type\":\"ListItem\",\"@id\":\"https:\\\/\\\/radauviska.lt\\\/en\\\/shop\\\/#listItem\",\"position\":2,\"name\":\"Shop\",\"item\":\"https:\\\/\\\/radauviska.lt\\\/en\\\/shop\\\/\",\"nextItem\":{\"@type\":\"ListItem\",\"@id\":\"https:\\\/\\\/radauviska.lt\\\/en\\\/product-category\\\/security-systems\\\/#listItem\",\"name\":\"Security Systems\"},\"previousItem\":{\"@type\":\"ListItem\",\"@id\":\"https:\\\/\\\/radauviska.lt\\\/en\\\/#listItem\",\"name\":\"Home\"}},{\"@type\":\"ListItem\",\"@id\":\"https:\\\/\\\/radauviska.lt\\\/en\\\/product-category\\\/security-systems\\\/#listItem\",\"position\":3,\"name\":\"Security Systems\",\"item\":\"https:\\\/\\\/radauviska.lt\\\/en\\\/product-category\\\/security-systems\\\/\",\"nextItem\":{\"@type\":\"ListItem\",\"@id\":\"https:\\\/\\\/radauviska.lt\\\/en\\\/product-category\\\/security-systems\\\/video-surveillance-systems\\\/#listItem\",\"name\":\"Video Surveillance Systems\"},\"previousItem\":{\"@type\":\"ListItem\",\"@id\":\"https:\\\/\\\/radauviska.lt\\\/en\\\/shop\\\/#listItem\",\"name\":\"Shop\"}},{\"@type\":\"ListItem\",\"@id\":\"https:\\\/\\\/radauviska.lt\\\/en\\\/product-category\\\/security-systems\\\/video-surveillance-systems\\\/#listItem\",\"position\":4,\"name\":\"Video Surveillance Systems\",\"item\":\"https:\\\/\\\/radauviska.lt\\\/en\\\/product-category\\\/security-systems\\\/video-surveillance-systems\\\/\",\"nextItem\":{\"@type\":\"ListItem\",\"@id\":\"https:\\\/\\\/radauviska.lt\\\/en\\\/product-category\\\/security-systems\\\/video-surveillance-systems\\\/visar-en\\\/#listItem\",\"name\":\"VISAR\"},\"previousItem\":{\"@type\":\"ListItem\",\"@id\":\"https:\\\/\\\/radauviska.lt\\\/en\\\/product-category\\\/security-systems\\\/#listItem\",\"name\":\"Security Systems\"}},{\"@type\":\"ListItem\",\"@id\":\"https:\\\/\\\/radauviska.lt\\\/en\\\/product-category\\\/security-systems\\\/video-surveillance-systems\\\/visar-en\\\/#listItem\",\"position\":5,\"name\":\"VISAR\",\"item\":\"https:\\\/\\\/radauviska.lt\\\/en\\\/product-category\\\/security-systems\\\/video-surveillance-systems\\\/visar-en\\\/\",\"nextItem\":{\"@type\":\"ListItem\",\"@id\":\"https:\\\/\\\/radauviska.lt\\\/en\\\/product-category\\\/security-systems\\\/video-surveillance-systems\\\/visar-en\\\/ip-cameras-en-2\\\/#listItem\",\"name\":\"IP Cameras\"},\"previousItem\":{\"@type\":\"ListItem\",\"@id\":\"https:\\\/\\\/radauviska.lt\\\/en\\\/product-category\\\/security-systems\\\/video-surveillance-systems\\\/#listItem\",\"name\":\"Video Surveillance Systems\"}},{\"@type\":\"ListItem\",\"@id\":\"https:\\\/\\\/radauviska.lt\\\/en\\\/product-category\\\/security-systems\\\/video-surveillance-systems\\\/visar-en\\\/ip-cameras-en-2\\\/#listItem\",\"position\":6,\"name\":\"IP Cameras\",\"item\":\"https:\\\/\\\/radauviska.lt\\\/en\\\/product-category\\\/security-systems\\\/video-surveillance-systems\\\/visar-en\\\/ip-cameras-en-2\\\/\",\"nextItem\":{\"@type\":\"ListItem\",\"@id\":\"https:\\\/\\\/radauviska.lt\\\/en\\\/product\\\/visar-ip-camera-with-fixed-lens-black\\\/#listItem\",\"name\":\"VISAR IP CAMERA WITH FIXED LENS, BLACK\"},\"previousItem\":{\"@type\":\"ListItem\",\"@id\":\"https:\\\/\\\/radauviska.lt\\\/en\\\/product-category\\\/security-systems\\\/video-surveillance-systems\\\/visar-en\\\/#listItem\",\"name\":\"VISAR\"}},{\"@type\":\"ListItem\",\"@id\":\"https:\\\/\\\/radauviska.lt\\\/en\\\/product\\\/visar-ip-camera-with-fixed-lens-black\\\/#listItem\",\"position\":7,\"name\":\"VISAR IP CAMERA WITH FIXED LENS, BLACK\",\"previousItem\":{\"@type\":\"ListItem\",\"@id\":\"https:\\\/\\\/radauviska.lt\\\/en\\\/product-category\\\/security-systems\\\/video-surveillance-systems\\\/visar-en\\\/ip-cameras-en-2\\\/#listItem\",\"name\":\"IP Cameras\"}}]},{\"@type\":\"ItemPage\",\"@id\":\"https:\\\/\\\/radauviska.lt\\\/en\\\/product\\\/visar-ip-camera-with-fixed-lens-black\\\/#itempage\",\"url\":\"https:\\\/\\\/radauviska.lt\\\/en\\\/product\\\/visar-ip-camera-with-fixed-lens-black\\\/\",\"name\":\"VISAR IP CAMERA WITH FIXED LENS, BLACK\",\"description\":\"VSC IPT4BLS3F28D, 4MP H.265 IP CAMERA WITH FIXED LENS, BLACK Manufacturer: VISAR Housing type: Cylinder Resolution: 4 megapixels Lens type: Fixed\",\"inLanguage\":\"en-US\",\"isPartOf\":{\"@id\":\"https:\\\/\\\/radauviska.lt\\\/en\\\/#website\"},\"breadcrumb\":{\"@id\":\"https:\\\/\\\/radauviska.lt\\\/en\\\/product\\\/visar-ip-camera-with-fixed-lens-black\\\/#breadcrumblist\"},\"image\":{\"@type\":\"ImageObject\",\"url\":\"https:\\\/\\\/radauviska.lt\\\/wp-content\\\/uploads\\\/2023\\\/08\\\/3.jpg\",\"@id\":\"https:\\\/\\\/radauviska.lt\\\/en\\\/product\\\/visar-ip-camera-with-fixed-lens-black\\\/#mainImage\",\"width\":388,\"height\":388},\"primaryImageOfPage\":{\"@id\":\"https:\\\/\\\/radauviska.lt\\\/en\\\/product\\\/visar-ip-camera-with-fixed-lens-black\\\/#mainImage\"},\"datePublished\":\"2023-08-03T11:34:37+00:00\",\"dateModified\":\"2023-08-03T11:34:37+00:00\"},{\"@type\":\"Organization\",\"@id\":\"https:\\\/\\\/radauviska.lt\\\/en\\\/#organization\",\"name\":\"Radau Viska\",\"url\":\"https:\\\/\\\/radauviska.lt\\\/en\\\/\",\"telephone\":\"+37067580618\",\"logo\":{\"@type\":\"ImageObject\",\"url\":\"https:\\\/\\\/radauviska.lt\\\/wp-content\\\/uploads\\\/2024\\\/04\\\/huge-removebg-preview-2.png\",\"@id\":\"https:\\\/\\\/radauviska.lt\\\/en\\\/product\\\/visar-ip-camera-with-fixed-lens-black\\\/#organizationLogo\",\"width\":821,\"height\":304},\"image\":{\"@id\":\"https:\\\/\\\/radauviska.lt\\\/en\\\/product\\\/visar-ip-camera-with-fixed-lens-black\\\/#organizationLogo\"},\"sameAs\":[\"https:\\\/\\\/www.facebook.com\\\/profile.php?id=100093269785891\",\"https:\\\/\\\/www.instagram.com\\\/radauviska.lt\\\/\"]},{\"@type\":\"WebPage\",\"@id\":\"https:\\\/\\\/radauviska.lt\\\/en\\\/product\\\/visar-ip-camera-with-fixed-lens-black\\\/#webpage\",\"url\":\"https:\\\/\\\/radauviska.lt\\\/en\\\/product\\\/visar-ip-camera-with-fixed-lens-black\\\/\",\"name\":\"VISAR IP CAMERA WITH FIXED LENS, BLACK\",\"description\":\"VSC IPT4BLS3F28D, 4MP H.265 IP CAMERA WITH FIXED LENS, BLACK Manufacturer: VISAR Housing type: Cylinder Resolution: 4 megapixels Lens type: Fixed\",\"inLanguage\":\"en-US\",\"isPartOf\":{\"@id\":\"https:\\\/\\\/radauviska.lt\\\/en\\\/#website\"},\"breadcrumb\":{\"@id\":\"https:\\\/\\\/radauviska.lt\\\/en\\\/product\\\/visar-ip-camera-with-fixed-lens-black\\\/#breadcrumblist\"},\"image\":{\"@type\":\"ImageObject\",\"url\":\"https:\\\/\\\/radauviska.lt\\\/wp-content\\\/uploads\\\/2023\\\/08\\\/3.jpg\",\"@id\":\"https:\\\/\\\/radauviska.lt\\\/en\\\/product\\\/visar-ip-camera-with-fixed-lens-black\\\/#mainImage\",\"width\":388,\"height\":388},\"primaryImageOfPage\":{\"@id\":\"https:\\\/\\\/radauviska.lt\\\/en\\\/product\\\/visar-ip-camera-with-fixed-lens-black\\\/#mainImage\"},\"datePublished\":\"2023-08-03T11:34:37+00:00\",\"dateModified\":\"2023-08-03T11:34:37+00:00\"},{\"@type\":\"WebSite\",\"@id\":\"https:\\\/\\\/radauviska.lt\\\/en\\\/#website\",\"url\":\"https:\\\/\\\/radauviska.lt\\\/en\\\/\",\"name\":\"www.radauviska.lt\",\"alternateName\":\"Radau visk\\u0105\",\"inLanguage\":\"en-US\",\"publisher\":{\"@id\":\"https:\\\/\\\/radauviska.lt\\\/en\\\/#organization\"}}]}\n\t\t<\/script>\n\t\t<!-- All in One SEO Pro -->\r\n\t\t<title>VISAR IP CAMERA WITH FIXED LENS, BLACK<\/title>\n\n","aioseo_head_json":{"title":"VISAR IP CAMERA WITH FIXED LENS, BLACK","description":"VSC IPT4BLS3F28D, 4MP H.265 IP CAMERA WITH FIXED LENS, BLACK Manufacturer: VISAR Housing type: Cylinder Resolution: 4 megapixels Lens type: Fixed","canonical_url":"https:\/\/radauviska.lt\/en\/product\/visar-ip-camera-with-fixed-lens-black\/","robots":"max-image-preview:large","keywords":"","webmasterTools":{"miscellaneous":""},"schema":{"@context":"https:\/\/schema.org","@graph":[{"@type":"BreadcrumbList","@id":"https:\/\/radauviska.lt\/en\/product\/visar-ip-camera-with-fixed-lens-black\/#breadcrumblist","itemListElement":[{"@type":"ListItem","@id":"https:\/\/radauviska.lt\/en\/#listItem","position":1,"name":"Home","item":"https:\/\/radauviska.lt\/en\/","nextItem":{"@type":"ListItem","@id":"https:\/\/radauviska.lt\/en\/shop\/#listItem","name":"Shop"}},{"@type":"ListItem","@id":"https:\/\/radauviska.lt\/en\/shop\/#listItem","position":2,"name":"Shop","item":"https:\/\/radauviska.lt\/en\/shop\/","nextItem":{"@type":"ListItem","@id":"https:\/\/radauviska.lt\/en\/product-category\/security-systems\/#listItem","name":"Security Systems"},"previousItem":{"@type":"ListItem","@id":"https:\/\/radauviska.lt\/en\/#listItem","name":"Home"}},{"@type":"ListItem","@id":"https:\/\/radauviska.lt\/en\/product-category\/security-systems\/#listItem","position":3,"name":"Security Systems","item":"https:\/\/radauviska.lt\/en\/product-category\/security-systems\/","nextItem":{"@type":"ListItem","@id":"https:\/\/radauviska.lt\/en\/product-category\/security-systems\/video-surveillance-systems\/#listItem","name":"Video Surveillance Systems"},"previousItem":{"@type":"ListItem","@id":"https:\/\/radauviska.lt\/en\/shop\/#listItem","name":"Shop"}},{"@type":"ListItem","@id":"https:\/\/radauviska.lt\/en\/product-category\/security-systems\/video-surveillance-systems\/#listItem","position":4,"name":"Video Surveillance Systems","item":"https:\/\/radauviska.lt\/en\/product-category\/security-systems\/video-surveillance-systems\/","nextItem":{"@type":"ListItem","@id":"https:\/\/radauviska.lt\/en\/product-category\/security-systems\/video-surveillance-systems\/visar-en\/#listItem","name":"VISAR"},"previousItem":{"@type":"ListItem","@id":"https:\/\/radauviska.lt\/en\/product-category\/security-systems\/#listItem","name":"Security Systems"}},{"@type":"ListItem","@id":"https:\/\/radauviska.lt\/en\/product-category\/security-systems\/video-surveillance-systems\/visar-en\/#listItem","position":5,"name":"VISAR","item":"https:\/\/radauviska.lt\/en\/product-category\/security-systems\/video-surveillance-systems\/visar-en\/","nextItem":{"@type":"ListItem","@id":"https:\/\/radauviska.lt\/en\/product-category\/security-systems\/video-surveillance-systems\/visar-en\/ip-cameras-en-2\/#listItem","name":"IP Cameras"},"previousItem":{"@type":"ListItem","@id":"https:\/\/radauviska.lt\/en\/product-category\/security-systems\/video-surveillance-systems\/#listItem","name":"Video Surveillance Systems"}},{"@type":"ListItem","@id":"https:\/\/radauviska.lt\/en\/product-category\/security-systems\/video-surveillance-systems\/visar-en\/ip-cameras-en-2\/#listItem","position":6,"name":"IP Cameras","item":"https:\/\/radauviska.lt\/en\/product-category\/security-systems\/video-surveillance-systems\/visar-en\/ip-cameras-en-2\/","nextItem":{"@type":"ListItem","@id":"https:\/\/radauviska.lt\/en\/product\/visar-ip-camera-with-fixed-lens-black\/#listItem","name":"VISAR IP CAMERA WITH FIXED LENS, BLACK"},"previousItem":{"@type":"ListItem","@id":"https:\/\/radauviska.lt\/en\/product-category\/security-systems\/video-surveillance-systems\/visar-en\/#listItem","name":"VISAR"}},{"@type":"ListItem","@id":"https:\/\/radauviska.lt\/en\/product\/visar-ip-camera-with-fixed-lens-black\/#listItem","position":7,"name":"VISAR IP CAMERA WITH FIXED LENS, BLACK","previousItem":{"@type":"ListItem","@id":"https:\/\/radauviska.lt\/en\/product-category\/security-systems\/video-surveillance-systems\/visar-en\/ip-cameras-en-2\/#listItem","name":"IP Cameras"}}]},{"@type":"ItemPage","@id":"https:\/\/radauviska.lt\/en\/product\/visar-ip-camera-with-fixed-lens-black\/#itempage","url":"https:\/\/radauviska.lt\/en\/product\/visar-ip-camera-with-fixed-lens-black\/","name":"VISAR IP CAMERA WITH FIXED LENS, BLACK","description":"VSC IPT4BLS3F28D, 4MP H.265 IP CAMERA WITH FIXED LENS, BLACK Manufacturer: VISAR Housing type: Cylinder Resolution: 4 megapixels Lens type: Fixed","inLanguage":"en-US","isPartOf":{"@id":"https:\/\/radauviska.lt\/en\/#website"},"breadcrumb":{"@id":"https:\/\/radauviska.lt\/en\/product\/visar-ip-camera-with-fixed-lens-black\/#breadcrumblist"},"image":{"@type":"ImageObject","url":"https:\/\/radauviska.lt\/wp-content\/uploads\/2023\/08\/3.jpg","@id":"https:\/\/radauviska.lt\/en\/product\/visar-ip-camera-with-fixed-lens-black\/#mainImage","width":388,"height":388},"primaryImageOfPage":{"@id":"https:\/\/radauviska.lt\/en\/product\/visar-ip-camera-with-fixed-lens-black\/#mainImage"},"datePublished":"2023-08-03T11:34:37+00:00","dateModified":"2023-08-03T11:34:37+00:00"},{"@type":"Organization","@id":"https:\/\/radauviska.lt\/en\/#organization","name":"Radau Viska","url":"https:\/\/radauviska.lt\/en\/","telephone":"+37067580618","logo":{"@type":"ImageObject","url":"https:\/\/radauviska.lt\/wp-content\/uploads\/2024\/04\/huge-removebg-preview-2.png","@id":"https:\/\/radauviska.lt\/en\/product\/visar-ip-camera-with-fixed-lens-black\/#organizationLogo","width":821,"height":304},"image":{"@id":"https:\/\/radauviska.lt\/en\/product\/visar-ip-camera-with-fixed-lens-black\/#organizationLogo"},"sameAs":["https:\/\/www.facebook.com\/profile.php?id=100093269785891","https:\/\/www.instagram.com\/radauviska.lt\/"]},{"@type":"WebPage","@id":"https:\/\/radauviska.lt\/en\/product\/visar-ip-camera-with-fixed-lens-black\/#webpage","url":"https:\/\/radauviska.lt\/en\/product\/visar-ip-camera-with-fixed-lens-black\/","name":"VISAR IP CAMERA WITH FIXED LENS, BLACK","description":"VSC IPT4BLS3F28D, 4MP H.265 IP CAMERA WITH FIXED LENS, BLACK Manufacturer: VISAR Housing type: Cylinder Resolution: 4 megapixels Lens type: Fixed","inLanguage":"en-US","isPartOf":{"@id":"https:\/\/radauviska.lt\/en\/#website"},"breadcrumb":{"@id":"https:\/\/radauviska.lt\/en\/product\/visar-ip-camera-with-fixed-lens-black\/#breadcrumblist"},"image":{"@type":"ImageObject","url":"https:\/\/radauviska.lt\/wp-content\/uploads\/2023\/08\/3.jpg","@id":"https:\/\/radauviska.lt\/en\/product\/visar-ip-camera-with-fixed-lens-black\/#mainImage","width":388,"height":388},"primaryImageOfPage":{"@id":"https:\/\/radauviska.lt\/en\/product\/visar-ip-camera-with-fixed-lens-black\/#mainImage"},"datePublished":"2023-08-03T11:34:37+00:00","dateModified":"2023-08-03T11:34:37+00:00"},{"@type":"WebSite","@id":"https:\/\/radauviska.lt\/en\/#website","url":"https:\/\/radauviska.lt\/en\/","name":"www.radauviska.lt","alternateName":"Radau visk\u0105","inLanguage":"en-US","publisher":{"@id":"https:\/\/radauviska.lt\/en\/#organization"}}]},"og:locale":"en_US","og:site_name":"Radau Viska -","og:type":"article","og:title":"VISAR IP CAMERA WITH FIXED LENS, BLACK","og:description":"VSC IPT4BLS3F28D, 4MP H.265 IP CAMERA WITH FIXED LENS, BLACK Manufacturer: VISAR Housing type: Cylinder Resolution: 4 megapixels Lens type: Fixed","og:url":"https:\/\/radauviska.lt\/en\/product\/visar-ip-camera-with-fixed-lens-black\/","og:image":"https:\/\/radauviska.lt\/wp-content\/uploads\/2023\/08\/3.jpg","og:image:secure_url":"https:\/\/radauviska.lt\/wp-content\/uploads\/2023\/08\/3.jpg","og:image:width":388,"og:image:height":388,"article:published_time":"2023-08-03T11:34:37+00:00","article:modified_time":"2023-08-03T11:34:37+00:00","article:publisher":"https:\/\/www.facebook.com\/profile.php?id=100093269785891","twitter:card":"summary_large_image","twitter:title":"VISAR IP CAMERA WITH FIXED LENS, BLACK","twitter:description":"VSC IPT4BLS3F28D, 4MP H.265 IP CAMERA WITH FIXED LENS, BLACK Manufacturer: VISAR Housing type: Cylinder Resolution: 4 megapixels Lens type: Fixed","twitter:image":"https:\/\/radauviska.lt\/wp-content\/uploads\/2023\/08\/3.jpg"},"aioseo_meta_data":{"post_id":"23318","title":"#post_title","description":null,"keywords":null,"keyphrases":{"focus":{"keyphrase":"IP KAMERA","score":88,"analysis":{"keyphraseInTitle":{"score":9,"maxScore":9,"error":0},"keyphraseInDescription":{"score":9,"maxScore":9,"error":0},"keyphraseLength":{"score":9,"maxScore":9,"error":0,"length":2},"keyphraseInURL":{"score":5,"maxScore":5,"error":0},"keyphraseInIntroduction":{"score":3,"maxScore":9,"error":1},"keyphraseInSubHeadings":[],"keyphraseInImageAlt":[],"keywordDensity":{"type":"best","score":9,"maxScore":9,"error":0}}},"additional":[{"keyphrase":"IP KAMERA","score":83,"analysis":{"keyphraseInDescription":{"score":9,"maxScore":9,"error":0},"keyphraseLength":{"score":9,"maxScore":9,"error":0,"length":2},"keyphraseInIntroduction":{"score":3,"maxScore":9,"error":1},"keyphraseInImageAlt":[],"keywordDensity":{"type":"best","score":9,"maxScore":9,"error":0}}}]},"primary_term":null,"canonical_url":null,"og_title":null,"og_description":null,"og_object_type":"default","og_image_type":"default","og_image_url":null,"og_image_width":null,"og_image_height":null,"og_image_custom_url":null,"og_image_custom_fields":null,"og_video":"","og_custom_url":null,"og_article_section":null,"og_article_tags":null,"twitter_use_og":false,"twitter_card":"default","twitter_image_type":"default","twitter_image_url":null,"twitter_image_custom_url":null,"twitter_image_custom_fields":null,"twitter_title":null,"twitter_description":null,"schema":{"blockGraphs":[],"customGraphs":[],"default":{"data":{"Article":[],"Course":[],"Dataset":[],"FAQPage":[],"Movie":[],"Person":[],"Product":[],"ProductReview":[],"Car":[],"Recipe":[],"Service":[],"SoftwareApplication":[],"WebPage":[]},"graphName":"ItemPage","isEnabled":true},"graphs":[]},"schema_type":"default","schema_type_options":null,"pillar_content":false,"robots_default":true,"robots_noindex":false,"robots_noarchive":false,"robots_nosnippet":false,"robots_nofollow":false,"robots_noimageindex":false,"robots_noodp":false,"robots_notranslate":false,"robots_max_snippet":"-1","robots_max_videopreview":"-1","robots_max_imagepreview":"large","priority":null,"frequency":"default","local_seo":null,"seo_analyzer_scan_date":"2025-10-09 04:15:52","breadcrumb_settings":null,"limit_modified_date":false,"reviewed_by":"0","open_ai":"{\"title\":{\"suggestions\":[],\"usage\":0},\"description\":{\"suggestions\":[],\"usage\":0}}","ai":{"faqs":[],"keyPoints":[],"titles":[],"descriptions":[],"socialPosts":{"email":[],"linkedin":[],"twitter":[],"facebook":[],"instagram":[]}},"created":"2025-08-08 10:02:46","updated":"2025-10-21 23:03:13"},"aioseo_breadcrumb":"<div class=\"aioseo-breadcrumbs\"><span class=\"aioseo-breadcrumb\">\n\t<a href=\"https:\/\/radauviska.lt\/en\/\" title=\"Home\">Home<\/a>\n<\/span><span class=\"aioseo-breadcrumb-separator\">&raquo;<\/span><span class=\"aioseo-breadcrumb\">\n\t<a href=\"https:\/\/radauviska.lt\/en\/shop\/\" title=\"Shop\">Shop<\/a>\n<\/span><span class=\"aioseo-breadcrumb-separator\">&raquo;<\/span><span class=\"aioseo-breadcrumb\">\n\t<a href=\"https:\/\/radauviska.lt\/en\/product-category\/security-systems\/\" title=\"Security Systems\">Security Systems<\/a>\n<\/span><span class=\"aioseo-breadcrumb-separator\">&raquo;<\/span><span class=\"aioseo-breadcrumb\">\n\t<a href=\"https:\/\/radauviska.lt\/en\/product-category\/security-systems\/video-surveillance-systems\/\" title=\"Video Surveillance Systems\">Video Surveillance Systems<\/a>\n<\/span><span class=\"aioseo-breadcrumb-separator\">&raquo;<\/span><span class=\"aioseo-breadcrumb\">\n\t<a href=\"https:\/\/radauviska.lt\/en\/product-category\/security-systems\/video-surveillance-systems\/visar-en\/\" title=\"VISAR\">VISAR<\/a>\n<\/span><span class=\"aioseo-breadcrumb-separator\">&raquo;<\/span><span class=\"aioseo-breadcrumb\">\n\t<a href=\"https:\/\/radauviska.lt\/en\/product-category\/security-systems\/video-surveillance-systems\/visar-en\/ip-cameras-en-2\/\" title=\"IP Cameras\">IP Cameras<\/a>\n<\/span><span class=\"aioseo-breadcrumb-separator\">&raquo;<\/span><span class=\"aioseo-breadcrumb\">\n\tVISAR IP CAMERA WITH FIXED LENS, BLACK\n<\/span><\/div>","aioseo_breadcrumb_json":[{"label":"Home","link":"https:\/\/radauviska.lt\/en\/"},{"label":"Shop","link":"https:\/\/radauviska.lt\/en\/shop\/"},{"label":"Security Systems","link":"https:\/\/radauviska.lt\/en\/product-category\/security-systems\/"},{"label":"Video Surveillance Systems","link":"https:\/\/radauviska.lt\/en\/product-category\/security-systems\/video-surveillance-systems\/"},{"label":"VISAR","link":"https:\/\/radauviska.lt\/en\/product-category\/security-systems\/video-surveillance-systems\/visar-en\/"},{"label":"IP Cameras","link":"https:\/\/radauviska.lt\/en\/product-category\/security-systems\/video-surveillance-systems\/visar-en\/ip-cameras-en-2\/"},{"label":"VISAR IP CAMERA WITH FIXED LENS, BLACK","link":"https:\/\/radauviska.lt\/en\/product\/visar-ip-camera-with-fixed-lens-black\/"}],"_links":{"self":[{"href":"https:\/\/radauviska.lt\/en\/wp-json\/wp\/v2\/product\/23318","targetHints":{"allow":["GET"]}}],"collection":[{"href":"https:\/\/radauviska.lt\/en\/wp-json\/wp\/v2\/product"}],"about":[{"href":"https:\/\/radauviska.lt\/en\/wp-json\/wp\/v2\/types\/product"}],"replies":[{"embeddable":true,"href":"https:\/\/radauviska.lt\/en\/wp-json\/wp\/v2\/comments?post=23318"}],"version-history":[{"count":0,"href":"https:\/\/radauviska.lt\/en\/wp-json\/wp\/v2\/product\/23318\/revisions"}],"wp:featuredmedia":[{"embeddable":true,"href":"https:\/\/radauviska.lt\/en\/wp-json\/wp\/v2\/media\/21261"}],"wp:attachment":[{"href":"https:\/\/radauviska.lt\/en\/wp-json\/wp\/v2\/media?parent=23318"}],"wp:term":[{"taxonomy":"product_brand","embeddable":true,"href":"https:\/\/radauviska.lt\/en\/wp-json\/wp\/v2\/product_brand?post=23318"},{"taxonomy":"product_cat","embeddable":true,"href":"https:\/\/radauviska.lt\/en\/wp-json\/wp\/v2\/product_cat?post=23318"},{"taxonomy":"product_tag","embeddable":true,"href":"https:\/\/radauviska.lt\/en\/wp-json\/wp\/v2\/product_tag?post=23318"}],"curies":[{"name":"wp","href":"https:\/\/api.w.org\/{rel}","templated":true}]}}