{"id":22918,"date":"2023-08-03T11:35:17","date_gmt":"2023-08-03T11:35:17","guid":{"rendered":"https:\/\/radauviska.lt\/product\/gsvu-security-system-gsm-communicator\/"},"modified":"2023-08-03T11:35:17","modified_gmt":"2023-08-03T11:35:17","slug":"gsvu-security-system-gsm-communicator","status":"publish","type":"product","link":"https:\/\/radauviska.lt\/en\/product\/gsvu-security-system-gsm-communicator\/","title":{"rendered":"GSVU, SECURITY SYSTEM GSM COMMUNICATOR"},"content":{"rendered":"<h1>GSVU, SECURITY SYSTEM GSM COMMUNICATOR FOR P SERIES CONTROL PANELS<\/h1>\n<p>Product type: security system module<br \/>\nData bus connector: internal KRBUS<br \/>\nData bus protocol: KRBUS<br \/>\nReporting format to security service: CID via GPRS<br \/>\nProtocols used for reporting to the security service: E2, FIBRO, Coded KSP<br \/>\nCompatibility with SECOLINK control panels: suitable for &#8220;P&#8221; series<br \/>\nCompatibility with SG-SYSTEM II, III IP card: available<br \/>\nNumber of phones for reporting: 5<br \/>\nAlarm notification to user: GSM call, SMS, mobile app (Android\/iPhone)<br \/>\nAlarm notification to user via voice message: available<br \/>\nVoice guide: available<br \/>\nRecorded alarm audio messages: available<br \/>\nSMS text language: Lithuanian, national<br \/>\nAvailable languages for voice recordings and guide: Lithuanian, national<br \/>\nRemote system control via GSM call: available<br \/>\nAmbient temperature readings via SMS: available (KM20BT, KM24A\/G)<br \/>\nRemote system control using Android app: available<br \/>\nRemote system control using iPhone app: available<br \/>\nPower supply voltage: 9-14 V DC<br \/>\nCurrent consumption: 180 mA<br \/>\nOverall dimensions W x H: 71 mm x 76 mm<br \/>\nEnvironmental Compliance: ROHS<br \/>\nOperating temperature: from -10\u202f\u00b0C to +50\u202f\u00b0C<br \/>\nProgramming interface for communicator settings: USB<br \/>\nCommunicator firmware update interface: USB<br \/>\nRemote system programming via the internet using the MASCAD application: available<\/p>\n","protected":false},"excerpt":{"rendered":"<h1>GSVU, APSAUGOS SISTEMOS GSM KOMUNIKATORIUS PRIE P SERIJOS CENTRALI\u0172<\/h1>\n<p>Gaminio tipas: apsaugos sistemos modulis<br \/>\nDuomen\u0173 magistral\u0117s jungtis: vidin\u0117 KRBUS<br \/>\nData bus protocol: KRBUS<br \/>\nReporting format to security service: CID via GPRS<br \/>\nProtocols used for reporting to the security service: E2, FIBRO, Coded KSP<br \/>\nSuderinamumas su SECOLINK central\u0117mis: tinkamas \u201eP\u201c serijai<\/p>\n","protected":false},"featured_media":17364,"comment_status":"open","ping_status":"closed","template":"","meta":{"_acf_changed":false,"om_disable_all_campaigns":false,"_monsterinsights_skip_tracking":false,"_monsterinsights_sitenote_active":false,"_monsterinsights_sitenote_note":"","_monsterinsights_sitenote_category":0},"product_brand":[],"product_cat":[2435,2276,2429,2282],"product_tag":[3321,3324,3322,3323,3313],"class_list":{"0":"post-22918","1":"product","2":"type-product","3":"status-publish","4":"has-post-thumbnail","6":"product_cat-modules-en-2","7":"product_cat-promotions","8":"product_cat-secolink-en","9":"product_cat-security-systems","10":"product_tag-communicator-for-p-series-control-panels","11":"product_tag-gsm-gprs-communicator-secolink-gsvu","12":"product_tag-gsvu-en","13":"product_tag-gsvu-security-system","14":"product_tag-secolink-en","16":"first","17":"instock","18":"sale","19":"taxable","20":"shipping-taxable","21":"purchasable","22":"product-type-simple"},"acf":[],"aioseo_notices":[],"aioseo_head":"\n\t\t<!-- All in One SEO Pro 4.9.6.2 - aioseo.com -->\n\t<meta name=\"description\" content=\"GSVU SECURITY SYSTEM GSM COMMUNICATOR FOR P SERIES CONTROL PANELSProduct type: security system moduleData bus connector: internal KRBUS\" \/>\n\t<meta name=\"robots\" content=\"max-image-preview:large\" \/>\n\t<link rel=\"canonical\" href=\"https:\/\/radauviska.lt\/en\/product\/gsvu-security-system-gsm-communicator\/\" \/>\n\t<meta name=\"generator\" content=\"All in One SEO Pro (AIOSEO) 4.9.6.2\" \/>\n\t\t<meta property=\"og:locale\" content=\"en_US\" \/>\n\t\t<meta property=\"og:site_name\" content=\"Radau Viska -\" \/>\n\t\t<meta property=\"og:type\" content=\"article\" \/>\n\t\t<meta property=\"og:title\" content=\"GSVU, SECURITY SYSTEM GSM COMMUNICATOR -\" \/>\n\t\t<meta property=\"og:description\" content=\"GSVU SECURITY SYSTEM GSM COMMUNICATOR FOR P SERIES CONTROL PANELSProduct type: security system moduleData bus connector: internal KRBUS\" \/>\n\t\t<meta property=\"og:url\" content=\"https:\/\/radauviska.lt\/en\/product\/gsvu-security-system-gsm-communicator\/\" \/>\n\t\t<meta property=\"og:image\" content=\"https:\/\/radauviska.lt\/wp-content\/uploads\/2023\/08\/Untitled-design-2023-05-24T153546.257.png\" \/>\n\t\t<meta property=\"og:image:secure_url\" content=\"https:\/\/radauviska.lt\/wp-content\/uploads\/2023\/08\/Untitled-design-2023-05-24T153546.257.png\" \/>\n\t\t<meta property=\"og:image:width\" content=\"500\" \/>\n\t\t<meta property=\"og:image:height\" content=\"500\" \/>\n\t\t<meta property=\"article:published_time\" content=\"2023-08-03T11:35:17+00:00\" \/>\n\t\t<meta property=\"article:modified_time\" content=\"2023-08-03T11:35:17+00:00\" \/>\n\t\t<meta property=\"article:publisher\" content=\"https:\/\/www.facebook.com\/profile.php?id=100093269785891\" \/>\n\t\t<meta name=\"twitter:card\" content=\"summary_large_image\" \/>\n\t\t<meta name=\"twitter:title\" content=\"GSVU, SECURITY SYSTEM GSM COMMUNICATOR -\" \/>\n\t\t<meta name=\"twitter:description\" content=\"GSVU SECURITY SYSTEM GSM COMMUNICATOR FOR P SERIES CONTROL PANELSProduct type: security system moduleData bus connector: internal KRBUS\" \/>\n\t\t<meta name=\"twitter:image\" content=\"https:\/\/radauviska.lt\/wp-content\/uploads\/2023\/08\/Untitled-design-2023-05-24T153546.257.png\" \/>\n\t\t<script type=\"application\/ld+json\" class=\"aioseo-schema\">\n\t\t\t{\"@context\":\"https:\\\/\\\/schema.org\",\"@graph\":[{\"@type\":\"BreadcrumbList\",\"@id\":\"https:\\\/\\\/radauviska.lt\\\/en\\\/product\\\/gsvu-security-system-gsm-communicator\\\/#breadcrumblist\",\"itemListElement\":[{\"@type\":\"ListItem\",\"@id\":\"https:\\\/\\\/radauviska.lt\\\/en\\\/#listItem\",\"position\":1,\"name\":\"Home\",\"item\":\"https:\\\/\\\/radauviska.lt\\\/en\\\/\",\"nextItem\":{\"@type\":\"ListItem\",\"@id\":\"https:\\\/\\\/radauviska.lt\\\/en\\\/shop\\\/#listItem\",\"name\":\"Shop\"}},{\"@type\":\"ListItem\",\"@id\":\"https:\\\/\\\/radauviska.lt\\\/en\\\/shop\\\/#listItem\",\"position\":2,\"name\":\"Shop\",\"item\":\"https:\\\/\\\/radauviska.lt\\\/en\\\/shop\\\/\",\"nextItem\":{\"@type\":\"ListItem\",\"@id\":\"https:\\\/\\\/radauviska.lt\\\/en\\\/product-category\\\/security-systems\\\/#listItem\",\"name\":\"Security Systems\"},\"previousItem\":{\"@type\":\"ListItem\",\"@id\":\"https:\\\/\\\/radauviska.lt\\\/en\\\/#listItem\",\"name\":\"Home\"}},{\"@type\":\"ListItem\",\"@id\":\"https:\\\/\\\/radauviska.lt\\\/en\\\/product-category\\\/security-systems\\\/#listItem\",\"position\":3,\"name\":\"Security Systems\",\"item\":\"https:\\\/\\\/radauviska.lt\\\/en\\\/product-category\\\/security-systems\\\/\",\"nextItem\":{\"@type\":\"ListItem\",\"@id\":\"https:\\\/\\\/radauviska.lt\\\/en\\\/product-category\\\/security-systems\\\/secolink-en\\\/#listItem\",\"name\":\"SECOLINK\"},\"previousItem\":{\"@type\":\"ListItem\",\"@id\":\"https:\\\/\\\/radauviska.lt\\\/en\\\/shop\\\/#listItem\",\"name\":\"Shop\"}},{\"@type\":\"ListItem\",\"@id\":\"https:\\\/\\\/radauviska.lt\\\/en\\\/product-category\\\/security-systems\\\/secolink-en\\\/#listItem\",\"position\":4,\"name\":\"SECOLINK\",\"item\":\"https:\\\/\\\/radauviska.lt\\\/en\\\/product-category\\\/security-systems\\\/secolink-en\\\/\",\"nextItem\":{\"@type\":\"ListItem\",\"@id\":\"https:\\\/\\\/radauviska.lt\\\/en\\\/product-category\\\/security-systems\\\/secolink-en\\\/modules-en-2\\\/#listItem\",\"name\":\"Modules\"},\"previousItem\":{\"@type\":\"ListItem\",\"@id\":\"https:\\\/\\\/radauviska.lt\\\/en\\\/product-category\\\/security-systems\\\/#listItem\",\"name\":\"Security Systems\"}},{\"@type\":\"ListItem\",\"@id\":\"https:\\\/\\\/radauviska.lt\\\/en\\\/product-category\\\/security-systems\\\/secolink-en\\\/modules-en-2\\\/#listItem\",\"position\":5,\"name\":\"Modules\",\"item\":\"https:\\\/\\\/radauviska.lt\\\/en\\\/product-category\\\/security-systems\\\/secolink-en\\\/modules-en-2\\\/\",\"nextItem\":{\"@type\":\"ListItem\",\"@id\":\"https:\\\/\\\/radauviska.lt\\\/en\\\/product\\\/gsvu-security-system-gsm-communicator\\\/#listItem\",\"name\":\"GSVU, SECURITY SYSTEM GSM COMMUNICATOR\"},\"previousItem\":{\"@type\":\"ListItem\",\"@id\":\"https:\\\/\\\/radauviska.lt\\\/en\\\/product-category\\\/security-systems\\\/secolink-en\\\/#listItem\",\"name\":\"SECOLINK\"}},{\"@type\":\"ListItem\",\"@id\":\"https:\\\/\\\/radauviska.lt\\\/en\\\/product\\\/gsvu-security-system-gsm-communicator\\\/#listItem\",\"position\":6,\"name\":\"GSVU, SECURITY SYSTEM GSM COMMUNICATOR\",\"previousItem\":{\"@type\":\"ListItem\",\"@id\":\"https:\\\/\\\/radauviska.lt\\\/en\\\/product-category\\\/security-systems\\\/secolink-en\\\/modules-en-2\\\/#listItem\",\"name\":\"Modules\"}}]},{\"@type\":\"ItemPage\",\"@id\":\"https:\\\/\\\/radauviska.lt\\\/en\\\/product\\\/gsvu-security-system-gsm-communicator\\\/#itempage\",\"url\":\"https:\\\/\\\/radauviska.lt\\\/en\\\/product\\\/gsvu-security-system-gsm-communicator\\\/\",\"name\":\"GSVU, SECURITY SYSTEM GSM COMMUNICATOR -\",\"description\":\"GSVU SECURITY SYSTEM GSM COMMUNICATOR FOR P SERIES CONTROL PANELSProduct type: security system moduleData bus connector: internal KRBUS\",\"inLanguage\":\"en-US\",\"isPartOf\":{\"@id\":\"https:\\\/\\\/radauviska.lt\\\/en\\\/#website\"},\"breadcrumb\":{\"@id\":\"https:\\\/\\\/radauviska.lt\\\/en\\\/product\\\/gsvu-security-system-gsm-communicator\\\/#breadcrumblist\"},\"image\":{\"@type\":\"ImageObject\",\"url\":\"https:\\\/\\\/radauviska.lt\\\/wp-content\\\/uploads\\\/2023\\\/08\\\/Untitled-design-2023-05-24T153546.257.png\",\"@id\":\"https:\\\/\\\/radauviska.lt\\\/en\\\/product\\\/gsvu-security-system-gsm-communicator\\\/#mainImage\",\"width\":500,\"height\":500},\"primaryImageOfPage\":{\"@id\":\"https:\\\/\\\/radauviska.lt\\\/en\\\/product\\\/gsvu-security-system-gsm-communicator\\\/#mainImage\"},\"datePublished\":\"2023-08-03T11:35:17+00:00\",\"dateModified\":\"2023-08-03T11:35:17+00:00\"},{\"@type\":\"Organization\",\"@id\":\"https:\\\/\\\/radauviska.lt\\\/en\\\/#organization\",\"name\":\"Radau Viska\",\"url\":\"https:\\\/\\\/radauviska.lt\\\/en\\\/\",\"telephone\":\"+37067580618\",\"logo\":{\"@type\":\"ImageObject\",\"url\":\"https:\\\/\\\/radauviska.lt\\\/wp-content\\\/uploads\\\/2024\\\/04\\\/huge-removebg-preview-2.png\",\"@id\":\"https:\\\/\\\/radauviska.lt\\\/en\\\/product\\\/gsvu-security-system-gsm-communicator\\\/#organizationLogo\",\"width\":821,\"height\":304},\"image\":{\"@id\":\"https:\\\/\\\/radauviska.lt\\\/en\\\/product\\\/gsvu-security-system-gsm-communicator\\\/#organizationLogo\"},\"sameAs\":[\"https:\\\/\\\/www.facebook.com\\\/profile.php?id=100093269785891\",\"https:\\\/\\\/www.instagram.com\\\/radauviska.lt\\\/\"]},{\"@type\":\"WebPage\",\"@id\":\"https:\\\/\\\/radauviska.lt\\\/en\\\/product\\\/gsvu-security-system-gsm-communicator\\\/#webpage\",\"url\":\"https:\\\/\\\/radauviska.lt\\\/en\\\/product\\\/gsvu-security-system-gsm-communicator\\\/\",\"name\":\"GSVU, SECURITY SYSTEM GSM COMMUNICATOR -\",\"description\":\"GSVU SECURITY SYSTEM GSM COMMUNICATOR FOR P SERIES CONTROL PANELSProduct type: security system moduleData bus connector: internal KRBUS\",\"inLanguage\":\"en-US\",\"isPartOf\":{\"@id\":\"https:\\\/\\\/radauviska.lt\\\/en\\\/#website\"},\"breadcrumb\":{\"@id\":\"https:\\\/\\\/radauviska.lt\\\/en\\\/product\\\/gsvu-security-system-gsm-communicator\\\/#breadcrumblist\"},\"image\":{\"@type\":\"ImageObject\",\"url\":\"https:\\\/\\\/radauviska.lt\\\/wp-content\\\/uploads\\\/2023\\\/08\\\/Untitled-design-2023-05-24T153546.257.png\",\"@id\":\"https:\\\/\\\/radauviska.lt\\\/en\\\/product\\\/gsvu-security-system-gsm-communicator\\\/#mainImage\",\"width\":500,\"height\":500},\"primaryImageOfPage\":{\"@id\":\"https:\\\/\\\/radauviska.lt\\\/en\\\/product\\\/gsvu-security-system-gsm-communicator\\\/#mainImage\"},\"datePublished\":\"2023-08-03T11:35:17+00:00\",\"dateModified\":\"2023-08-03T11:35:17+00:00\"},{\"@type\":\"WebSite\",\"@id\":\"https:\\\/\\\/radauviska.lt\\\/en\\\/#website\",\"url\":\"https:\\\/\\\/radauviska.lt\\\/en\\\/\",\"name\":\"www.radauviska.lt\",\"alternateName\":\"Radau visk\\u0105\",\"inLanguage\":\"en-US\",\"publisher\":{\"@id\":\"https:\\\/\\\/radauviska.lt\\\/en\\\/#organization\"}}]}\n\t\t<\/script>\n\t\t<!-- All in One SEO Pro -->\r\n\t\t<title>GSVU, SECURITY SYSTEM GSM COMMUNICATOR -<\/title>\n\n","aioseo_head_json":{"title":"GSVU, SECURITY SYSTEM GSM COMMUNICATOR -","description":"GSVU SECURITY SYSTEM GSM COMMUNICATOR FOR P SERIES CONTROL PANELSProduct type: security system moduleData bus connector: internal KRBUS","canonical_url":"https:\/\/radauviska.lt\/en\/product\/gsvu-security-system-gsm-communicator\/","robots":"max-image-preview:large","keywords":"","webmasterTools":{"miscellaneous":""},"schema":{"@context":"https:\/\/schema.org","@graph":[{"@type":"BreadcrumbList","@id":"https:\/\/radauviska.lt\/en\/product\/gsvu-security-system-gsm-communicator\/#breadcrumblist","itemListElement":[{"@type":"ListItem","@id":"https:\/\/radauviska.lt\/en\/#listItem","position":1,"name":"Home","item":"https:\/\/radauviska.lt\/en\/","nextItem":{"@type":"ListItem","@id":"https:\/\/radauviska.lt\/en\/shop\/#listItem","name":"Shop"}},{"@type":"ListItem","@id":"https:\/\/radauviska.lt\/en\/shop\/#listItem","position":2,"name":"Shop","item":"https:\/\/radauviska.lt\/en\/shop\/","nextItem":{"@type":"ListItem","@id":"https:\/\/radauviska.lt\/en\/product-category\/security-systems\/#listItem","name":"Security Systems"},"previousItem":{"@type":"ListItem","@id":"https:\/\/radauviska.lt\/en\/#listItem","name":"Home"}},{"@type":"ListItem","@id":"https:\/\/radauviska.lt\/en\/product-category\/security-systems\/#listItem","position":3,"name":"Security Systems","item":"https:\/\/radauviska.lt\/en\/product-category\/security-systems\/","nextItem":{"@type":"ListItem","@id":"https:\/\/radauviska.lt\/en\/product-category\/security-systems\/secolink-en\/#listItem","name":"SECOLINK"},"previousItem":{"@type":"ListItem","@id":"https:\/\/radauviska.lt\/en\/shop\/#listItem","name":"Shop"}},{"@type":"ListItem","@id":"https:\/\/radauviska.lt\/en\/product-category\/security-systems\/secolink-en\/#listItem","position":4,"name":"SECOLINK","item":"https:\/\/radauviska.lt\/en\/product-category\/security-systems\/secolink-en\/","nextItem":{"@type":"ListItem","@id":"https:\/\/radauviska.lt\/en\/product-category\/security-systems\/secolink-en\/modules-en-2\/#listItem","name":"Modules"},"previousItem":{"@type":"ListItem","@id":"https:\/\/radauviska.lt\/en\/product-category\/security-systems\/#listItem","name":"Security Systems"}},{"@type":"ListItem","@id":"https:\/\/radauviska.lt\/en\/product-category\/security-systems\/secolink-en\/modules-en-2\/#listItem","position":5,"name":"Modules","item":"https:\/\/radauviska.lt\/en\/product-category\/security-systems\/secolink-en\/modules-en-2\/","nextItem":{"@type":"ListItem","@id":"https:\/\/radauviska.lt\/en\/product\/gsvu-security-system-gsm-communicator\/#listItem","name":"GSVU, SECURITY SYSTEM GSM COMMUNICATOR"},"previousItem":{"@type":"ListItem","@id":"https:\/\/radauviska.lt\/en\/product-category\/security-systems\/secolink-en\/#listItem","name":"SECOLINK"}},{"@type":"ListItem","@id":"https:\/\/radauviska.lt\/en\/product\/gsvu-security-system-gsm-communicator\/#listItem","position":6,"name":"GSVU, SECURITY SYSTEM GSM COMMUNICATOR","previousItem":{"@type":"ListItem","@id":"https:\/\/radauviska.lt\/en\/product-category\/security-systems\/secolink-en\/modules-en-2\/#listItem","name":"Modules"}}]},{"@type":"ItemPage","@id":"https:\/\/radauviska.lt\/en\/product\/gsvu-security-system-gsm-communicator\/#itempage","url":"https:\/\/radauviska.lt\/en\/product\/gsvu-security-system-gsm-communicator\/","name":"GSVU, SECURITY SYSTEM GSM COMMUNICATOR -","description":"GSVU SECURITY SYSTEM GSM COMMUNICATOR FOR P SERIES CONTROL PANELSProduct type: security system moduleData bus connector: internal KRBUS","inLanguage":"en-US","isPartOf":{"@id":"https:\/\/radauviska.lt\/en\/#website"},"breadcrumb":{"@id":"https:\/\/radauviska.lt\/en\/product\/gsvu-security-system-gsm-communicator\/#breadcrumblist"},"image":{"@type":"ImageObject","url":"https:\/\/radauviska.lt\/wp-content\/uploads\/2023\/08\/Untitled-design-2023-05-24T153546.257.png","@id":"https:\/\/radauviska.lt\/en\/product\/gsvu-security-system-gsm-communicator\/#mainImage","width":500,"height":500},"primaryImageOfPage":{"@id":"https:\/\/radauviska.lt\/en\/product\/gsvu-security-system-gsm-communicator\/#mainImage"},"datePublished":"2023-08-03T11:35:17+00:00","dateModified":"2023-08-03T11:35:17+00:00"},{"@type":"Organization","@id":"https:\/\/radauviska.lt\/en\/#organization","name":"Radau Viska","url":"https:\/\/radauviska.lt\/en\/","telephone":"+37067580618","logo":{"@type":"ImageObject","url":"https:\/\/radauviska.lt\/wp-content\/uploads\/2024\/04\/huge-removebg-preview-2.png","@id":"https:\/\/radauviska.lt\/en\/product\/gsvu-security-system-gsm-communicator\/#organizationLogo","width":821,"height":304},"image":{"@id":"https:\/\/radauviska.lt\/en\/product\/gsvu-security-system-gsm-communicator\/#organizationLogo"},"sameAs":["https:\/\/www.facebook.com\/profile.php?id=100093269785891","https:\/\/www.instagram.com\/radauviska.lt\/"]},{"@type":"WebPage","@id":"https:\/\/radauviska.lt\/en\/product\/gsvu-security-system-gsm-communicator\/#webpage","url":"https:\/\/radauviska.lt\/en\/product\/gsvu-security-system-gsm-communicator\/","name":"GSVU, SECURITY SYSTEM GSM COMMUNICATOR -","description":"GSVU SECURITY SYSTEM GSM COMMUNICATOR FOR P SERIES CONTROL PANELSProduct type: security system moduleData bus connector: internal KRBUS","inLanguage":"en-US","isPartOf":{"@id":"https:\/\/radauviska.lt\/en\/#website"},"breadcrumb":{"@id":"https:\/\/radauviska.lt\/en\/product\/gsvu-security-system-gsm-communicator\/#breadcrumblist"},"image":{"@type":"ImageObject","url":"https:\/\/radauviska.lt\/wp-content\/uploads\/2023\/08\/Untitled-design-2023-05-24T153546.257.png","@id":"https:\/\/radauviska.lt\/en\/product\/gsvu-security-system-gsm-communicator\/#mainImage","width":500,"height":500},"primaryImageOfPage":{"@id":"https:\/\/radauviska.lt\/en\/product\/gsvu-security-system-gsm-communicator\/#mainImage"},"datePublished":"2023-08-03T11:35:17+00:00","dateModified":"2023-08-03T11:35:17+00:00"},{"@type":"WebSite","@id":"https:\/\/radauviska.lt\/en\/#website","url":"https:\/\/radauviska.lt\/en\/","name":"www.radauviska.lt","alternateName":"Radau visk\u0105","inLanguage":"en-US","publisher":{"@id":"https:\/\/radauviska.lt\/en\/#organization"}}]},"og:locale":"en_US","og:site_name":"Radau Viska -","og:type":"article","og:title":"GSVU, SECURITY SYSTEM GSM COMMUNICATOR -","og:description":"GSVU SECURITY SYSTEM GSM COMMUNICATOR FOR P SERIES CONTROL PANELSProduct type: security system moduleData bus connector: internal KRBUS","og:url":"https:\/\/radauviska.lt\/en\/product\/gsvu-security-system-gsm-communicator\/","og:image":"https:\/\/radauviska.lt\/wp-content\/uploads\/2023\/08\/Untitled-design-2023-05-24T153546.257.png","og:image:secure_url":"https:\/\/radauviska.lt\/wp-content\/uploads\/2023\/08\/Untitled-design-2023-05-24T153546.257.png","og:image:width":500,"og:image:height":500,"article:published_time":"2023-08-03T11:35:17+00:00","article:modified_time":"2023-08-03T11:35:17+00:00","article:publisher":"https:\/\/www.facebook.com\/profile.php?id=100093269785891","twitter:card":"summary_large_image","twitter:title":"GSVU, SECURITY SYSTEM GSM COMMUNICATOR -","twitter:description":"GSVU SECURITY SYSTEM GSM COMMUNICATOR FOR P SERIES CONTROL PANELSProduct type: security system moduleData bus connector: internal KRBUS","twitter:image":"https:\/\/radauviska.lt\/wp-content\/uploads\/2023\/08\/Untitled-design-2023-05-24T153546.257.png"},"aioseo_meta_data":{"post_id":"22918","title":"#post_title #separator_sa","description":"GSVU SECURITY SYSTEM GSM COMMUNICATOR FOR P SERIES CONTROL PANELS<br>Product type: security system module<br>Data bus connector: internal KRBUS","keywords":null,"keyphrases":{"focus":{"keyphrase":"APSAUGOS SISTEMOS","score":100,"analysis":{"keyphraseInTitle":{"score":9,"maxScore":9,"error":0},"keyphraseInDescription":{"score":9,"maxScore":9,"error":0},"keyphraseLength":{"score":9,"maxScore":9,"error":0,"length":2},"keyphraseInURL":{"score":5,"maxScore":5,"error":0},"keyphraseInIntroduction":{"score":9,"maxScore":9,"error":0},"keyphraseInSubHeadings":[],"keyphraseInImageAlt":[],"keywordDensity":{"type":"best","score":9,"maxScore":9,"error":0}}},"additional":[{"keyphrase":"APSAUGOS SISTEMOS","score":100,"analysis":{"keyphraseInDescription":{"score":9,"maxScore":9,"error":0},"keyphraseLength":{"score":9,"maxScore":9,"error":0,"length":2},"keyphraseInIntroduction":{"score":9,"maxScore":9,"error":0},"keyphraseInImageAlt":[],"keywordDensity":{"type":"best","score":9,"maxScore":9,"error":0}}},{"keyphrase":"GSVU","score":83,"analysis":{"keyphraseInDescription":{"score":9,"maxScore":9,"error":0},"keyphraseLength":{"score":9,"maxScore":9,"error":0,"length":1},"keyphraseInIntroduction":{"score":3,"maxScore":9,"error":1},"keyphraseInImageAlt":[],"keywordDensity":{"type":"best","score":9,"maxScore":9,"error":0}}},{"keyphrase":"KOMUNIKATORIUS","score":83,"analysis":{"keyphraseInDescription":{"score":9,"maxScore":9,"error":0},"keyphraseLength":{"score":9,"maxScore":9,"error":0,"length":1},"keyphraseInIntroduction":{"score":3,"maxScore":9,"error":1},"keyphraseInImageAlt":[],"keywordDensity":{"type":"best","score":9,"maxScore":9,"error":0}}}]},"primary_term":null,"canonical_url":null,"og_title":null,"og_description":null,"og_object_type":"default","og_image_type":"default","og_image_url":null,"og_image_width":null,"og_image_height":null,"og_image_custom_url":null,"og_image_custom_fields":null,"og_video":"","og_custom_url":null,"og_article_section":null,"og_article_tags":null,"twitter_use_og":false,"twitter_card":"default","twitter_image_type":"default","twitter_image_url":null,"twitter_image_custom_url":null,"twitter_image_custom_fields":null,"twitter_title":null,"twitter_description":null,"schema":{"blockGraphs":[],"customGraphs":[],"default":{"data":{"Article":[],"Course":[],"Dataset":[],"FAQPage":[],"Movie":[],"Person":[],"Product":[],"ProductReview":[],"Car":[],"Recipe":[],"Service":[],"SoftwareApplication":[],"WebPage":[]},"graphName":"ItemPage","isEnabled":true},"graphs":[]},"schema_type":"default","schema_type_options":null,"pillar_content":false,"robots_default":true,"robots_noindex":false,"robots_noarchive":false,"robots_nosnippet":false,"robots_nofollow":false,"robots_noimageindex":false,"robots_noodp":false,"robots_notranslate":false,"robots_max_snippet":"-1","robots_max_videopreview":"-1","robots_max_imagepreview":"large","priority":null,"frequency":"default","local_seo":null,"seo_analyzer_scan_date":"2025-10-09 03:48:55","breadcrumb_settings":null,"limit_modified_date":false,"reviewed_by":"0","open_ai":"{\"title\":{\"suggestions\":[],\"usage\":0},\"description\":{\"suggestions\":[],\"usage\":0}}","ai":{"faqs":[],"keyPoints":[],"titles":[],"descriptions":[],"socialPosts":{"email":[],"linkedin":[],"twitter":[],"facebook":[],"instagram":[]}},"created":"2025-07-17 07:21:29","updated":"2025-10-09 03:48:55"},"aioseo_breadcrumb":"<div class=\"aioseo-breadcrumbs\"><span class=\"aioseo-breadcrumb\">\n\t<a href=\"https:\/\/radauviska.lt\/en\/\" title=\"Home\">Home<\/a>\n<\/span><span class=\"aioseo-breadcrumb-separator\">&raquo;<\/span><span class=\"aioseo-breadcrumb\">\n\t<a href=\"https:\/\/radauviska.lt\/en\/shop\/\" title=\"Shop\">Shop<\/a>\n<\/span><span class=\"aioseo-breadcrumb-separator\">&raquo;<\/span><span class=\"aioseo-breadcrumb\">\n\t<a href=\"https:\/\/radauviska.lt\/en\/product-category\/security-systems\/\" title=\"Security Systems\">Security Systems<\/a>\n<\/span><span class=\"aioseo-breadcrumb-separator\">&raquo;<\/span><span class=\"aioseo-breadcrumb\">\n\t<a href=\"https:\/\/radauviska.lt\/en\/product-category\/security-systems\/secolink-en\/\" title=\"SECOLINK\">SECOLINK<\/a>\n<\/span><span class=\"aioseo-breadcrumb-separator\">&raquo;<\/span><span class=\"aioseo-breadcrumb\">\n\t<a href=\"https:\/\/radauviska.lt\/en\/product-category\/security-systems\/secolink-en\/modules-en-2\/\" title=\"Modules\">Modules<\/a>\n<\/span><span class=\"aioseo-breadcrumb-separator\">&raquo;<\/span><span class=\"aioseo-breadcrumb\">\n\tGSVU, SECURITY SYSTEM GSM COMMUNICATOR\n<\/span><\/div>","aioseo_breadcrumb_json":[{"label":"Home","link":"https:\/\/radauviska.lt\/en\/"},{"label":"Shop","link":"https:\/\/radauviska.lt\/en\/shop\/"},{"label":"Security Systems","link":"https:\/\/radauviska.lt\/en\/product-category\/security-systems\/"},{"label":"SECOLINK","link":"https:\/\/radauviska.lt\/en\/product-category\/security-systems\/secolink-en\/"},{"label":"Modules","link":"https:\/\/radauviska.lt\/en\/product-category\/security-systems\/secolink-en\/modules-en-2\/"},{"label":"GSVU, SECURITY SYSTEM GSM COMMUNICATOR","link":"https:\/\/radauviska.lt\/en\/product\/gsvu-security-system-gsm-communicator\/"}],"_links":{"self":[{"href":"https:\/\/radauviska.lt\/en\/wp-json\/wp\/v2\/product\/22918","targetHints":{"allow":["GET"]}}],"collection":[{"href":"https:\/\/radauviska.lt\/en\/wp-json\/wp\/v2\/product"}],"about":[{"href":"https:\/\/radauviska.lt\/en\/wp-json\/wp\/v2\/types\/product"}],"replies":[{"embeddable":true,"href":"https:\/\/radauviska.lt\/en\/wp-json\/wp\/v2\/comments?post=22918"}],"version-history":[{"count":0,"href":"https:\/\/radauviska.lt\/en\/wp-json\/wp\/v2\/product\/22918\/revisions"}],"wp:featuredmedia":[{"embeddable":true,"href":"https:\/\/radauviska.lt\/en\/wp-json\/wp\/v2\/media\/17364"}],"wp:attachment":[{"href":"https:\/\/radauviska.lt\/en\/wp-json\/wp\/v2\/media?parent=22918"}],"wp:term":[{"taxonomy":"product_brand","embeddable":true,"href":"https:\/\/radauviska.lt\/en\/wp-json\/wp\/v2\/product_brand?post=22918"},{"taxonomy":"product_cat","embeddable":true,"href":"https:\/\/radauviska.lt\/en\/wp-json\/wp\/v2\/product_cat?post=22918"},{"taxonomy":"product_tag","embeddable":true,"href":"https:\/\/radauviska.lt\/en\/wp-json\/wp\/v2\/product_tag?post=22918"}],"curies":[{"name":"wp","href":"https:\/\/api.w.org\/{rel}","templated":true}]}}