{"id":22857,"date":"2023-08-03T11:35:39","date_gmt":"2023-08-03T11:35:39","guid":{"rendered":"https:\/\/radauviska.lt\/product\/pb24-wireless-exit-button\/"},"modified":"2025-08-14T06:33:19","modified_gmt":"2025-08-14T06:33:19","slug":"pb24-wireless-exit-button","status":"publish","type":"product","link":"https:\/\/radauviska.lt\/en\/product\/pb24-wireless-exit-button\/","title":{"rendered":"PROXIMITY EXIT BUTTON, PB24"},"content":{"rendered":"<h1>PROXIMITY EXIT BUTTON, PB24<\/h1>\n<p>Dimensions: 115 \u00d7 70 \u00d7 29 mm (L \u00d7 W \u00d7 H)<br \/>\nInput: DC 12V<br \/>\nContact input: 12\u201328 V, 3 A<br \/>\nOutput contact: NO\/NC, COM<br \/>\nService life: 500,000 presses<br \/>\nSuitable for: hollow doors<br \/>\nOperating temperature: -20\u00b0C to +55\u00b0C<\/p>\n","protected":false},"excerpt":{"rendered":"<h4>PROXIMITY EXIT BUTTON, PB24<\/h4>\n<p>Dimensions: 115 \u00d7 70 \u00d7 29 mm (L \u00d7 W \u00d7 H)<br \/>\nInput: DC 12V<br \/>\nContact input: 12\u201328 V, 3 A<br \/>\nOutput contact: NO\/NC, COM<br \/>\nService life: 500,000 presses<br \/>\nSuitable for: hollow doors<br \/>\nOperating temperature: -20\u00b0C to +55\u00b0C<\/p>\n","protected":false},"featured_media":17532,"comment_status":"open","ping_status":"closed","template":"","meta":{"_acf_changed":false,"om_disable_all_campaigns":false,"_monsterinsights_skip_tracking":false,"_monsterinsights_sitenote_active":false,"_monsterinsights_sitenote_note":"","_monsterinsights_sitenote_category":0},"product_brand":[],"product_cat":[2492,2513,2501],"product_tag":[3170,3171],"class_list":{"0":"post-22857","1":"product","2":"type-product","3":"status-publish","4":"has-post-thumbnail","6":"product_cat-access-control","7":"product_cat-buttons","8":"product_cat-other-equipment","9":"product_tag-pb24-en","10":"product_tag-reed-proximity-exit-button","12":"first","13":"instock","14":"taxable","15":"shipping-taxable","16":"purchasable","17":"product-type-simple"},"acf":[],"aioseo_notices":[],"aioseo_head":"\n\t\t<!-- All in One SEO Pro 4.9.5.2 - aioseo.com -->\n\t<meta name=\"description\" content=\"PROXIMITY EXIT BUTTON, PB24Dimensions: 115 \u00d7 70 \u00d7 29 mm (L \u00d7 W \u00d7 H)Input: DC 12VContact input: 12\u201328 V, 3 AOutput contact: NO\/NC, COMService life: 50,000...\" \/>\n\t<meta name=\"robots\" content=\"max-image-preview:large\" \/>\n\t<link rel=\"canonical\" href=\"https:\/\/radauviska.lt\/en\/product\/pb24-wireless-exit-button\/\" \/>\n\t<meta name=\"generator\" content=\"All in One SEO Pro (AIOSEO) 4.9.5.2\" \/>\n\t\t<meta property=\"og:locale\" content=\"en_US\" \/>\n\t\t<meta property=\"og:site_name\" content=\"Radau Viska -\" \/>\n\t\t<meta property=\"og:type\" content=\"article\" \/>\n\t\t<meta property=\"og:title\" content=\"PROXIMITY EXIT BUTTON, PB24 - Radau Viska\" \/>\n\t\t<meta property=\"og:description\" content=\"PROXIMITY EXIT BUTTON, PB24Dimensions: 115 \u00d7 70 \u00d7 29 mm (L \u00d7 W \u00d7 H)Input: DC 12VContact input: 12\u201328 V, 3 AOutput contact: NO\/NC, COMService life: 50,000...\" \/>\n\t\t<meta property=\"og:url\" content=\"https:\/\/radauviska.lt\/en\/product\/pb24-wireless-exit-button\/\" \/>\n\t\t<meta property=\"og:image\" content=\"https:\/\/radauviska.lt\/wp-content\/uploads\/2023\/08\/Dizainas-be-pavadinimo-2023-04-15T005555.638.png\" \/>\n\t\t<meta property=\"og:image:secure_url\" content=\"https:\/\/radauviska.lt\/wp-content\/uploads\/2023\/08\/Dizainas-be-pavadinimo-2023-04-15T005555.638.png\" \/>\n\t\t<meta property=\"og:image:width\" content=\"500\" \/>\n\t\t<meta property=\"og:image:height\" content=\"500\" \/>\n\t\t<meta property=\"article:published_time\" content=\"2023-08-03T11:35:39+00:00\" \/>\n\t\t<meta property=\"article:modified_time\" content=\"2025-08-14T06:33:19+00:00\" \/>\n\t\t<meta property=\"article:publisher\" content=\"https:\/\/www.facebook.com\/profile.php?id=100093269785891\" \/>\n\t\t<meta name=\"twitter:card\" content=\"summary_large_image\" \/>\n\t\t<meta name=\"twitter:title\" content=\"PROXIMITY EXIT BUTTON, PB24 - Radau Viska\" \/>\n\t\t<meta name=\"twitter:description\" content=\"PROXIMITY EXIT BUTTON, PB24Dimensions: 115 \u00d7 70 \u00d7 29 mm (L \u00d7 W \u00d7 H)Input: DC 12VContact input: 12\u201328 V, 3 AOutput contact: NO\/NC, COMService life: 50,000...\" \/>\n\t\t<meta name=\"twitter:image\" content=\"https:\/\/radauviska.lt\/wp-content\/uploads\/2023\/08\/Dizainas-be-pavadinimo-2023-04-15T005555.638.png\" \/>\n\t\t<script type=\"application\/ld+json\" class=\"aioseo-schema\">\n\t\t\t{\"@context\":\"https:\\\/\\\/schema.org\",\"@graph\":[{\"@type\":\"BreadcrumbList\",\"@id\":\"https:\\\/\\\/radauviska.lt\\\/en\\\/product\\\/pb24-wireless-exit-button\\\/#breadcrumblist\",\"itemListElement\":[{\"@type\":\"ListItem\",\"@id\":\"https:\\\/\\\/radauviska.lt\\\/en\\\/#listItem\",\"position\":1,\"name\":\"Home\",\"item\":\"https:\\\/\\\/radauviska.lt\\\/en\\\/\",\"nextItem\":{\"@type\":\"ListItem\",\"@id\":\"https:\\\/\\\/radauviska.lt\\\/en\\\/shop\\\/#listItem\",\"name\":\"Shop\"}},{\"@type\":\"ListItem\",\"@id\":\"https:\\\/\\\/radauviska.lt\\\/en\\\/shop\\\/#listItem\",\"position\":2,\"name\":\"Shop\",\"item\":\"https:\\\/\\\/radauviska.lt\\\/en\\\/shop\\\/\",\"nextItem\":{\"@type\":\"ListItem\",\"@id\":\"https:\\\/\\\/radauviska.lt\\\/en\\\/product-category\\\/security-systems\\\/#listItem\",\"name\":\"Security Systems\"},\"previousItem\":{\"@type\":\"ListItem\",\"@id\":\"https:\\\/\\\/radauviska.lt\\\/en\\\/#listItem\",\"name\":\"Home\"}},{\"@type\":\"ListItem\",\"@id\":\"https:\\\/\\\/radauviska.lt\\\/en\\\/product-category\\\/security-systems\\\/#listItem\",\"position\":3,\"name\":\"Security Systems\",\"item\":\"https:\\\/\\\/radauviska.lt\\\/en\\\/product-category\\\/security-systems\\\/\",\"nextItem\":{\"@type\":\"ListItem\",\"@id\":\"https:\\\/\\\/radauviska.lt\\\/en\\\/product-category\\\/security-systems\\\/access-control\\\/#listItem\",\"name\":\"Access Control\"},\"previousItem\":{\"@type\":\"ListItem\",\"@id\":\"https:\\\/\\\/radauviska.lt\\\/en\\\/shop\\\/#listItem\",\"name\":\"Shop\"}},{\"@type\":\"ListItem\",\"@id\":\"https:\\\/\\\/radauviska.lt\\\/en\\\/product-category\\\/security-systems\\\/access-control\\\/#listItem\",\"position\":4,\"name\":\"Access Control\",\"item\":\"https:\\\/\\\/radauviska.lt\\\/en\\\/product-category\\\/security-systems\\\/access-control\\\/\",\"nextItem\":{\"@type\":\"ListItem\",\"@id\":\"https:\\\/\\\/radauviska.lt\\\/en\\\/product-category\\\/security-systems\\\/access-control\\\/other-equipment\\\/#listItem\",\"name\":\"Other Equipment\"},\"previousItem\":{\"@type\":\"ListItem\",\"@id\":\"https:\\\/\\\/radauviska.lt\\\/en\\\/product-category\\\/security-systems\\\/#listItem\",\"name\":\"Security Systems\"}},{\"@type\":\"ListItem\",\"@id\":\"https:\\\/\\\/radauviska.lt\\\/en\\\/product-category\\\/security-systems\\\/access-control\\\/other-equipment\\\/#listItem\",\"position\":5,\"name\":\"Other Equipment\",\"item\":\"https:\\\/\\\/radauviska.lt\\\/en\\\/product-category\\\/security-systems\\\/access-control\\\/other-equipment\\\/\",\"nextItem\":{\"@type\":\"ListItem\",\"@id\":\"https:\\\/\\\/radauviska.lt\\\/en\\\/product-category\\\/security-systems\\\/access-control\\\/other-equipment\\\/buttons\\\/#listItem\",\"name\":\"Buttons\"},\"previousItem\":{\"@type\":\"ListItem\",\"@id\":\"https:\\\/\\\/radauviska.lt\\\/en\\\/product-category\\\/security-systems\\\/access-control\\\/#listItem\",\"name\":\"Access Control\"}},{\"@type\":\"ListItem\",\"@id\":\"https:\\\/\\\/radauviska.lt\\\/en\\\/product-category\\\/security-systems\\\/access-control\\\/other-equipment\\\/buttons\\\/#listItem\",\"position\":6,\"name\":\"Buttons\",\"item\":\"https:\\\/\\\/radauviska.lt\\\/en\\\/product-category\\\/security-systems\\\/access-control\\\/other-equipment\\\/buttons\\\/\",\"nextItem\":{\"@type\":\"ListItem\",\"@id\":\"https:\\\/\\\/radauviska.lt\\\/en\\\/product\\\/pb24-wireless-exit-button\\\/#listItem\",\"name\":\"PROXIMITY EXIT BUTTON, PB24\"},\"previousItem\":{\"@type\":\"ListItem\",\"@id\":\"https:\\\/\\\/radauviska.lt\\\/en\\\/product-category\\\/security-systems\\\/access-control\\\/other-equipment\\\/#listItem\",\"name\":\"Other Equipment\"}},{\"@type\":\"ListItem\",\"@id\":\"https:\\\/\\\/radauviska.lt\\\/en\\\/product\\\/pb24-wireless-exit-button\\\/#listItem\",\"position\":7,\"name\":\"PROXIMITY EXIT BUTTON, PB24\",\"previousItem\":{\"@type\":\"ListItem\",\"@id\":\"https:\\\/\\\/radauviska.lt\\\/en\\\/product-category\\\/security-systems\\\/access-control\\\/other-equipment\\\/buttons\\\/#listItem\",\"name\":\"Buttons\"}}]},{\"@type\":\"ItemPage\",\"@id\":\"https:\\\/\\\/radauviska.lt\\\/en\\\/product\\\/pb24-wireless-exit-button\\\/#itempage\",\"url\":\"https:\\\/\\\/radauviska.lt\\\/en\\\/product\\\/pb24-wireless-exit-button\\\/\",\"name\":\"PROXIMITY EXIT BUTTON, PB24 - Radau Viska\",\"description\":\"PROXIMITY EXIT BUTTON, PB24Dimensions: 115 \\u00d7 70 \\u00d7 29 mm (L \\u00d7 W \\u00d7 H)Input: DC 12VContact input: 12\\u201328 V, 3 AOutput contact: NO\\\/NC, COMService life: 50,000...\",\"inLanguage\":\"en-US\",\"isPartOf\":{\"@id\":\"https:\\\/\\\/radauviska.lt\\\/en\\\/#website\"},\"breadcrumb\":{\"@id\":\"https:\\\/\\\/radauviska.lt\\\/en\\\/product\\\/pb24-wireless-exit-button\\\/#breadcrumblist\"},\"image\":{\"@type\":\"ImageObject\",\"url\":\"https:\\\/\\\/radauviska.lt\\\/wp-content\\\/uploads\\\/2023\\\/08\\\/Dizainas-be-pavadinimo-2023-04-15T005555.638.png\",\"@id\":\"https:\\\/\\\/radauviska.lt\\\/en\\\/product\\\/pb24-wireless-exit-button\\\/#mainImage\",\"width\":500,\"height\":500},\"primaryImageOfPage\":{\"@id\":\"https:\\\/\\\/radauviska.lt\\\/en\\\/product\\\/pb24-wireless-exit-button\\\/#mainImage\"},\"datePublished\":\"2023-08-03T11:35:39+00:00\",\"dateModified\":\"2025-08-14T06:33:19+00:00\"},{\"@type\":\"Organization\",\"@id\":\"https:\\\/\\\/radauviska.lt\\\/en\\\/#organization\",\"name\":\"Radau Viska\",\"url\":\"https:\\\/\\\/radauviska.lt\\\/en\\\/\",\"telephone\":\"+37067580618\",\"logo\":{\"@type\":\"ImageObject\",\"url\":\"https:\\\/\\\/radauviska.lt\\\/wp-content\\\/uploads\\\/2024\\\/04\\\/huge-removebg-preview-2.png\",\"@id\":\"https:\\\/\\\/radauviska.lt\\\/en\\\/product\\\/pb24-wireless-exit-button\\\/#organizationLogo\",\"width\":821,\"height\":304},\"image\":{\"@id\":\"https:\\\/\\\/radauviska.lt\\\/en\\\/product\\\/pb24-wireless-exit-button\\\/#organizationLogo\"},\"sameAs\":[\"https:\\\/\\\/www.facebook.com\\\/profile.php?id=100093269785891\",\"https:\\\/\\\/www.instagram.com\\\/radauviska.lt\\\/\"]},{\"@type\":\"WebPage\",\"@id\":\"https:\\\/\\\/radauviska.lt\\\/en\\\/product\\\/pb24-wireless-exit-button\\\/#webpage\",\"url\":\"https:\\\/\\\/radauviska.lt\\\/en\\\/product\\\/pb24-wireless-exit-button\\\/\",\"name\":\"PROXIMITY EXIT BUTTON, PB24 - Radau Viska\",\"description\":\"PROXIMITY EXIT BUTTON, PB24Dimensions: 115 \\u00d7 70 \\u00d7 29 mm (L \\u00d7 W \\u00d7 H)Input: DC 12VContact input: 12\\u201328 V, 3 AOutput contact: NO\\\/NC, COMService life: 50,000...\",\"inLanguage\":\"en-US\",\"isPartOf\":{\"@id\":\"https:\\\/\\\/radauviska.lt\\\/en\\\/#website\"},\"breadcrumb\":{\"@id\":\"https:\\\/\\\/radauviska.lt\\\/en\\\/product\\\/pb24-wireless-exit-button\\\/#breadcrumblist\"},\"image\":{\"@type\":\"ImageObject\",\"url\":\"https:\\\/\\\/radauviska.lt\\\/wp-content\\\/uploads\\\/2023\\\/08\\\/Dizainas-be-pavadinimo-2023-04-15T005555.638.png\",\"@id\":\"https:\\\/\\\/radauviska.lt\\\/en\\\/product\\\/pb24-wireless-exit-button\\\/#mainImage\",\"width\":500,\"height\":500},\"primaryImageOfPage\":{\"@id\":\"https:\\\/\\\/radauviska.lt\\\/en\\\/product\\\/pb24-wireless-exit-button\\\/#mainImage\"},\"datePublished\":\"2023-08-03T11:35:39+00:00\",\"dateModified\":\"2025-08-14T06:33:19+00:00\"},{\"@type\":\"WebSite\",\"@id\":\"https:\\\/\\\/radauviska.lt\\\/en\\\/#website\",\"url\":\"https:\\\/\\\/radauviska.lt\\\/en\\\/\",\"name\":\"www.radauviska.lt\",\"alternateName\":\"Radau visk\\u0105\",\"inLanguage\":\"en-US\",\"publisher\":{\"@id\":\"https:\\\/\\\/radauviska.lt\\\/en\\\/#organization\"}}]}\n\t\t<\/script>\n\t\t<!-- All in One SEO Pro -->\r\n\t\t<title>PROXIMITY EXIT BUTTON, PB24 - Radau Viska<\/title>\n\n","aioseo_head_json":{"title":"PROXIMITY EXIT BUTTON, PB24 - Radau Viska","description":"PROXIMITY EXIT BUTTON, PB24Dimensions: 115 \u00d7 70 \u00d7 29 mm (L \u00d7 W \u00d7 H)Input: DC 12VContact input: 12\u201328 V, 3 AOutput contact: NO\/NC, COMService life: 50,000...","canonical_url":"https:\/\/radauviska.lt\/en\/product\/pb24-wireless-exit-button\/","robots":"max-image-preview:large","keywords":"","webmasterTools":{"miscellaneous":""},"schema":{"@context":"https:\/\/schema.org","@graph":[{"@type":"BreadcrumbList","@id":"https:\/\/radauviska.lt\/en\/product\/pb24-wireless-exit-button\/#breadcrumblist","itemListElement":[{"@type":"ListItem","@id":"https:\/\/radauviska.lt\/en\/#listItem","position":1,"name":"Home","item":"https:\/\/radauviska.lt\/en\/","nextItem":{"@type":"ListItem","@id":"https:\/\/radauviska.lt\/en\/shop\/#listItem","name":"Shop"}},{"@type":"ListItem","@id":"https:\/\/radauviska.lt\/en\/shop\/#listItem","position":2,"name":"Shop","item":"https:\/\/radauviska.lt\/en\/shop\/","nextItem":{"@type":"ListItem","@id":"https:\/\/radauviska.lt\/en\/product-category\/security-systems\/#listItem","name":"Security Systems"},"previousItem":{"@type":"ListItem","@id":"https:\/\/radauviska.lt\/en\/#listItem","name":"Home"}},{"@type":"ListItem","@id":"https:\/\/radauviska.lt\/en\/product-category\/security-systems\/#listItem","position":3,"name":"Security Systems","item":"https:\/\/radauviska.lt\/en\/product-category\/security-systems\/","nextItem":{"@type":"ListItem","@id":"https:\/\/radauviska.lt\/en\/product-category\/security-systems\/access-control\/#listItem","name":"Access Control"},"previousItem":{"@type":"ListItem","@id":"https:\/\/radauviska.lt\/en\/shop\/#listItem","name":"Shop"}},{"@type":"ListItem","@id":"https:\/\/radauviska.lt\/en\/product-category\/security-systems\/access-control\/#listItem","position":4,"name":"Access Control","item":"https:\/\/radauviska.lt\/en\/product-category\/security-systems\/access-control\/","nextItem":{"@type":"ListItem","@id":"https:\/\/radauviska.lt\/en\/product-category\/security-systems\/access-control\/other-equipment\/#listItem","name":"Other Equipment"},"previousItem":{"@type":"ListItem","@id":"https:\/\/radauviska.lt\/en\/product-category\/security-systems\/#listItem","name":"Security Systems"}},{"@type":"ListItem","@id":"https:\/\/radauviska.lt\/en\/product-category\/security-systems\/access-control\/other-equipment\/#listItem","position":5,"name":"Other Equipment","item":"https:\/\/radauviska.lt\/en\/product-category\/security-systems\/access-control\/other-equipment\/","nextItem":{"@type":"ListItem","@id":"https:\/\/radauviska.lt\/en\/product-category\/security-systems\/access-control\/other-equipment\/buttons\/#listItem","name":"Buttons"},"previousItem":{"@type":"ListItem","@id":"https:\/\/radauviska.lt\/en\/product-category\/security-systems\/access-control\/#listItem","name":"Access Control"}},{"@type":"ListItem","@id":"https:\/\/radauviska.lt\/en\/product-category\/security-systems\/access-control\/other-equipment\/buttons\/#listItem","position":6,"name":"Buttons","item":"https:\/\/radauviska.lt\/en\/product-category\/security-systems\/access-control\/other-equipment\/buttons\/","nextItem":{"@type":"ListItem","@id":"https:\/\/radauviska.lt\/en\/product\/pb24-wireless-exit-button\/#listItem","name":"PROXIMITY EXIT BUTTON, PB24"},"previousItem":{"@type":"ListItem","@id":"https:\/\/radauviska.lt\/en\/product-category\/security-systems\/access-control\/other-equipment\/#listItem","name":"Other Equipment"}},{"@type":"ListItem","@id":"https:\/\/radauviska.lt\/en\/product\/pb24-wireless-exit-button\/#listItem","position":7,"name":"PROXIMITY EXIT BUTTON, PB24","previousItem":{"@type":"ListItem","@id":"https:\/\/radauviska.lt\/en\/product-category\/security-systems\/access-control\/other-equipment\/buttons\/#listItem","name":"Buttons"}}]},{"@type":"ItemPage","@id":"https:\/\/radauviska.lt\/en\/product\/pb24-wireless-exit-button\/#itempage","url":"https:\/\/radauviska.lt\/en\/product\/pb24-wireless-exit-button\/","name":"PROXIMITY EXIT BUTTON, PB24 - Radau Viska","description":"PROXIMITY EXIT BUTTON, PB24Dimensions: 115 \u00d7 70 \u00d7 29 mm (L \u00d7 W \u00d7 H)Input: DC 12VContact input: 12\u201328 V, 3 AOutput contact: NO\/NC, COMService life: 50,000...","inLanguage":"en-US","isPartOf":{"@id":"https:\/\/radauviska.lt\/en\/#website"},"breadcrumb":{"@id":"https:\/\/radauviska.lt\/en\/product\/pb24-wireless-exit-button\/#breadcrumblist"},"image":{"@type":"ImageObject","url":"https:\/\/radauviska.lt\/wp-content\/uploads\/2023\/08\/Dizainas-be-pavadinimo-2023-04-15T005555.638.png","@id":"https:\/\/radauviska.lt\/en\/product\/pb24-wireless-exit-button\/#mainImage","width":500,"height":500},"primaryImageOfPage":{"@id":"https:\/\/radauviska.lt\/en\/product\/pb24-wireless-exit-button\/#mainImage"},"datePublished":"2023-08-03T11:35:39+00:00","dateModified":"2025-08-14T06:33:19+00:00"},{"@type":"Organization","@id":"https:\/\/radauviska.lt\/en\/#organization","name":"Radau Viska","url":"https:\/\/radauviska.lt\/en\/","telephone":"+37067580618","logo":{"@type":"ImageObject","url":"https:\/\/radauviska.lt\/wp-content\/uploads\/2024\/04\/huge-removebg-preview-2.png","@id":"https:\/\/radauviska.lt\/en\/product\/pb24-wireless-exit-button\/#organizationLogo","width":821,"height":304},"image":{"@id":"https:\/\/radauviska.lt\/en\/product\/pb24-wireless-exit-button\/#organizationLogo"},"sameAs":["https:\/\/www.facebook.com\/profile.php?id=100093269785891","https:\/\/www.instagram.com\/radauviska.lt\/"]},{"@type":"WebPage","@id":"https:\/\/radauviska.lt\/en\/product\/pb24-wireless-exit-button\/#webpage","url":"https:\/\/radauviska.lt\/en\/product\/pb24-wireless-exit-button\/","name":"PROXIMITY EXIT BUTTON, PB24 - Radau Viska","description":"PROXIMITY EXIT BUTTON, PB24Dimensions: 115 \u00d7 70 \u00d7 29 mm (L \u00d7 W \u00d7 H)Input: DC 12VContact input: 12\u201328 V, 3 AOutput contact: NO\/NC, COMService life: 50,000...","inLanguage":"en-US","isPartOf":{"@id":"https:\/\/radauviska.lt\/en\/#website"},"breadcrumb":{"@id":"https:\/\/radauviska.lt\/en\/product\/pb24-wireless-exit-button\/#breadcrumblist"},"image":{"@type":"ImageObject","url":"https:\/\/radauviska.lt\/wp-content\/uploads\/2023\/08\/Dizainas-be-pavadinimo-2023-04-15T005555.638.png","@id":"https:\/\/radauviska.lt\/en\/product\/pb24-wireless-exit-button\/#mainImage","width":500,"height":500},"primaryImageOfPage":{"@id":"https:\/\/radauviska.lt\/en\/product\/pb24-wireless-exit-button\/#mainImage"},"datePublished":"2023-08-03T11:35:39+00:00","dateModified":"2025-08-14T06:33:19+00:00"},{"@type":"WebSite","@id":"https:\/\/radauviska.lt\/en\/#website","url":"https:\/\/radauviska.lt\/en\/","name":"www.radauviska.lt","alternateName":"Radau visk\u0105","inLanguage":"en-US","publisher":{"@id":"https:\/\/radauviska.lt\/en\/#organization"}}]},"og:locale":"en_US","og:site_name":"Radau Viska -","og:type":"article","og:title":"PROXIMITY EXIT BUTTON, PB24 - Radau Viska","og:description":"PROXIMITY EXIT BUTTON, PB24Dimensions: 115 \u00d7 70 \u00d7 29 mm (L \u00d7 W \u00d7 H)Input: DC 12VContact input: 12\u201328 V, 3 AOutput contact: NO\/NC, COMService life: 50,000...","og:url":"https:\/\/radauviska.lt\/en\/product\/pb24-wireless-exit-button\/","og:image":"https:\/\/radauviska.lt\/wp-content\/uploads\/2023\/08\/Dizainas-be-pavadinimo-2023-04-15T005555.638.png","og:image:secure_url":"https:\/\/radauviska.lt\/wp-content\/uploads\/2023\/08\/Dizainas-be-pavadinimo-2023-04-15T005555.638.png","og:image:width":500,"og:image:height":500,"article:published_time":"2023-08-03T11:35:39+00:00","article:modified_time":"2025-08-14T06:33:19+00:00","article:publisher":"https:\/\/www.facebook.com\/profile.php?id=100093269785891","twitter:card":"summary_large_image","twitter:title":"PROXIMITY EXIT BUTTON, PB24 - Radau Viska","twitter:description":"PROXIMITY EXIT BUTTON, PB24Dimensions: 115 \u00d7 70 \u00d7 29 mm (L \u00d7 W \u00d7 H)Input: DC 12VContact input: 12\u201328 V, 3 AOutput contact: NO\/NC, COMService life: 50,000...","twitter:image":"https:\/\/radauviska.lt\/wp-content\/uploads\/2023\/08\/Dizainas-be-pavadinimo-2023-04-15T005555.638.png"},"aioseo_meta_data":{"post_id":"22857","title":null,"description":"PROXIMITY EXIT BUTTON, PB24<br>Dimensions: 115 \u00d7 70 \u00d7 29 mm (L \u00d7 W \u00d7 H)<br>Input: DC 12V<br>Contact input: 12\u201328 V, 3 A<br>Output contact: NO\/NC, COM<br>Service life: 50,000...","keywords":null,"keyphrases":{"focus":{"keyphrase":"I\u0160\u0116JIMO MYGTUKAS","score":70,"analysis":{"keyphraseInTitle":{"score":9,"maxScore":9,"error":0},"keyphraseInDescription":{"score":9,"maxScore":9,"error":0},"keyphraseLength":{"score":9,"maxScore":9,"error":0,"length":3},"keyphraseInURL":{"score":5,"maxScore":5,"error":0},"keyphraseInIntroduction":{"score":3,"maxScore":9,"error":1},"keyphraseInSubHeadings":[],"keyphraseInImageAlt":[],"keywordDensity":{"type":"high","score":0,"maxScore":9,"error":1}}},"additional":[{"keyphrase":"I\u0160\u0116JIMO","score":58,"analysis":{"keyphraseInDescription":{"score":9,"maxScore":9,"error":0},"keyphraseLength":{"score":9,"maxScore":9,"error":0,"length":2},"keyphraseInIntroduction":{"score":3,"maxScore":9,"error":1},"keyphraseInImageAlt":[],"keywordDensity":{"type":"high","score":0,"maxScore":9,"error":1}}},{"keyphrase":"I\u0160\u0116JIMO MYGTUKAS","score":58,"analysis":{"keyphraseInDescription":{"score":9,"maxScore":9,"error":0},"keyphraseLength":{"score":9,"maxScore":9,"error":0,"length":3},"keyphraseInIntroduction":{"score":3,"maxScore":9,"error":1},"keyphraseInImageAlt":[],"keywordDensity":{"type":"high","score":0,"maxScore":9,"error":1}}}]},"primary_term":null,"canonical_url":null,"og_title":null,"og_description":null,"og_object_type":"default","og_image_type":"default","og_image_url":null,"og_image_width":null,"og_image_height":null,"og_image_custom_url":null,"og_image_custom_fields":null,"og_video":"","og_custom_url":null,"og_article_section":null,"og_article_tags":null,"twitter_use_og":false,"twitter_card":"default","twitter_image_type":"default","twitter_image_url":null,"twitter_image_custom_url":null,"twitter_image_custom_fields":null,"twitter_title":null,"twitter_description":null,"schema":{"blockGraphs":[],"customGraphs":[],"default":{"data":{"Article":[],"Course":[],"Dataset":[],"FAQPage":[],"Movie":[],"Person":[],"Product":[],"ProductReview":[],"Car":[],"Recipe":[],"Service":[],"SoftwareApplication":[],"WebPage":[]},"graphName":"ItemPage","isEnabled":true},"graphs":[]},"schema_type":"default","schema_type_options":null,"pillar_content":false,"robots_default":true,"robots_noindex":false,"robots_noarchive":false,"robots_nosnippet":false,"robots_nofollow":false,"robots_noimageindex":false,"robots_noodp":false,"robots_notranslate":false,"robots_max_snippet":"-1","robots_max_videopreview":"-1","robots_max_imagepreview":"large","priority":null,"frequency":"default","local_seo":null,"seo_analyzer_scan_date":"2025-10-09 04:50:22","breadcrumb_settings":null,"limit_modified_date":false,"reviewed_by":"0","open_ai":"{\"title\":{\"suggestions\":[],\"usage\":0},\"description\":{\"suggestions\":[],\"usage\":0}}","ai":{"faqs":[],"keyPoints":[],"titles":[],"descriptions":[],"socialPosts":{"email":[],"linkedin":[],"twitter":[],"facebook":[],"instagram":[]}},"created":"2025-07-16 13:25:28","updated":"2025-11-26 23:33:38"},"aioseo_breadcrumb":"<div class=\"aioseo-breadcrumbs\"><span class=\"aioseo-breadcrumb\">\n\t<a href=\"https:\/\/radauviska.lt\/en\/\" title=\"Home\">Home<\/a>\n<\/span><span class=\"aioseo-breadcrumb-separator\">&raquo;<\/span><span class=\"aioseo-breadcrumb\">\n\t<a href=\"https:\/\/radauviska.lt\/en\/shop\/\" title=\"Shop\">Shop<\/a>\n<\/span><span class=\"aioseo-breadcrumb-separator\">&raquo;<\/span><span class=\"aioseo-breadcrumb\">\n\t<a href=\"https:\/\/radauviska.lt\/en\/product-category\/security-systems\/\" title=\"Security Systems\">Security Systems<\/a>\n<\/span><span class=\"aioseo-breadcrumb-separator\">&raquo;<\/span><span class=\"aioseo-breadcrumb\">\n\t<a href=\"https:\/\/radauviska.lt\/en\/product-category\/security-systems\/access-control\/\" title=\"Access Control\">Access Control<\/a>\n<\/span><span class=\"aioseo-breadcrumb-separator\">&raquo;<\/span><span class=\"aioseo-breadcrumb\">\n\t<a href=\"https:\/\/radauviska.lt\/en\/product-category\/security-systems\/access-control\/other-equipment\/\" title=\"Other Equipment\">Other Equipment<\/a>\n<\/span><span class=\"aioseo-breadcrumb-separator\">&raquo;<\/span><span class=\"aioseo-breadcrumb\">\n\t<a href=\"https:\/\/radauviska.lt\/en\/product-category\/security-systems\/access-control\/other-equipment\/buttons\/\" title=\"Buttons\">Buttons<\/a>\n<\/span><span class=\"aioseo-breadcrumb-separator\">&raquo;<\/span><span class=\"aioseo-breadcrumb\">\n\tPROXIMITY EXIT BUTTON, PB24\n<\/span><\/div>","aioseo_breadcrumb_json":[{"label":"Home","link":"https:\/\/radauviska.lt\/en\/"},{"label":"Shop","link":"https:\/\/radauviska.lt\/en\/shop\/"},{"label":"Security Systems","link":"https:\/\/radauviska.lt\/en\/product-category\/security-systems\/"},{"label":"Access Control","link":"https:\/\/radauviska.lt\/en\/product-category\/security-systems\/access-control\/"},{"label":"Other Equipment","link":"https:\/\/radauviska.lt\/en\/product-category\/security-systems\/access-control\/other-equipment\/"},{"label":"Buttons","link":"https:\/\/radauviska.lt\/en\/product-category\/security-systems\/access-control\/other-equipment\/buttons\/"},{"label":"PROXIMITY EXIT BUTTON, PB24","link":"https:\/\/radauviska.lt\/en\/product\/pb24-wireless-exit-button\/"}],"_links":{"self":[{"href":"https:\/\/radauviska.lt\/en\/wp-json\/wp\/v2\/product\/22857","targetHints":{"allow":["GET"]}}],"collection":[{"href":"https:\/\/radauviska.lt\/en\/wp-json\/wp\/v2\/product"}],"about":[{"href":"https:\/\/radauviska.lt\/en\/wp-json\/wp\/v2\/types\/product"}],"replies":[{"embeddable":true,"href":"https:\/\/radauviska.lt\/en\/wp-json\/wp\/v2\/comments?post=22857"}],"version-history":[{"count":1,"href":"https:\/\/radauviska.lt\/en\/wp-json\/wp\/v2\/product\/22857\/revisions"}],"predecessor-version":[{"id":23485,"href":"https:\/\/radauviska.lt\/en\/wp-json\/wp\/v2\/product\/22857\/revisions\/23485"}],"wp:featuredmedia":[{"embeddable":true,"href":"https:\/\/radauviska.lt\/en\/wp-json\/wp\/v2\/media\/17532"}],"wp:attachment":[{"href":"https:\/\/radauviska.lt\/en\/wp-json\/wp\/v2\/media?parent=22857"}],"wp:term":[{"taxonomy":"product_brand","embeddable":true,"href":"https:\/\/radauviska.lt\/en\/wp-json\/wp\/v2\/product_brand?post=22857"},{"taxonomy":"product_cat","embeddable":true,"href":"https:\/\/radauviska.lt\/en\/wp-json\/wp\/v2\/product_cat?post=22857"},{"taxonomy":"product_tag","embeddable":true,"href":"https:\/\/radauviska.lt\/en\/wp-json\/wp\/v2\/product_tag?post=22857"}],"curies":[{"name":"wp","href":"https:\/\/api.w.org\/{rel}","templated":true}]}}