{"id":22789,"date":"2023-08-03T11:36:07","date_gmt":"2023-08-03T11:36:07","guid":{"rendered":"https:\/\/radauviska.lt\/product\/yes-studio-7-days-of-beauty-makeup-removal-wipes\/"},"modified":"2025-08-12T12:31:50","modified_gmt":"2025-08-12T12:31:50","slug":"yes-studio-7-days-of-beauty-makeup-removal-wipes","status":"publish","type":"product","link":"https:\/\/radauviska.lt\/en\/product\/yes-studio-7-days-of-beauty-makeup-removal-wipes\/","title":{"rendered":"YES STUDIO 7 DAYS OF BEAUTY Makeup Removal Wipes"},"content":{"rendered":"<h1>YES STUDIO 7 DAYS OF BEAUTY MAKEUP REMOVAL WIPES<\/h1>\n<p>Yes Studio 7 Days of Beauty makeup removal wipes help simplify your nighttime routine and make it more relaxing.<\/p>\n<p>Each of these 7 beautiful, reusable facial cloths helps remove makeup with just water, requiring no makeup removers, leaving the skin clean and fresh.<\/p>\n<p>7 different colors for each day of the week.<br \/>\nMachine washable.<\/p>\n<p><b>Instructions for use:<\/b><\/p>\n<p><span style=\"font-weight: 400;\">Before first use, wash in the washing machine.<\/span><\/p>\n<p><span style=\"font-weight: 400;\">Moisten the cloth with warm water and gently wipe off the makeup.<\/span><\/p>\n<p><span style=\"font-weight: 400;\">Rinse and hang to dry.<\/span><\/p>\n<p>&nbsp;<\/p>\n<p><b>Care instructions:<\/b><\/p>\n<p><span style=\"font-weight: 400;\">Machine wash at 30\u00b0C on a gentle cycle. If needed, use only non-chlorine bleach. <\/span><\/p>\n<p><span style=\"font-weight: 400;\">Tumble dry on low heat, do not iron.<\/span><\/p>\n<p>&nbsp;<\/p>\n<p><b>Composition: 100% <\/b><span style=\"font-weight: 400;\"> polyester.<\/span><\/p>\n<p>&nbsp;<\/p>\n","protected":false},"excerpt":{"rendered":"<h1>YES STUDIO 7 DAYS OF BEAUTY MAKEUP REMOVAL WIPES<\/h1>\n<p>Yes Studio 7 Days of Beauty makeup removal wipes help simplify your nighttime routine and make it more relaxing.<\/p>\n<p>Each of these 7 beautiful, reusable facial cloths helps remove makeup with just water, requiring no makeup removers, leaving the skin clean and fresh.<\/p>\n","protected":false},"featured_media":17706,"comment_status":"open","ping_status":"closed","template":"","meta":{"_acf_changed":false,"om_disable_all_campaigns":false,"_monsterinsights_skip_tracking":false,"_monsterinsights_sitenote_active":false,"_monsterinsights_sitenote_note":"","_monsterinsights_sitenote_category":0},"product_brand":[],"product_cat":[2546],"product_tag":[3056,3057,3058,3059,3060,3061],"class_list":{"0":"post-22789","1":"product","2":"type-product","3":"status-publish","4":"has-post-thumbnail","6":"product_cat-hygiene-products","7":"product_tag-7-days-en","8":"product_tag-7-days-cloths","9":"product_tag-makeup-cloths","10":"product_tag-makeup-removal-cloths-for-the-face","11":"product_tag-yes-studio-7-days-of-beauty-makeup-removal-wipes","12":"product_tag-yes-studio-cloths","14":"first","15":"instock","16":"taxable","17":"shipping-taxable","18":"purchasable","19":"product-type-simple"},"acf":[],"aioseo_notices":[],"aioseo_head":"\n\t\t<!-- All in One SEO Pro 4.9.5.2 - aioseo.com -->\n\t<meta name=\"description\" content=\"YES STUDIO 7 DAYS OF BEAUTY Makeup Removal WipesYes Studio 7 Days of Beauty makeup removal wipes help simplify your nighttime routine and...\" \/>\n\t<meta name=\"robots\" content=\"max-image-preview:large\" \/>\n\t<link rel=\"canonical\" href=\"https:\/\/radauviska.lt\/en\/product\/yes-studio-7-days-of-beauty-makeup-removal-wipes\/\" \/>\n\t<meta name=\"generator\" content=\"All in One SEO Pro (AIOSEO) 4.9.5.2\" \/>\n\t\t<meta property=\"og:locale\" content=\"en_US\" \/>\n\t\t<meta property=\"og:site_name\" content=\"Radau Viska -\" \/>\n\t\t<meta property=\"og:type\" content=\"article\" \/>\n\t\t<meta property=\"og:title\" content=\"YES STUDIO 7 DAYS OF BEAUTY Makeup Removal Wipes -\" \/>\n\t\t<meta property=\"og:description\" content=\"YES STUDIO 7 DAYS OF BEAUTY Makeup Removal WipesYes Studio 7 Days of Beauty makeup removal wipes help simplify your nighttime routine and...\" \/>\n\t\t<meta property=\"og:url\" content=\"https:\/\/radauviska.lt\/en\/product\/yes-studio-7-days-of-beauty-makeup-removal-wipes\/\" \/>\n\t\t<meta property=\"og:image\" content=\"https:\/\/radauviska.lt\/wp-content\/uploads\/2023\/08\/Dizainas-be-pavadinimo-2023-07-21T140316.497.png\" \/>\n\t\t<meta property=\"og:image:secure_url\" content=\"https:\/\/radauviska.lt\/wp-content\/uploads\/2023\/08\/Dizainas-be-pavadinimo-2023-07-21T140316.497.png\" \/>\n\t\t<meta property=\"og:image:width\" content=\"500\" \/>\n\t\t<meta property=\"og:image:height\" content=\"500\" \/>\n\t\t<meta property=\"article:published_time\" content=\"2023-08-03T11:36:07+00:00\" \/>\n\t\t<meta property=\"article:modified_time\" content=\"2025-08-12T12:31:50+00:00\" \/>\n\t\t<meta property=\"article:publisher\" content=\"https:\/\/www.facebook.com\/profile.php?id=100093269785891\" \/>\n\t\t<meta name=\"twitter:card\" content=\"summary_large_image\" \/>\n\t\t<meta name=\"twitter:title\" content=\"YES STUDIO 7 DAYS OF BEAUTY Makeup Removal Wipes -\" \/>\n\t\t<meta name=\"twitter:description\" content=\"YES STUDIO 7 DAYS OF BEAUTY Makeup Removal WipesYes Studio 7 Days of Beauty makeup removal wipes help simplify your nighttime routine and...\" \/>\n\t\t<meta name=\"twitter:image\" content=\"https:\/\/radauviska.lt\/wp-content\/uploads\/2023\/08\/Dizainas-be-pavadinimo-2023-07-21T140316.497.png\" \/>\n\t\t<script type=\"application\/ld+json\" class=\"aioseo-schema\">\n\t\t\t{\"@context\":\"https:\\\/\\\/schema.org\",\"@graph\":[{\"@type\":\"BreadcrumbList\",\"@id\":\"https:\\\/\\\/radauviska.lt\\\/en\\\/product\\\/yes-studio-7-days-of-beauty-makeup-removal-wipes\\\/#breadcrumblist\",\"itemListElement\":[{\"@type\":\"ListItem\",\"@id\":\"https:\\\/\\\/radauviska.lt\\\/en\\\/#listItem\",\"position\":1,\"name\":\"Home\",\"item\":\"https:\\\/\\\/radauviska.lt\\\/en\\\/\",\"nextItem\":{\"@type\":\"ListItem\",\"@id\":\"https:\\\/\\\/radauviska.lt\\\/en\\\/shop\\\/#listItem\",\"name\":\"Shop\"}},{\"@type\":\"ListItem\",\"@id\":\"https:\\\/\\\/radauviska.lt\\\/en\\\/shop\\\/#listItem\",\"position\":2,\"name\":\"Shop\",\"item\":\"https:\\\/\\\/radauviska.lt\\\/en\\\/shop\\\/\",\"nextItem\":{\"@type\":\"ListItem\",\"@id\":\"https:\\\/\\\/radauviska.lt\\\/en\\\/product-category\\\/hygiene-products\\\/#listItem\",\"name\":\"Hygiene Products\"},\"previousItem\":{\"@type\":\"ListItem\",\"@id\":\"https:\\\/\\\/radauviska.lt\\\/en\\\/#listItem\",\"name\":\"Home\"}},{\"@type\":\"ListItem\",\"@id\":\"https:\\\/\\\/radauviska.lt\\\/en\\\/product-category\\\/hygiene-products\\\/#listItem\",\"position\":3,\"name\":\"Hygiene Products\",\"item\":\"https:\\\/\\\/radauviska.lt\\\/en\\\/product-category\\\/hygiene-products\\\/\",\"nextItem\":{\"@type\":\"ListItem\",\"@id\":\"https:\\\/\\\/radauviska.lt\\\/en\\\/product\\\/yes-studio-7-days-of-beauty-makeup-removal-wipes\\\/#listItem\",\"name\":\"YES STUDIO 7 DAYS OF BEAUTY Makeup Removal Wipes\"},\"previousItem\":{\"@type\":\"ListItem\",\"@id\":\"https:\\\/\\\/radauviska.lt\\\/en\\\/shop\\\/#listItem\",\"name\":\"Shop\"}},{\"@type\":\"ListItem\",\"@id\":\"https:\\\/\\\/radauviska.lt\\\/en\\\/product\\\/yes-studio-7-days-of-beauty-makeup-removal-wipes\\\/#listItem\",\"position\":4,\"name\":\"YES STUDIO 7 DAYS OF BEAUTY Makeup Removal Wipes\",\"previousItem\":{\"@type\":\"ListItem\",\"@id\":\"https:\\\/\\\/radauviska.lt\\\/en\\\/product-category\\\/hygiene-products\\\/#listItem\",\"name\":\"Hygiene Products\"}}]},{\"@type\":\"ItemPage\",\"@id\":\"https:\\\/\\\/radauviska.lt\\\/en\\\/product\\\/yes-studio-7-days-of-beauty-makeup-removal-wipes\\\/#itempage\",\"url\":\"https:\\\/\\\/radauviska.lt\\\/en\\\/product\\\/yes-studio-7-days-of-beauty-makeup-removal-wipes\\\/\",\"name\":\"YES STUDIO 7 DAYS OF BEAUTY Makeup Removal Wipes -\",\"description\":\"YES STUDIO 7 DAYS OF BEAUTY Makeup Removal WipesYes Studio 7 Days of Beauty makeup removal wipes help simplify your nighttime routine and...\",\"inLanguage\":\"en-US\",\"isPartOf\":{\"@id\":\"https:\\\/\\\/radauviska.lt\\\/en\\\/#website\"},\"breadcrumb\":{\"@id\":\"https:\\\/\\\/radauviska.lt\\\/en\\\/product\\\/yes-studio-7-days-of-beauty-makeup-removal-wipes\\\/#breadcrumblist\"},\"image\":{\"@type\":\"ImageObject\",\"url\":\"https:\\\/\\\/radauviska.lt\\\/wp-content\\\/uploads\\\/2023\\\/08\\\/Dizainas-be-pavadinimo-2023-07-21T140316.497.png\",\"@id\":\"https:\\\/\\\/radauviska.lt\\\/en\\\/product\\\/yes-studio-7-days-of-beauty-makeup-removal-wipes\\\/#mainImage\",\"width\":500,\"height\":500},\"primaryImageOfPage\":{\"@id\":\"https:\\\/\\\/radauviska.lt\\\/en\\\/product\\\/yes-studio-7-days-of-beauty-makeup-removal-wipes\\\/#mainImage\"},\"datePublished\":\"2023-08-03T11:36:07+00:00\",\"dateModified\":\"2025-08-12T12:31:50+00:00\"},{\"@type\":\"Organization\",\"@id\":\"https:\\\/\\\/radauviska.lt\\\/en\\\/#organization\",\"name\":\"Radau Viska\",\"url\":\"https:\\\/\\\/radauviska.lt\\\/en\\\/\",\"telephone\":\"+37067580618\",\"logo\":{\"@type\":\"ImageObject\",\"url\":\"https:\\\/\\\/radauviska.lt\\\/wp-content\\\/uploads\\\/2024\\\/04\\\/huge-removebg-preview-2.png\",\"@id\":\"https:\\\/\\\/radauviska.lt\\\/en\\\/product\\\/yes-studio-7-days-of-beauty-makeup-removal-wipes\\\/#organizationLogo\",\"width\":821,\"height\":304},\"image\":{\"@id\":\"https:\\\/\\\/radauviska.lt\\\/en\\\/product\\\/yes-studio-7-days-of-beauty-makeup-removal-wipes\\\/#organizationLogo\"},\"sameAs\":[\"https:\\\/\\\/www.facebook.com\\\/profile.php?id=100093269785891\",\"https:\\\/\\\/www.instagram.com\\\/radauviska.lt\\\/\"]},{\"@type\":\"WebPage\",\"@id\":\"https:\\\/\\\/radauviska.lt\\\/en\\\/product\\\/yes-studio-7-days-of-beauty-makeup-removal-wipes\\\/#webpage\",\"url\":\"https:\\\/\\\/radauviska.lt\\\/en\\\/product\\\/yes-studio-7-days-of-beauty-makeup-removal-wipes\\\/\",\"name\":\"YES STUDIO 7 DAYS OF BEAUTY Makeup Removal Wipes -\",\"description\":\"YES STUDIO 7 DAYS OF BEAUTY Makeup Removal WipesYes Studio 7 Days of Beauty makeup removal wipes help simplify your nighttime routine and...\",\"inLanguage\":\"en-US\",\"isPartOf\":{\"@id\":\"https:\\\/\\\/radauviska.lt\\\/en\\\/#website\"},\"breadcrumb\":{\"@id\":\"https:\\\/\\\/radauviska.lt\\\/en\\\/product\\\/yes-studio-7-days-of-beauty-makeup-removal-wipes\\\/#breadcrumblist\"},\"image\":{\"@type\":\"ImageObject\",\"url\":\"https:\\\/\\\/radauviska.lt\\\/wp-content\\\/uploads\\\/2023\\\/08\\\/Dizainas-be-pavadinimo-2023-07-21T140316.497.png\",\"@id\":\"https:\\\/\\\/radauviska.lt\\\/en\\\/product\\\/yes-studio-7-days-of-beauty-makeup-removal-wipes\\\/#mainImage\",\"width\":500,\"height\":500},\"primaryImageOfPage\":{\"@id\":\"https:\\\/\\\/radauviska.lt\\\/en\\\/product\\\/yes-studio-7-days-of-beauty-makeup-removal-wipes\\\/#mainImage\"},\"datePublished\":\"2023-08-03T11:36:07+00:00\",\"dateModified\":\"2025-08-12T12:31:50+00:00\"},{\"@type\":\"WebSite\",\"@id\":\"https:\\\/\\\/radauviska.lt\\\/en\\\/#website\",\"url\":\"https:\\\/\\\/radauviska.lt\\\/en\\\/\",\"name\":\"www.radauviska.lt\",\"alternateName\":\"Radau visk\\u0105\",\"inLanguage\":\"en-US\",\"publisher\":{\"@id\":\"https:\\\/\\\/radauviska.lt\\\/en\\\/#organization\"}}]}\n\t\t<\/script>\n\t\t<!-- All in One SEO Pro -->\r\n\t\t<title>YES STUDIO 7 DAYS OF BEAUTY Makeup Removal Wipes -<\/title>\n\n","aioseo_head_json":{"title":"YES STUDIO 7 DAYS OF BEAUTY Makeup Removal Wipes -","description":"YES STUDIO 7 DAYS OF BEAUTY Makeup Removal WipesYes Studio 7 Days of Beauty makeup removal wipes help simplify your nighttime routine and...","canonical_url":"https:\/\/radauviska.lt\/en\/product\/yes-studio-7-days-of-beauty-makeup-removal-wipes\/","robots":"max-image-preview:large","keywords":"","webmasterTools":{"miscellaneous":""},"schema":{"@context":"https:\/\/schema.org","@graph":[{"@type":"BreadcrumbList","@id":"https:\/\/radauviska.lt\/en\/product\/yes-studio-7-days-of-beauty-makeup-removal-wipes\/#breadcrumblist","itemListElement":[{"@type":"ListItem","@id":"https:\/\/radauviska.lt\/en\/#listItem","position":1,"name":"Home","item":"https:\/\/radauviska.lt\/en\/","nextItem":{"@type":"ListItem","@id":"https:\/\/radauviska.lt\/en\/shop\/#listItem","name":"Shop"}},{"@type":"ListItem","@id":"https:\/\/radauviska.lt\/en\/shop\/#listItem","position":2,"name":"Shop","item":"https:\/\/radauviska.lt\/en\/shop\/","nextItem":{"@type":"ListItem","@id":"https:\/\/radauviska.lt\/en\/product-category\/hygiene-products\/#listItem","name":"Hygiene Products"},"previousItem":{"@type":"ListItem","@id":"https:\/\/radauviska.lt\/en\/#listItem","name":"Home"}},{"@type":"ListItem","@id":"https:\/\/radauviska.lt\/en\/product-category\/hygiene-products\/#listItem","position":3,"name":"Hygiene Products","item":"https:\/\/radauviska.lt\/en\/product-category\/hygiene-products\/","nextItem":{"@type":"ListItem","@id":"https:\/\/radauviska.lt\/en\/product\/yes-studio-7-days-of-beauty-makeup-removal-wipes\/#listItem","name":"YES STUDIO 7 DAYS OF BEAUTY Makeup Removal Wipes"},"previousItem":{"@type":"ListItem","@id":"https:\/\/radauviska.lt\/en\/shop\/#listItem","name":"Shop"}},{"@type":"ListItem","@id":"https:\/\/radauviska.lt\/en\/product\/yes-studio-7-days-of-beauty-makeup-removal-wipes\/#listItem","position":4,"name":"YES STUDIO 7 DAYS OF BEAUTY Makeup Removal Wipes","previousItem":{"@type":"ListItem","@id":"https:\/\/radauviska.lt\/en\/product-category\/hygiene-products\/#listItem","name":"Hygiene Products"}}]},{"@type":"ItemPage","@id":"https:\/\/radauviska.lt\/en\/product\/yes-studio-7-days-of-beauty-makeup-removal-wipes\/#itempage","url":"https:\/\/radauviska.lt\/en\/product\/yes-studio-7-days-of-beauty-makeup-removal-wipes\/","name":"YES STUDIO 7 DAYS OF BEAUTY Makeup Removal Wipes -","description":"YES STUDIO 7 DAYS OF BEAUTY Makeup Removal WipesYes Studio 7 Days of Beauty makeup removal wipes help simplify your nighttime routine and...","inLanguage":"en-US","isPartOf":{"@id":"https:\/\/radauviska.lt\/en\/#website"},"breadcrumb":{"@id":"https:\/\/radauviska.lt\/en\/product\/yes-studio-7-days-of-beauty-makeup-removal-wipes\/#breadcrumblist"},"image":{"@type":"ImageObject","url":"https:\/\/radauviska.lt\/wp-content\/uploads\/2023\/08\/Dizainas-be-pavadinimo-2023-07-21T140316.497.png","@id":"https:\/\/radauviska.lt\/en\/product\/yes-studio-7-days-of-beauty-makeup-removal-wipes\/#mainImage","width":500,"height":500},"primaryImageOfPage":{"@id":"https:\/\/radauviska.lt\/en\/product\/yes-studio-7-days-of-beauty-makeup-removal-wipes\/#mainImage"},"datePublished":"2023-08-03T11:36:07+00:00","dateModified":"2025-08-12T12:31:50+00:00"},{"@type":"Organization","@id":"https:\/\/radauviska.lt\/en\/#organization","name":"Radau Viska","url":"https:\/\/radauviska.lt\/en\/","telephone":"+37067580618","logo":{"@type":"ImageObject","url":"https:\/\/radauviska.lt\/wp-content\/uploads\/2024\/04\/huge-removebg-preview-2.png","@id":"https:\/\/radauviska.lt\/en\/product\/yes-studio-7-days-of-beauty-makeup-removal-wipes\/#organizationLogo","width":821,"height":304},"image":{"@id":"https:\/\/radauviska.lt\/en\/product\/yes-studio-7-days-of-beauty-makeup-removal-wipes\/#organizationLogo"},"sameAs":["https:\/\/www.facebook.com\/profile.php?id=100093269785891","https:\/\/www.instagram.com\/radauviska.lt\/"]},{"@type":"WebPage","@id":"https:\/\/radauviska.lt\/en\/product\/yes-studio-7-days-of-beauty-makeup-removal-wipes\/#webpage","url":"https:\/\/radauviska.lt\/en\/product\/yes-studio-7-days-of-beauty-makeup-removal-wipes\/","name":"YES STUDIO 7 DAYS OF BEAUTY Makeup Removal Wipes -","description":"YES STUDIO 7 DAYS OF BEAUTY Makeup Removal WipesYes Studio 7 Days of Beauty makeup removal wipes help simplify your nighttime routine and...","inLanguage":"en-US","isPartOf":{"@id":"https:\/\/radauviska.lt\/en\/#website"},"breadcrumb":{"@id":"https:\/\/radauviska.lt\/en\/product\/yes-studio-7-days-of-beauty-makeup-removal-wipes\/#breadcrumblist"},"image":{"@type":"ImageObject","url":"https:\/\/radauviska.lt\/wp-content\/uploads\/2023\/08\/Dizainas-be-pavadinimo-2023-07-21T140316.497.png","@id":"https:\/\/radauviska.lt\/en\/product\/yes-studio-7-days-of-beauty-makeup-removal-wipes\/#mainImage","width":500,"height":500},"primaryImageOfPage":{"@id":"https:\/\/radauviska.lt\/en\/product\/yes-studio-7-days-of-beauty-makeup-removal-wipes\/#mainImage"},"datePublished":"2023-08-03T11:36:07+00:00","dateModified":"2025-08-12T12:31:50+00:00"},{"@type":"WebSite","@id":"https:\/\/radauviska.lt\/en\/#website","url":"https:\/\/radauviska.lt\/en\/","name":"www.radauviska.lt","alternateName":"Radau visk\u0105","inLanguage":"en-US","publisher":{"@id":"https:\/\/radauviska.lt\/en\/#organization"}}]},"og:locale":"en_US","og:site_name":"Radau Viska -","og:type":"article","og:title":"YES STUDIO 7 DAYS OF BEAUTY Makeup Removal Wipes -","og:description":"YES STUDIO 7 DAYS OF BEAUTY Makeup Removal WipesYes Studio 7 Days of Beauty makeup removal wipes help simplify your nighttime routine and...","og:url":"https:\/\/radauviska.lt\/en\/product\/yes-studio-7-days-of-beauty-makeup-removal-wipes\/","og:image":"https:\/\/radauviska.lt\/wp-content\/uploads\/2023\/08\/Dizainas-be-pavadinimo-2023-07-21T140316.497.png","og:image:secure_url":"https:\/\/radauviska.lt\/wp-content\/uploads\/2023\/08\/Dizainas-be-pavadinimo-2023-07-21T140316.497.png","og:image:width":500,"og:image:height":500,"article:published_time":"2023-08-03T11:36:07+00:00","article:modified_time":"2025-08-12T12:31:50+00:00","article:publisher":"https:\/\/www.facebook.com\/profile.php?id=100093269785891","twitter:card":"summary_large_image","twitter:title":"YES STUDIO 7 DAYS OF BEAUTY Makeup Removal Wipes -","twitter:description":"YES STUDIO 7 DAYS OF BEAUTY Makeup Removal WipesYes Studio 7 Days of Beauty makeup removal wipes help simplify your nighttime routine and...","twitter:image":"https:\/\/radauviska.lt\/wp-content\/uploads\/2023\/08\/Dizainas-be-pavadinimo-2023-07-21T140316.497.png"},"aioseo_meta_data":{"post_id":"22789","title":"#post_title #separator_sa","description":"YES STUDIO 7 DAYS OF BEAUTY Makeup Removal Wipes<br>Yes Studio 7 Days of Beauty makeup removal wipes help simplify your nighttime routine and...","keywords":null,"keyphrases":{"focus":{"keyphrase":"MAKIA\u017dO \u0160ALINIMO \u0160LUOST\u0116S","score":94,"analysis":{"keyphraseInTitle":{"score":9,"maxScore":9,"error":0},"keyphraseInDescription":{"score":9,"maxScore":9,"error":0},"keyphraseLength":{"score":6,"maxScore":9,"error":1,"length":5},"keyphraseInURL":{"score":5,"maxScore":5,"error":0},"keyphraseInIntroduction":{"score":9,"maxScore":9,"error":0},"keyphraseInSubHeadings":[],"keyphraseInImageAlt":[],"keywordDensity":{"type":"best","score":9,"maxScore":9,"error":0}}},"additional":[{"keyphrase":"MAKIA\u017dO \u0160ALINIMO \u0160LUOST\u0116S","score":92,"analysis":{"keyphraseInDescription":{"score":9,"maxScore":9,"error":0},"keyphraseLength":{"score":6,"maxScore":9,"error":1,"length":5},"keyphraseInIntroduction":{"score":9,"maxScore":9,"error":0},"keyphraseInImageAlt":[],"keywordDensity":{"type":"best","score":9,"maxScore":9,"error":0}}}]},"primary_term":null,"canonical_url":null,"og_title":null,"og_description":null,"og_object_type":"default","og_image_type":"default","og_image_url":null,"og_image_width":null,"og_image_height":null,"og_image_custom_url":null,"og_image_custom_fields":null,"og_video":"","og_custom_url":null,"og_article_section":null,"og_article_tags":null,"twitter_use_og":false,"twitter_card":"default","twitter_image_type":"default","twitter_image_url":null,"twitter_image_custom_url":null,"twitter_image_custom_fields":null,"twitter_title":null,"twitter_description":null,"schema":{"blockGraphs":[],"customGraphs":[],"default":{"data":{"Article":[],"Course":[],"Dataset":[],"FAQPage":[],"Movie":[],"Person":[],"Product":[],"ProductReview":[],"Car":[],"Recipe":[],"Service":[],"SoftwareApplication":[],"WebPage":[]},"graphName":"ItemPage","isEnabled":true},"graphs":[]},"schema_type":"default","schema_type_options":null,"pillar_content":false,"robots_default":true,"robots_noindex":false,"robots_noarchive":false,"robots_nosnippet":false,"robots_nofollow":false,"robots_noimageindex":false,"robots_noodp":false,"robots_notranslate":false,"robots_max_snippet":"-1","robots_max_videopreview":"-1","robots_max_imagepreview":"large","priority":null,"frequency":"default","local_seo":null,"seo_analyzer_scan_date":"2025-10-09 01:21:00","breadcrumb_settings":null,"limit_modified_date":false,"reviewed_by":"0","open_ai":"{\"title\":{\"suggestions\":[],\"usage\":0},\"description\":{\"suggestions\":[],\"usage\":0}}","ai":{"faqs":[],"keyPoints":[],"titles":[],"descriptions":[],"socialPosts":{"email":[],"linkedin":[],"twitter":[],"facebook":[],"instagram":[]}},"created":"2025-07-16 07:24:07","updated":"2025-11-26 23:42:16"},"aioseo_breadcrumb":"<div class=\"aioseo-breadcrumbs\"><span class=\"aioseo-breadcrumb\">\n\t<a href=\"https:\/\/radauviska.lt\/en\/\" title=\"Home\">Home<\/a>\n<\/span><span class=\"aioseo-breadcrumb-separator\">&raquo;<\/span><span class=\"aioseo-breadcrumb\">\n\t<a href=\"https:\/\/radauviska.lt\/en\/shop\/\" title=\"Shop\">Shop<\/a>\n<\/span><span class=\"aioseo-breadcrumb-separator\">&raquo;<\/span><span class=\"aioseo-breadcrumb\">\n\t<a href=\"https:\/\/radauviska.lt\/en\/product-category\/hygiene-products\/\" title=\"Hygiene Products\">Hygiene Products<\/a>\n<\/span><span class=\"aioseo-breadcrumb-separator\">&raquo;<\/span><span class=\"aioseo-breadcrumb\">\n\tYES STUDIO 7 DAYS OF BEAUTY Makeup Removal Wipes\n<\/span><\/div>","aioseo_breadcrumb_json":[{"label":"Home","link":"https:\/\/radauviska.lt\/en\/"},{"label":"Shop","link":"https:\/\/radauviska.lt\/en\/shop\/"},{"label":"Hygiene Products","link":"https:\/\/radauviska.lt\/en\/product-category\/hygiene-products\/"},{"label":"YES STUDIO 7 DAYS OF BEAUTY Makeup Removal Wipes","link":"https:\/\/radauviska.lt\/en\/product\/yes-studio-7-days-of-beauty-makeup-removal-wipes\/"}],"_links":{"self":[{"href":"https:\/\/radauviska.lt\/en\/wp-json\/wp\/v2\/product\/22789","targetHints":{"allow":["GET"]}}],"collection":[{"href":"https:\/\/radauviska.lt\/en\/wp-json\/wp\/v2\/product"}],"about":[{"href":"https:\/\/radauviska.lt\/en\/wp-json\/wp\/v2\/types\/product"}],"replies":[{"embeddable":true,"href":"https:\/\/radauviska.lt\/en\/wp-json\/wp\/v2\/comments?post=22789"}],"version-history":[{"count":1,"href":"https:\/\/radauviska.lt\/en\/wp-json\/wp\/v2\/product\/22789\/revisions"}],"predecessor-version":[{"id":23451,"href":"https:\/\/radauviska.lt\/en\/wp-json\/wp\/v2\/product\/22789\/revisions\/23451"}],"wp:featuredmedia":[{"embeddable":true,"href":"https:\/\/radauviska.lt\/en\/wp-json\/wp\/v2\/media\/17706"}],"wp:attachment":[{"href":"https:\/\/radauviska.lt\/en\/wp-json\/wp\/v2\/media?parent=22789"}],"wp:term":[{"taxonomy":"product_brand","embeddable":true,"href":"https:\/\/radauviska.lt\/en\/wp-json\/wp\/v2\/product_brand?post=22789"},{"taxonomy":"product_cat","embeddable":true,"href":"https:\/\/radauviska.lt\/en\/wp-json\/wp\/v2\/product_cat?post=22789"},{"taxonomy":"product_tag","embeddable":true,"href":"https:\/\/radauviska.lt\/en\/wp-json\/wp\/v2\/product_tag?post=22789"}],"curies":[{"name":"wp","href":"https:\/\/api.w.org\/{rel}","templated":true}]}}