{"id":22766,"date":"2023-08-03T11:36:07","date_gmt":"2023-08-03T11:36:07","guid":{"rendered":"https:\/\/radauviska.lt\/product\/tigi-bed-head-hair-care-set-recovery\/"},"modified":"2025-08-12T12:21:02","modified_gmt":"2025-08-12T12:21:02","slug":"tigi-bed-head-hair-care-set-recovery","status":"publish","type":"product","link":"https:\/\/radauviska.lt\/en\/product\/tigi-bed-head-hair-care-set-recovery\/","title":{"rendered":"TIGI Bed Head Hair Care Set RECOVERY"},"content":{"rendered":"<h1>TIGI BED HEAD HAIR CARE SET RECOVERY: shampoo 750ml + conditioner 750ml<\/h1>\n<p>TIGI BED HEAD RECOVERY shampoo and conditioner are ideal for revitalizing color-treated and heat-damaged, dry hair.<\/p>\n<p>Deep cleansing shampoo hydrates and helps remove dirt from the hair. The moisturizing conditioner hydrates, smooths, and softens dry hair while providing high-level care and conditioning.m\u0105. <\/p>\n<p>Suitable for moisturizing dry and damaged hair. Both hair products are suitable for color-treated hair. Massage the shampoo into wet hair, rinse thoroughly, then apply the conditioner to the mid-lengths and ends of damp hair, leave for 3-5 minutes, and rinse well.  <\/p>\n<p>Formulated with glycerin to hydrate and condition; dimethiconol to protect hair from future damage; silicones to enhance softness and shine; amodimethicone to smooth hair and reduce shedding; and dipropylene glycol to condition and moisturize the hair.<\/p>\n<p>This professional shampoo and conditioner set includes a 750 ml shampoo and a 750 ml conditioner.<\/p>\n<p>CAUTION: AVOID CONTACT WITH EYES. If contact occurs, rinse thoroughly with water.<br \/>\nMade in the USA. <\/p>\n","protected":false},"excerpt":{"rendered":"<h1>TIGI BED HEAD HAIR CARE SET RECOVERY: shampoo 750ml + conditioner 750ml<\/h1>\n<p>TIGI BED HEAD RECOVERY shampoo and conditioner are ideal for revitalizing color-treated and heat-damaged, dry hair.<\/p>\n<p>Deep cleansing shampoo hydrates and helps remove dirt from the hair. The moisturizing conditioner hydrates, smooths, and softens dry hair while providing high-level care and conditioning.m\u0105. <\/p>\n","protected":false},"featured_media":18885,"comment_status":"open","ping_status":"closed","template":"","meta":{"_acf_changed":false,"om_disable_all_campaigns":false,"_monsterinsights_skip_tracking":false,"_monsterinsights_sitenote_active":false,"_monsterinsights_sitenote_note":"","_monsterinsights_sitenote_category":0},"product_brand":[],"product_cat":[2546],"product_tag":[3042,3043,3044],"class_list":{"0":"post-22766","1":"product","2":"type-product","3":"status-publish","4":"has-post-thumbnail","6":"product_cat-hygiene-products","7":"product_tag-bed-head-en","8":"product_tag-tigi-bed-head-recovery-en","9":"product_tag-tigi-bed-head-shampoo-and-conditioner-recovery","11":"first","12":"outofstock","13":"taxable","14":"shipping-taxable","15":"purchasable","16":"product-type-simple"},"acf":[],"aioseo_notices":[],"aioseo_head":"\n\t\t<!-- All in One SEO Pro 4.9.6.2 - aioseo.com -->\n\t<meta name=\"description\" content=\"TIGI BED HEAD HAIR CARE SET RECOVERY: Shampoo 750 ml + Conditioner 750 mlTIGI Bed Head Recovery shampoo and conditioner are ideal for...\" \/>\n\t<meta name=\"robots\" content=\"max-image-preview:large\" \/>\n\t<link rel=\"canonical\" href=\"https:\/\/radauviska.lt\/en\/product\/tigi-bed-head-hair-care-set-recovery\/\" \/>\n\t<meta name=\"generator\" content=\"All in One SEO Pro (AIOSEO) 4.9.6.2\" \/>\n\t\t<meta property=\"og:locale\" content=\"en_US\" \/>\n\t\t<meta property=\"og:site_name\" content=\"Radau Viska -\" \/>\n\t\t<meta property=\"og:type\" content=\"article\" \/>\n\t\t<meta property=\"og:title\" content=\"TIGI Bed Head Hair Care Set RECOVERY -\" \/>\n\t\t<meta property=\"og:description\" content=\"TIGI BED HEAD HAIR CARE SET RECOVERY: Shampoo 750 ml + Conditioner 750 mlTIGI Bed Head Recovery shampoo and conditioner are ideal for...\" \/>\n\t\t<meta property=\"og:url\" content=\"https:\/\/radauviska.lt\/en\/product\/tigi-bed-head-hair-care-set-recovery\/\" \/>\n\t\t<meta property=\"og:image\" content=\"https:\/\/radauviska.lt\/wp-content\/uploads\/2023\/08\/tigi-recovery-1.jpg\" \/>\n\t\t<meta property=\"og:image:secure_url\" content=\"https:\/\/radauviska.lt\/wp-content\/uploads\/2023\/08\/tigi-recovery-1.jpg\" \/>\n\t\t<meta property=\"og:image:width\" content=\"1500\" \/>\n\t\t<meta property=\"og:image:height\" content=\"1500\" \/>\n\t\t<meta property=\"article:published_time\" content=\"2023-08-03T11:36:07+00:00\" \/>\n\t\t<meta property=\"article:modified_time\" content=\"2025-08-12T12:21:02+00:00\" \/>\n\t\t<meta property=\"article:publisher\" content=\"https:\/\/www.facebook.com\/profile.php?id=100093269785891\" \/>\n\t\t<meta name=\"twitter:card\" content=\"summary_large_image\" \/>\n\t\t<meta name=\"twitter:title\" content=\"TIGI Bed Head Hair Care Set RECOVERY -\" \/>\n\t\t<meta name=\"twitter:description\" content=\"TIGI BED HEAD HAIR CARE SET RECOVERY: Shampoo 750 ml + Conditioner 750 mlTIGI Bed Head Recovery shampoo and conditioner are ideal for...\" \/>\n\t\t<meta name=\"twitter:image\" content=\"https:\/\/radauviska.lt\/wp-content\/uploads\/2023\/08\/tigi-recovery-1.jpg\" \/>\n\t\t<script type=\"application\/ld+json\" class=\"aioseo-schema\">\n\t\t\t{\"@context\":\"https:\\\/\\\/schema.org\",\"@graph\":[{\"@type\":\"BreadcrumbList\",\"@id\":\"https:\\\/\\\/radauviska.lt\\\/en\\\/product\\\/tigi-bed-head-hair-care-set-recovery\\\/#breadcrumblist\",\"itemListElement\":[{\"@type\":\"ListItem\",\"@id\":\"https:\\\/\\\/radauviska.lt\\\/en\\\/#listItem\",\"position\":1,\"name\":\"Home\",\"item\":\"https:\\\/\\\/radauviska.lt\\\/en\\\/\",\"nextItem\":{\"@type\":\"ListItem\",\"@id\":\"https:\\\/\\\/radauviska.lt\\\/en\\\/shop\\\/#listItem\",\"name\":\"Shop\"}},{\"@type\":\"ListItem\",\"@id\":\"https:\\\/\\\/radauviska.lt\\\/en\\\/shop\\\/#listItem\",\"position\":2,\"name\":\"Shop\",\"item\":\"https:\\\/\\\/radauviska.lt\\\/en\\\/shop\\\/\",\"nextItem\":{\"@type\":\"ListItem\",\"@id\":\"https:\\\/\\\/radauviska.lt\\\/en\\\/product-category\\\/hygiene-products\\\/#listItem\",\"name\":\"Hygiene Products\"},\"previousItem\":{\"@type\":\"ListItem\",\"@id\":\"https:\\\/\\\/radauviska.lt\\\/en\\\/#listItem\",\"name\":\"Home\"}},{\"@type\":\"ListItem\",\"@id\":\"https:\\\/\\\/radauviska.lt\\\/en\\\/product-category\\\/hygiene-products\\\/#listItem\",\"position\":3,\"name\":\"Hygiene Products\",\"item\":\"https:\\\/\\\/radauviska.lt\\\/en\\\/product-category\\\/hygiene-products\\\/\",\"nextItem\":{\"@type\":\"ListItem\",\"@id\":\"https:\\\/\\\/radauviska.lt\\\/en\\\/product\\\/tigi-bed-head-hair-care-set-recovery\\\/#listItem\",\"name\":\"TIGI Bed Head Hair Care Set RECOVERY\"},\"previousItem\":{\"@type\":\"ListItem\",\"@id\":\"https:\\\/\\\/radauviska.lt\\\/en\\\/shop\\\/#listItem\",\"name\":\"Shop\"}},{\"@type\":\"ListItem\",\"@id\":\"https:\\\/\\\/radauviska.lt\\\/en\\\/product\\\/tigi-bed-head-hair-care-set-recovery\\\/#listItem\",\"position\":4,\"name\":\"TIGI Bed Head Hair Care Set RECOVERY\",\"previousItem\":{\"@type\":\"ListItem\",\"@id\":\"https:\\\/\\\/radauviska.lt\\\/en\\\/product-category\\\/hygiene-products\\\/#listItem\",\"name\":\"Hygiene Products\"}}]},{\"@type\":\"ItemPage\",\"@id\":\"https:\\\/\\\/radauviska.lt\\\/en\\\/product\\\/tigi-bed-head-hair-care-set-recovery\\\/#itempage\",\"url\":\"https:\\\/\\\/radauviska.lt\\\/en\\\/product\\\/tigi-bed-head-hair-care-set-recovery\\\/\",\"name\":\"TIGI Bed Head Hair Care Set RECOVERY -\",\"description\":\"TIGI BED HEAD HAIR CARE SET RECOVERY: Shampoo 750 ml + Conditioner 750 mlTIGI Bed Head Recovery shampoo and conditioner are ideal for...\",\"inLanguage\":\"en-US\",\"isPartOf\":{\"@id\":\"https:\\\/\\\/radauviska.lt\\\/en\\\/#website\"},\"breadcrumb\":{\"@id\":\"https:\\\/\\\/radauviska.lt\\\/en\\\/product\\\/tigi-bed-head-hair-care-set-recovery\\\/#breadcrumblist\"},\"image\":{\"@type\":\"ImageObject\",\"url\":\"https:\\\/\\\/radauviska.lt\\\/wp-content\\\/uploads\\\/2023\\\/08\\\/tigi-recovery-1.jpg\",\"@id\":\"https:\\\/\\\/radauviska.lt\\\/en\\\/product\\\/tigi-bed-head-hair-care-set-recovery\\\/#mainImage\",\"width\":1500,\"height\":1500},\"primaryImageOfPage\":{\"@id\":\"https:\\\/\\\/radauviska.lt\\\/en\\\/product\\\/tigi-bed-head-hair-care-set-recovery\\\/#mainImage\"},\"datePublished\":\"2023-08-03T11:36:07+00:00\",\"dateModified\":\"2025-08-12T12:21:02+00:00\"},{\"@type\":\"Organization\",\"@id\":\"https:\\\/\\\/radauviska.lt\\\/en\\\/#organization\",\"name\":\"Radau Viska\",\"url\":\"https:\\\/\\\/radauviska.lt\\\/en\\\/\",\"telephone\":\"+37067580618\",\"logo\":{\"@type\":\"ImageObject\",\"url\":\"https:\\\/\\\/radauviska.lt\\\/wp-content\\\/uploads\\\/2024\\\/04\\\/huge-removebg-preview-2.png\",\"@id\":\"https:\\\/\\\/radauviska.lt\\\/en\\\/product\\\/tigi-bed-head-hair-care-set-recovery\\\/#organizationLogo\",\"width\":821,\"height\":304},\"image\":{\"@id\":\"https:\\\/\\\/radauviska.lt\\\/en\\\/product\\\/tigi-bed-head-hair-care-set-recovery\\\/#organizationLogo\"},\"sameAs\":[\"https:\\\/\\\/www.facebook.com\\\/profile.php?id=100093269785891\",\"https:\\\/\\\/www.instagram.com\\\/radauviska.lt\\\/\"]},{\"@type\":\"WebPage\",\"@id\":\"https:\\\/\\\/radauviska.lt\\\/en\\\/product\\\/tigi-bed-head-hair-care-set-recovery\\\/#webpage\",\"url\":\"https:\\\/\\\/radauviska.lt\\\/en\\\/product\\\/tigi-bed-head-hair-care-set-recovery\\\/\",\"name\":\"TIGI Bed Head Hair Care Set RECOVERY -\",\"description\":\"TIGI BED HEAD HAIR CARE SET RECOVERY: Shampoo 750 ml + Conditioner 750 mlTIGI Bed Head Recovery shampoo and conditioner are ideal for...\",\"inLanguage\":\"en-US\",\"isPartOf\":{\"@id\":\"https:\\\/\\\/radauviska.lt\\\/en\\\/#website\"},\"breadcrumb\":{\"@id\":\"https:\\\/\\\/radauviska.lt\\\/en\\\/product\\\/tigi-bed-head-hair-care-set-recovery\\\/#breadcrumblist\"},\"image\":{\"@type\":\"ImageObject\",\"url\":\"https:\\\/\\\/radauviska.lt\\\/wp-content\\\/uploads\\\/2023\\\/08\\\/tigi-recovery-1.jpg\",\"@id\":\"https:\\\/\\\/radauviska.lt\\\/en\\\/product\\\/tigi-bed-head-hair-care-set-recovery\\\/#mainImage\",\"width\":1500,\"height\":1500},\"primaryImageOfPage\":{\"@id\":\"https:\\\/\\\/radauviska.lt\\\/en\\\/product\\\/tigi-bed-head-hair-care-set-recovery\\\/#mainImage\"},\"datePublished\":\"2023-08-03T11:36:07+00:00\",\"dateModified\":\"2025-08-12T12:21:02+00:00\"},{\"@type\":\"WebSite\",\"@id\":\"https:\\\/\\\/radauviska.lt\\\/en\\\/#website\",\"url\":\"https:\\\/\\\/radauviska.lt\\\/en\\\/\",\"name\":\"www.radauviska.lt\",\"alternateName\":\"Radau visk\\u0105\",\"inLanguage\":\"en-US\",\"publisher\":{\"@id\":\"https:\\\/\\\/radauviska.lt\\\/en\\\/#organization\"}}]}\n\t\t<\/script>\n\t\t<!-- All in One SEO Pro -->\r\n\t\t<title>TIGI Bed Head Hair Care Set RECOVERY -<\/title>\n\n","aioseo_head_json":{"title":"TIGI Bed Head Hair Care Set RECOVERY -","description":"TIGI BED HEAD HAIR CARE SET RECOVERY: Shampoo 750 ml + Conditioner 750 mlTIGI Bed Head Recovery shampoo and conditioner are ideal for...","canonical_url":"https:\/\/radauviska.lt\/en\/product\/tigi-bed-head-hair-care-set-recovery\/","robots":"max-image-preview:large","keywords":"","webmasterTools":{"miscellaneous":""},"schema":{"@context":"https:\/\/schema.org","@graph":[{"@type":"BreadcrumbList","@id":"https:\/\/radauviska.lt\/en\/product\/tigi-bed-head-hair-care-set-recovery\/#breadcrumblist","itemListElement":[{"@type":"ListItem","@id":"https:\/\/radauviska.lt\/en\/#listItem","position":1,"name":"Home","item":"https:\/\/radauviska.lt\/en\/","nextItem":{"@type":"ListItem","@id":"https:\/\/radauviska.lt\/en\/shop\/#listItem","name":"Shop"}},{"@type":"ListItem","@id":"https:\/\/radauviska.lt\/en\/shop\/#listItem","position":2,"name":"Shop","item":"https:\/\/radauviska.lt\/en\/shop\/","nextItem":{"@type":"ListItem","@id":"https:\/\/radauviska.lt\/en\/product-category\/hygiene-products\/#listItem","name":"Hygiene Products"},"previousItem":{"@type":"ListItem","@id":"https:\/\/radauviska.lt\/en\/#listItem","name":"Home"}},{"@type":"ListItem","@id":"https:\/\/radauviska.lt\/en\/product-category\/hygiene-products\/#listItem","position":3,"name":"Hygiene Products","item":"https:\/\/radauviska.lt\/en\/product-category\/hygiene-products\/","nextItem":{"@type":"ListItem","@id":"https:\/\/radauviska.lt\/en\/product\/tigi-bed-head-hair-care-set-recovery\/#listItem","name":"TIGI Bed Head Hair Care Set RECOVERY"},"previousItem":{"@type":"ListItem","@id":"https:\/\/radauviska.lt\/en\/shop\/#listItem","name":"Shop"}},{"@type":"ListItem","@id":"https:\/\/radauviska.lt\/en\/product\/tigi-bed-head-hair-care-set-recovery\/#listItem","position":4,"name":"TIGI Bed Head Hair Care Set RECOVERY","previousItem":{"@type":"ListItem","@id":"https:\/\/radauviska.lt\/en\/product-category\/hygiene-products\/#listItem","name":"Hygiene Products"}}]},{"@type":"ItemPage","@id":"https:\/\/radauviska.lt\/en\/product\/tigi-bed-head-hair-care-set-recovery\/#itempage","url":"https:\/\/radauviska.lt\/en\/product\/tigi-bed-head-hair-care-set-recovery\/","name":"TIGI Bed Head Hair Care Set RECOVERY -","description":"TIGI BED HEAD HAIR CARE SET RECOVERY: Shampoo 750 ml + Conditioner 750 mlTIGI Bed Head Recovery shampoo and conditioner are ideal for...","inLanguage":"en-US","isPartOf":{"@id":"https:\/\/radauviska.lt\/en\/#website"},"breadcrumb":{"@id":"https:\/\/radauviska.lt\/en\/product\/tigi-bed-head-hair-care-set-recovery\/#breadcrumblist"},"image":{"@type":"ImageObject","url":"https:\/\/radauviska.lt\/wp-content\/uploads\/2023\/08\/tigi-recovery-1.jpg","@id":"https:\/\/radauviska.lt\/en\/product\/tigi-bed-head-hair-care-set-recovery\/#mainImage","width":1500,"height":1500},"primaryImageOfPage":{"@id":"https:\/\/radauviska.lt\/en\/product\/tigi-bed-head-hair-care-set-recovery\/#mainImage"},"datePublished":"2023-08-03T11:36:07+00:00","dateModified":"2025-08-12T12:21:02+00:00"},{"@type":"Organization","@id":"https:\/\/radauviska.lt\/en\/#organization","name":"Radau Viska","url":"https:\/\/radauviska.lt\/en\/","telephone":"+37067580618","logo":{"@type":"ImageObject","url":"https:\/\/radauviska.lt\/wp-content\/uploads\/2024\/04\/huge-removebg-preview-2.png","@id":"https:\/\/radauviska.lt\/en\/product\/tigi-bed-head-hair-care-set-recovery\/#organizationLogo","width":821,"height":304},"image":{"@id":"https:\/\/radauviska.lt\/en\/product\/tigi-bed-head-hair-care-set-recovery\/#organizationLogo"},"sameAs":["https:\/\/www.facebook.com\/profile.php?id=100093269785891","https:\/\/www.instagram.com\/radauviska.lt\/"]},{"@type":"WebPage","@id":"https:\/\/radauviska.lt\/en\/product\/tigi-bed-head-hair-care-set-recovery\/#webpage","url":"https:\/\/radauviska.lt\/en\/product\/tigi-bed-head-hair-care-set-recovery\/","name":"TIGI Bed Head Hair Care Set RECOVERY -","description":"TIGI BED HEAD HAIR CARE SET RECOVERY: Shampoo 750 ml + Conditioner 750 mlTIGI Bed Head Recovery shampoo and conditioner are ideal for...","inLanguage":"en-US","isPartOf":{"@id":"https:\/\/radauviska.lt\/en\/#website"},"breadcrumb":{"@id":"https:\/\/radauviska.lt\/en\/product\/tigi-bed-head-hair-care-set-recovery\/#breadcrumblist"},"image":{"@type":"ImageObject","url":"https:\/\/radauviska.lt\/wp-content\/uploads\/2023\/08\/tigi-recovery-1.jpg","@id":"https:\/\/radauviska.lt\/en\/product\/tigi-bed-head-hair-care-set-recovery\/#mainImage","width":1500,"height":1500},"primaryImageOfPage":{"@id":"https:\/\/radauviska.lt\/en\/product\/tigi-bed-head-hair-care-set-recovery\/#mainImage"},"datePublished":"2023-08-03T11:36:07+00:00","dateModified":"2025-08-12T12:21:02+00:00"},{"@type":"WebSite","@id":"https:\/\/radauviska.lt\/en\/#website","url":"https:\/\/radauviska.lt\/en\/","name":"www.radauviska.lt","alternateName":"Radau visk\u0105","inLanguage":"en-US","publisher":{"@id":"https:\/\/radauviska.lt\/en\/#organization"}}]},"og:locale":"en_US","og:site_name":"Radau Viska -","og:type":"article","og:title":"TIGI Bed Head Hair Care Set RECOVERY -","og:description":"TIGI BED HEAD HAIR CARE SET RECOVERY: Shampoo 750 ml + Conditioner 750 mlTIGI Bed Head Recovery shampoo and conditioner are ideal for...","og:url":"https:\/\/radauviska.lt\/en\/product\/tigi-bed-head-hair-care-set-recovery\/","og:image":"https:\/\/radauviska.lt\/wp-content\/uploads\/2023\/08\/tigi-recovery-1.jpg","og:image:secure_url":"https:\/\/radauviska.lt\/wp-content\/uploads\/2023\/08\/tigi-recovery-1.jpg","og:image:width":1500,"og:image:height":1500,"article:published_time":"2023-08-03T11:36:07+00:00","article:modified_time":"2025-08-12T12:21:02+00:00","article:publisher":"https:\/\/www.facebook.com\/profile.php?id=100093269785891","twitter:card":"summary_large_image","twitter:title":"TIGI Bed Head Hair Care Set RECOVERY -","twitter:description":"TIGI BED HEAD HAIR CARE SET RECOVERY: Shampoo 750 ml + Conditioner 750 mlTIGI Bed Head Recovery shampoo and conditioner are ideal for...","twitter:image":"https:\/\/radauviska.lt\/wp-content\/uploads\/2023\/08\/tigi-recovery-1.jpg"},"aioseo_meta_data":{"post_id":"22766","title":"#post_title #separator_sa","description":"TIGI BED HEAD HAIR CARE SET RECOVERY: Shampoo 750 ml + Conditioner 750 ml<br>TIGI Bed Head Recovery shampoo and conditioner are ideal for...","keywords":null,"keyphrases":{"focus":{"keyphrase":"PLAUK\u0172 PRIE\u017dI\u016aROS","score":80,"analysis":{"keyphraseInTitle":{"score":9,"maxScore":9,"error":0},"keyphraseInDescription":{"score":9,"maxScore":9,"error":0},"keyphraseLength":{"score":9,"maxScore":9,"error":0,"length":4},"keyphraseInURL":{"score":1,"maxScore":5,"error":1},"keyphraseInIntroduction":{"score":3,"maxScore":9,"error":1},"keyphraseInSubHeadings":[],"keyphraseInImageAlt":[],"keywordDensity":{"type":"best","score":9,"maxScore":9,"error":0}}},"additional":[{"keyphrase":"PLAUK\u0172 PRIE\u017dI\u016aROS","score":83,"analysis":{"keyphraseInDescription":{"score":9,"maxScore":9,"error":0},"keyphraseLength":{"score":9,"maxScore":9,"error":0,"length":4},"keyphraseInIntroduction":{"score":3,"maxScore":9,"error":1},"keyphraseInImageAlt":[],"keywordDensity":{"type":"best","score":9,"maxScore":9,"error":0}}}]},"primary_term":null,"canonical_url":null,"og_title":null,"og_description":null,"og_object_type":"default","og_image_type":"default","og_image_url":null,"og_image_width":null,"og_image_height":null,"og_image_custom_url":null,"og_image_custom_fields":null,"og_video":"","og_custom_url":null,"og_article_section":null,"og_article_tags":null,"twitter_use_og":false,"twitter_card":"default","twitter_image_type":"default","twitter_image_url":null,"twitter_image_custom_url":null,"twitter_image_custom_fields":null,"twitter_title":null,"twitter_description":null,"schema":{"blockGraphs":[],"customGraphs":[],"default":{"data":{"Article":[],"Course":[],"Dataset":[],"FAQPage":[],"Movie":[],"Person":[],"Product":[],"ProductReview":[],"Car":[],"Recipe":[],"Service":[],"SoftwareApplication":[],"WebPage":[]},"graphName":"ItemPage","isEnabled":true},"graphs":[]},"schema_type":"default","schema_type_options":null,"pillar_content":false,"robots_default":true,"robots_noindex":false,"robots_noarchive":false,"robots_nosnippet":false,"robots_nofollow":false,"robots_noimageindex":false,"robots_noodp":false,"robots_notranslate":false,"robots_max_snippet":"-1","robots_max_videopreview":"-1","robots_max_imagepreview":"large","priority":null,"frequency":"default","local_seo":null,"seo_analyzer_scan_date":"2025-10-09 01:14:49","breadcrumb_settings":null,"limit_modified_date":false,"reviewed_by":"0","open_ai":"{\"title\":{\"suggestions\":[],\"usage\":0},\"description\":{\"suggestions\":[],\"usage\":0}}","ai":{"faqs":[],"keyPoints":[],"titles":[],"descriptions":[],"socialPosts":{"email":[],"linkedin":[],"twitter":[],"facebook":[],"instagram":[]}},"created":"2025-07-16 06:06:14","updated":"2025-11-26 23:42:16"},"aioseo_breadcrumb":"<div class=\"aioseo-breadcrumbs\"><span class=\"aioseo-breadcrumb\">\n\t<a href=\"https:\/\/radauviska.lt\/en\/\" title=\"Home\">Home<\/a>\n<\/span><span class=\"aioseo-breadcrumb-separator\">&raquo;<\/span><span class=\"aioseo-breadcrumb\">\n\t<a href=\"https:\/\/radauviska.lt\/en\/shop\/\" title=\"Shop\">Shop<\/a>\n<\/span><span class=\"aioseo-breadcrumb-separator\">&raquo;<\/span><span class=\"aioseo-breadcrumb\">\n\t<a href=\"https:\/\/radauviska.lt\/en\/product-category\/hygiene-products\/\" title=\"Hygiene Products\">Hygiene Products<\/a>\n<\/span><span class=\"aioseo-breadcrumb-separator\">&raquo;<\/span><span class=\"aioseo-breadcrumb\">\n\tTIGI Bed Head Hair Care Set RECOVERY\n<\/span><\/div>","aioseo_breadcrumb_json":[{"label":"Home","link":"https:\/\/radauviska.lt\/en\/"},{"label":"Shop","link":"https:\/\/radauviska.lt\/en\/shop\/"},{"label":"Hygiene Products","link":"https:\/\/radauviska.lt\/en\/product-category\/hygiene-products\/"},{"label":"TIGI Bed Head Hair Care Set RECOVERY","link":"https:\/\/radauviska.lt\/en\/product\/tigi-bed-head-hair-care-set-recovery\/"}],"_links":{"self":[{"href":"https:\/\/radauviska.lt\/en\/wp-json\/wp\/v2\/product\/22766","targetHints":{"allow":["GET"]}}],"collection":[{"href":"https:\/\/radauviska.lt\/en\/wp-json\/wp\/v2\/product"}],"about":[{"href":"https:\/\/radauviska.lt\/en\/wp-json\/wp\/v2\/types\/product"}],"replies":[{"embeddable":true,"href":"https:\/\/radauviska.lt\/en\/wp-json\/wp\/v2\/comments?post=22766"}],"version-history":[{"count":1,"href":"https:\/\/radauviska.lt\/en\/wp-json\/wp\/v2\/product\/22766\/revisions"}],"predecessor-version":[{"id":23447,"href":"https:\/\/radauviska.lt\/en\/wp-json\/wp\/v2\/product\/22766\/revisions\/23447"}],"wp:featuredmedia":[{"embeddable":true,"href":"https:\/\/radauviska.lt\/en\/wp-json\/wp\/v2\/media\/18885"}],"wp:attachment":[{"href":"https:\/\/radauviska.lt\/en\/wp-json\/wp\/v2\/media?parent=22766"}],"wp:term":[{"taxonomy":"product_brand","embeddable":true,"href":"https:\/\/radauviska.lt\/en\/wp-json\/wp\/v2\/product_brand?post=22766"},{"taxonomy":"product_cat","embeddable":true,"href":"https:\/\/radauviska.lt\/en\/wp-json\/wp\/v2\/product_cat?post=22766"},{"taxonomy":"product_tag","embeddable":true,"href":"https:\/\/radauviska.lt\/en\/wp-json\/wp\/v2\/product_tag?post=22766"}],"curies":[{"name":"wp","href":"https:\/\/api.w.org\/{rel}","templated":true}]}}