{"id":22587,"date":"2023-10-21T16:12:36","date_gmt":"2023-10-21T16:12:36","guid":{"rendered":"https:\/\/radauviska.lt\/product\/calvin-klein-womens-seamless-shorts-size-l-3-pcs\/"},"modified":"2025-08-12T11:39:43","modified_gmt":"2025-08-12T11:39:43","slug":"calvin-klein-womens-seamless-shorts-size-l-3-pcs","status":"publish","type":"product","link":"https:\/\/radauviska.lt\/en\/product\/calvin-klein-womens-seamless-shorts-size-l-3-pcs\/","title":{"rendered":"CALVIN KLEIN WOMEN&#8217;S SEAMLESS SHORTS SIZE L, 3 pcs."},"content":{"rendered":"<h4>CALVIN KLEIN WOMEN&#8217;S SEAMLESS SHORTS SIZE L, 3 pcs.<\/h4>\n<p><img fetchpriority=\"high\" decoding=\"async\" class=\"alignnone wp-image-12983\" src=\"https:\/\/radauviska.lt\/wp-content\/uploads\/2023\/10\/CC-MOTERISKI-APATINIAI-L-3-300x164.png\" alt=\"\" width=\"386\" height=\"211\" srcset=\"https:\/\/radauviska.lt\/wp-content\/uploads\/2023\/10\/CC-MOTERISKI-APATINIAI-L-3-300x164.png 300w, https:\/\/radauviska.lt\/wp-content\/uploads\/2023\/10\/CC-MOTERISKI-APATINIAI-L-3-150x82.png 150w, https:\/\/radauviska.lt\/wp-content\/uploads\/2023\/10\/CC-MOTERISKI-APATINIAI-L-3.png 677w\" sizes=\"(max-width: 386px) 100vw, 386px\" \/><\/p>\n<ul>\n<li style=\"font-weight: 400;\" aria-level=\"1\"><span style=\"font-weight: 400;\">Seamless design for maximum comfort.<\/span><\/li>\n<li style=\"font-weight: 400;\" aria-level=\"1\"><span style=\"font-weight: 400;\">Smooth, stretchy fabric with a signature logo waistband.<\/span><\/li>\n<\/ul>\n<p>&nbsp;<\/p>\n<p><span style=\"font-weight: 400;\">Size chart<\/span><\/p>\n<table>\n<tbody>\n<tr>\n<td><\/td>\n<td><span style=\"font-weight: 400;\">S<\/span><\/td>\n<td><span style=\"font-weight: 400;\">M<\/span><\/td>\n<td><span style=\"font-weight: 400;\">L<\/span><\/td>\n<td><span style=\"font-weight: 400;\">XL<\/span><\/td>\n<\/tr>\n<tr>\n<td><span style=\"font-weight: 400;\">Waist<\/span><\/td>\n<td><span style=\"font-weight: 400;\">26\u00bd &#8211; 27\u00bd <\/span><\/td>\n<td><span style=\"font-weight: 400;\">28\u00bd &#8211; 29\u00bd <\/span><\/td>\n<td><span style=\"font-weight: 400;\">30\u00bd &#8211; 31\u00bd <\/span><\/td>\n<td><span style=\"font-weight: 400;\">33\u00bd &#8211; 34\u00bd <\/span><\/td>\n<\/tr>\n<tr>\n<td><span style=\"font-weight: 400;\">Hips <\/span><\/td>\n<td><span style=\"font-weight: 400;\">36\u00bd &#8211; 37\u00bd <\/span><\/td>\n<td><span style=\"font-weight: 400;\">38\u00bd &#8211; 39\u00bd <\/span><\/td>\n<td><span style=\"font-weight: 400;\">40\u00bd &#8211; 41\u00bd <\/span><\/td>\n<td><span style=\"font-weight: 400;\">43\u00bd &#8211; 44\u00bd <\/span><\/td>\n<\/tr>\n<\/tbody>\n<\/table>\n<p><span style=\"font-weight: 400;\">Colors: <\/span><\/p>\n<ul>\n<li style=\"font-weight: 400;\" aria-level=\"1\"><span style=\"font-weight: 400;\">Animal Jacquard pattern<\/span><\/li>\n<li style=\"font-weight: 400;\" aria-level=\"1\"><span style=\"font-weight: 400;\">Nude<\/span><\/li>\n<li style=\"font-weight: 400;\" aria-level=\"1\"><span style=\"font-weight: 400;\">Black<\/span><\/li>\n<\/ul>\n<p><span style=\"font-weight: 400;\">Material:<\/span><\/p>\n<ul>\n<li style=\"font-weight: 400;\" aria-level=\"1\"><span style=\"font-weight: 400;\">nude and black <\/span><\/li>\n<\/ul>\n<p><span style=\"font-weight: 400;\">body: 92% nylon 8% elastane.<\/span><\/p>\n<p><span style=\"font-weight: 400;\">crotch: 93% nylon 7% elastane exclusive of decoration.<\/span><\/p>\n<ul>\n<li style=\"font-weight: 400;\" aria-level=\"1\"><span style=\"font-weight: 400;\">Animal jacquard: <\/span><\/li>\n<\/ul>\n<p><span style=\"font-weight: 400;\">body: 56% polyester 35% polyamide 9% elastane.<\/span><\/p>\n<p><span style=\"font-weight: 400;\">gusset: 58% polyester 36% polyamide 6% elastane.<\/span><\/p>\n<p>&nbsp;<\/p>\n<p><span style=\"font-weight: 400;\">Made in China<\/span><\/p>\n","protected":false},"excerpt":{"rendered":"<h4>CALVIN KLEIN WOMEN&#8217;S SEAMLESS SHORTS SIZE L, 3 pcs.<\/h4>\n<p><img fetchpriority=\"high\" decoding=\"async\" class=\"alignnone wp-image-12983\" src=\"https:\/\/radauviska.lt\/wp-content\/uploads\/2023\/10\/CC-MOTERISKI-APATINIAI-L-3-300x164.png\" alt=\"\" width=\"386\" height=\"211\" srcset=\"https:\/\/radauviska.lt\/wp-content\/uploads\/2023\/10\/CC-MOTERISKI-APATINIAI-L-3-300x164.png 300w, https:\/\/radauviska.lt\/wp-content\/uploads\/2023\/10\/CC-MOTERISKI-APATINIAI-L-3-150x82.png 150w, https:\/\/radauviska.lt\/wp-content\/uploads\/2023\/10\/CC-MOTERISKI-APATINIAI-L-3.png 677w\" sizes=\"(max-width: 386px) 100vw, 386px\" \/><\/p>\n<ul>\n<li style=\"font-weight: 400;\" aria-level=\"1\"><span style=\"font-weight: 400;\">Seamless design for maximum comfort.<\/span><\/li>\n<li style=\"font-weight: 400;\" aria-level=\"1\"><span style=\"font-weight: 400;\">Smooth, stretchy fabric with a signature logo waistband.<\/span><\/li>\n<\/ul>\n<p>&nbsp;<\/p>\n","protected":false},"featured_media":18336,"comment_status":"open","ping_status":"closed","template":"","meta":{"_acf_changed":false,"om_disable_all_campaigns":false,"_monsterinsights_skip_tracking":false,"_monsterinsights_sitenote_active":false,"_monsterinsights_sitenote_note":"","_monsterinsights_sitenote_category":0},"product_brand":[],"product_cat":[2546],"product_tag":[2941,2938,2940,2939,2937],"class_list":{"0":"post-22587","1":"product","2":"type-product","3":"status-publish","4":"has-post-thumbnail","6":"product_cat-hygiene-products","7":"product_tag-calvin-klein-for-women","8":"product_tag-ck-en","9":"product_tag-ck-for-women","10":"product_tag-ck-panties-for-women","11":"product_tag-ck-underwear-en","13":"first","14":"outofstock","15":"taxable","16":"shipping-taxable","17":"purchasable","18":"product-type-simple"},"acf":[],"aioseo_notices":[],"aioseo_head":"\n\t\t<!-- All in One SEO Pro 4.9.5.2 - aioseo.com -->\n\t<meta name=\"description\" content=\"One of the most iconic Calvin Klein products is their underwear line.\" \/>\n\t<meta name=\"robots\" content=\"max-image-preview:large\" \/>\n\t<link rel=\"canonical\" href=\"https:\/\/radauviska.lt\/en\/product\/calvin-klein-womens-seamless-shorts-size-l-3-pcs\/\" \/>\n\t<meta name=\"generator\" content=\"All in One SEO Pro (AIOSEO) 4.9.5.2\" \/>\n\t\t<meta property=\"og:locale\" content=\"en_US\" \/>\n\t\t<meta property=\"og:site_name\" content=\"Radau Viska -\" \/>\n\t\t<meta property=\"og:type\" content=\"article\" \/>\n\t\t<meta property=\"og:title\" content=\"Calvin Klein Women&#039;s Seamless Short Briefs\" \/>\n\t\t<meta property=\"og:description\" content=\"One of the most iconic Calvin Klein products is their underwear line.\" \/>\n\t\t<meta property=\"og:url\" content=\"https:\/\/radauviska.lt\/en\/product\/calvin-klein-womens-seamless-shorts-size-l-3-pcs\/\" \/>\n\t\t<meta property=\"og:image\" content=\"https:\/\/radauviska.lt\/wp-content\/uploads\/2023\/10\/Dizainas-be-pavadinimo-2023-10-21T191014.630.png\" \/>\n\t\t<meta property=\"og:image:secure_url\" content=\"https:\/\/radauviska.lt\/wp-content\/uploads\/2023\/10\/Dizainas-be-pavadinimo-2023-10-21T191014.630.png\" \/>\n\t\t<meta property=\"og:image:width\" content=\"500\" \/>\n\t\t<meta property=\"og:image:height\" content=\"500\" \/>\n\t\t<meta property=\"article:published_time\" content=\"2023-10-21T16:12:36+00:00\" \/>\n\t\t<meta property=\"article:modified_time\" content=\"2025-08-12T11:39:43+00:00\" \/>\n\t\t<meta property=\"article:publisher\" content=\"https:\/\/www.facebook.com\/profile.php?id=100093269785891\" \/>\n\t\t<meta name=\"twitter:card\" content=\"summary_large_image\" \/>\n\t\t<meta name=\"twitter:title\" content=\"Calvin Klein Women&#039;s Seamless Short Briefs\" \/>\n\t\t<meta name=\"twitter:description\" content=\"One of the most iconic Calvin Klein products is their underwear line.\" \/>\n\t\t<meta name=\"twitter:image\" content=\"https:\/\/radauviska.lt\/wp-content\/uploads\/2023\/10\/Dizainas-be-pavadinimo-2023-10-21T191014.630.png\" \/>\n\t\t<script type=\"application\/ld+json\" class=\"aioseo-schema\">\n\t\t\t{\"@context\":\"https:\\\/\\\/schema.org\",\"@graph\":[{\"@type\":\"BreadcrumbList\",\"@id\":\"https:\\\/\\\/radauviska.lt\\\/en\\\/product\\\/calvin-klein-womens-seamless-shorts-size-l-3-pcs\\\/#breadcrumblist\",\"itemListElement\":[{\"@type\":\"ListItem\",\"@id\":\"https:\\\/\\\/radauviska.lt\\\/en\\\/#listItem\",\"position\":1,\"name\":\"Home\",\"item\":\"https:\\\/\\\/radauviska.lt\\\/en\\\/\",\"nextItem\":{\"@type\":\"ListItem\",\"@id\":\"https:\\\/\\\/radauviska.lt\\\/en\\\/shop\\\/#listItem\",\"name\":\"Shop\"}},{\"@type\":\"ListItem\",\"@id\":\"https:\\\/\\\/radauviska.lt\\\/en\\\/shop\\\/#listItem\",\"position\":2,\"name\":\"Shop\",\"item\":\"https:\\\/\\\/radauviska.lt\\\/en\\\/shop\\\/\",\"nextItem\":{\"@type\":\"ListItem\",\"@id\":\"https:\\\/\\\/radauviska.lt\\\/en\\\/product-category\\\/hygiene-products\\\/#listItem\",\"name\":\"Hygiene Products\"},\"previousItem\":{\"@type\":\"ListItem\",\"@id\":\"https:\\\/\\\/radauviska.lt\\\/en\\\/#listItem\",\"name\":\"Home\"}},{\"@type\":\"ListItem\",\"@id\":\"https:\\\/\\\/radauviska.lt\\\/en\\\/product-category\\\/hygiene-products\\\/#listItem\",\"position\":3,\"name\":\"Hygiene Products\",\"item\":\"https:\\\/\\\/radauviska.lt\\\/en\\\/product-category\\\/hygiene-products\\\/\",\"nextItem\":{\"@type\":\"ListItem\",\"@id\":\"https:\\\/\\\/radauviska.lt\\\/en\\\/product\\\/calvin-klein-womens-seamless-shorts-size-l-3-pcs\\\/#listItem\",\"name\":\"CALVIN KLEIN WOMEN&#8217;S SEAMLESS SHORTS SIZE L, 3 pcs.\"},\"previousItem\":{\"@type\":\"ListItem\",\"@id\":\"https:\\\/\\\/radauviska.lt\\\/en\\\/shop\\\/#listItem\",\"name\":\"Shop\"}},{\"@type\":\"ListItem\",\"@id\":\"https:\\\/\\\/radauviska.lt\\\/en\\\/product\\\/calvin-klein-womens-seamless-shorts-size-l-3-pcs\\\/#listItem\",\"position\":4,\"name\":\"CALVIN KLEIN WOMEN&#8217;S SEAMLESS SHORTS SIZE L, 3 pcs.\",\"previousItem\":{\"@type\":\"ListItem\",\"@id\":\"https:\\\/\\\/radauviska.lt\\\/en\\\/product-category\\\/hygiene-products\\\/#listItem\",\"name\":\"Hygiene Products\"}}]},{\"@type\":\"ItemPage\",\"@id\":\"https:\\\/\\\/radauviska.lt\\\/en\\\/product\\\/calvin-klein-womens-seamless-shorts-size-l-3-pcs\\\/#itempage\",\"url\":\"https:\\\/\\\/radauviska.lt\\\/en\\\/product\\\/calvin-klein-womens-seamless-shorts-size-l-3-pcs\\\/\",\"name\":\"Calvin Klein Women's Seamless Short Briefs\",\"description\":\"One of the most iconic Calvin Klein products is their underwear line.\",\"inLanguage\":\"en-US\",\"isPartOf\":{\"@id\":\"https:\\\/\\\/radauviska.lt\\\/en\\\/#website\"},\"breadcrumb\":{\"@id\":\"https:\\\/\\\/radauviska.lt\\\/en\\\/product\\\/calvin-klein-womens-seamless-shorts-size-l-3-pcs\\\/#breadcrumblist\"},\"image\":{\"@type\":\"ImageObject\",\"url\":\"https:\\\/\\\/radauviska.lt\\\/wp-content\\\/uploads\\\/2023\\\/10\\\/Dizainas-be-pavadinimo-2023-10-21T191014.630.png\",\"@id\":\"https:\\\/\\\/radauviska.lt\\\/en\\\/product\\\/calvin-klein-womens-seamless-shorts-size-l-3-pcs\\\/#mainImage\",\"width\":500,\"height\":500},\"primaryImageOfPage\":{\"@id\":\"https:\\\/\\\/radauviska.lt\\\/en\\\/product\\\/calvin-klein-womens-seamless-shorts-size-l-3-pcs\\\/#mainImage\"},\"datePublished\":\"2023-10-21T16:12:36+00:00\",\"dateModified\":\"2025-08-12T11:39:43+00:00\"},{\"@type\":\"Organization\",\"@id\":\"https:\\\/\\\/radauviska.lt\\\/en\\\/#organization\",\"name\":\"Radau Viska\",\"url\":\"https:\\\/\\\/radauviska.lt\\\/en\\\/\",\"telephone\":\"+37067580618\",\"logo\":{\"@type\":\"ImageObject\",\"url\":\"https:\\\/\\\/radauviska.lt\\\/wp-content\\\/uploads\\\/2024\\\/04\\\/huge-removebg-preview-2.png\",\"@id\":\"https:\\\/\\\/radauviska.lt\\\/en\\\/product\\\/calvin-klein-womens-seamless-shorts-size-l-3-pcs\\\/#organizationLogo\",\"width\":821,\"height\":304},\"image\":{\"@id\":\"https:\\\/\\\/radauviska.lt\\\/en\\\/product\\\/calvin-klein-womens-seamless-shorts-size-l-3-pcs\\\/#organizationLogo\"},\"sameAs\":[\"https:\\\/\\\/www.facebook.com\\\/profile.php?id=100093269785891\",\"https:\\\/\\\/www.instagram.com\\\/radauviska.lt\\\/\"]},{\"@type\":\"WebPage\",\"@id\":\"https:\\\/\\\/radauviska.lt\\\/en\\\/product\\\/calvin-klein-womens-seamless-shorts-size-l-3-pcs\\\/#webpage\",\"url\":\"https:\\\/\\\/radauviska.lt\\\/en\\\/product\\\/calvin-klein-womens-seamless-shorts-size-l-3-pcs\\\/\",\"name\":\"Calvin Klein Women's Seamless Short Briefs\",\"description\":\"One of the most iconic Calvin Klein products is their underwear line.\",\"inLanguage\":\"en-US\",\"isPartOf\":{\"@id\":\"https:\\\/\\\/radauviska.lt\\\/en\\\/#website\"},\"breadcrumb\":{\"@id\":\"https:\\\/\\\/radauviska.lt\\\/en\\\/product\\\/calvin-klein-womens-seamless-shorts-size-l-3-pcs\\\/#breadcrumblist\"},\"image\":{\"@type\":\"ImageObject\",\"url\":\"https:\\\/\\\/radauviska.lt\\\/wp-content\\\/uploads\\\/2023\\\/10\\\/Dizainas-be-pavadinimo-2023-10-21T191014.630.png\",\"@id\":\"https:\\\/\\\/radauviska.lt\\\/en\\\/product\\\/calvin-klein-womens-seamless-shorts-size-l-3-pcs\\\/#mainImage\",\"width\":500,\"height\":500},\"primaryImageOfPage\":{\"@id\":\"https:\\\/\\\/radauviska.lt\\\/en\\\/product\\\/calvin-klein-womens-seamless-shorts-size-l-3-pcs\\\/#mainImage\"},\"datePublished\":\"2023-10-21T16:12:36+00:00\",\"dateModified\":\"2025-08-12T11:39:43+00:00\"},{\"@type\":\"WebSite\",\"@id\":\"https:\\\/\\\/radauviska.lt\\\/en\\\/#website\",\"url\":\"https:\\\/\\\/radauviska.lt\\\/en\\\/\",\"name\":\"www.radauviska.lt\",\"alternateName\":\"Radau visk\\u0105\",\"inLanguage\":\"en-US\",\"publisher\":{\"@id\":\"https:\\\/\\\/radauviska.lt\\\/en\\\/#organization\"}}]}\n\t\t<\/script>\n\t\t<!-- All in One SEO Pro -->\r\n\t\t<title>Calvin Klein Women's Seamless Short Briefs<\/title>\n\n","aioseo_head_json":{"title":"Calvin Klein Women's Seamless Short Briefs","description":"One of the most iconic Calvin Klein products is their underwear line.","canonical_url":"https:\/\/radauviska.lt\/en\/product\/calvin-klein-womens-seamless-shorts-size-l-3-pcs\/","robots":"max-image-preview:large","keywords":"","webmasterTools":{"miscellaneous":""},"schema":{"@context":"https:\/\/schema.org","@graph":[{"@type":"BreadcrumbList","@id":"https:\/\/radauviska.lt\/en\/product\/calvin-klein-womens-seamless-shorts-size-l-3-pcs\/#breadcrumblist","itemListElement":[{"@type":"ListItem","@id":"https:\/\/radauviska.lt\/en\/#listItem","position":1,"name":"Home","item":"https:\/\/radauviska.lt\/en\/","nextItem":{"@type":"ListItem","@id":"https:\/\/radauviska.lt\/en\/shop\/#listItem","name":"Shop"}},{"@type":"ListItem","@id":"https:\/\/radauviska.lt\/en\/shop\/#listItem","position":2,"name":"Shop","item":"https:\/\/radauviska.lt\/en\/shop\/","nextItem":{"@type":"ListItem","@id":"https:\/\/radauviska.lt\/en\/product-category\/hygiene-products\/#listItem","name":"Hygiene Products"},"previousItem":{"@type":"ListItem","@id":"https:\/\/radauviska.lt\/en\/#listItem","name":"Home"}},{"@type":"ListItem","@id":"https:\/\/radauviska.lt\/en\/product-category\/hygiene-products\/#listItem","position":3,"name":"Hygiene Products","item":"https:\/\/radauviska.lt\/en\/product-category\/hygiene-products\/","nextItem":{"@type":"ListItem","@id":"https:\/\/radauviska.lt\/en\/product\/calvin-klein-womens-seamless-shorts-size-l-3-pcs\/#listItem","name":"CALVIN KLEIN WOMEN&#8217;S SEAMLESS SHORTS SIZE L, 3 pcs."},"previousItem":{"@type":"ListItem","@id":"https:\/\/radauviska.lt\/en\/shop\/#listItem","name":"Shop"}},{"@type":"ListItem","@id":"https:\/\/radauviska.lt\/en\/product\/calvin-klein-womens-seamless-shorts-size-l-3-pcs\/#listItem","position":4,"name":"CALVIN KLEIN WOMEN&#8217;S SEAMLESS SHORTS SIZE L, 3 pcs.","previousItem":{"@type":"ListItem","@id":"https:\/\/radauviska.lt\/en\/product-category\/hygiene-products\/#listItem","name":"Hygiene Products"}}]},{"@type":"ItemPage","@id":"https:\/\/radauviska.lt\/en\/product\/calvin-klein-womens-seamless-shorts-size-l-3-pcs\/#itempage","url":"https:\/\/radauviska.lt\/en\/product\/calvin-klein-womens-seamless-shorts-size-l-3-pcs\/","name":"Calvin Klein Women's Seamless Short Briefs","description":"One of the most iconic Calvin Klein products is their underwear line.","inLanguage":"en-US","isPartOf":{"@id":"https:\/\/radauviska.lt\/en\/#website"},"breadcrumb":{"@id":"https:\/\/radauviska.lt\/en\/product\/calvin-klein-womens-seamless-shorts-size-l-3-pcs\/#breadcrumblist"},"image":{"@type":"ImageObject","url":"https:\/\/radauviska.lt\/wp-content\/uploads\/2023\/10\/Dizainas-be-pavadinimo-2023-10-21T191014.630.png","@id":"https:\/\/radauviska.lt\/en\/product\/calvin-klein-womens-seamless-shorts-size-l-3-pcs\/#mainImage","width":500,"height":500},"primaryImageOfPage":{"@id":"https:\/\/radauviska.lt\/en\/product\/calvin-klein-womens-seamless-shorts-size-l-3-pcs\/#mainImage"},"datePublished":"2023-10-21T16:12:36+00:00","dateModified":"2025-08-12T11:39:43+00:00"},{"@type":"Organization","@id":"https:\/\/radauviska.lt\/en\/#organization","name":"Radau Viska","url":"https:\/\/radauviska.lt\/en\/","telephone":"+37067580618","logo":{"@type":"ImageObject","url":"https:\/\/radauviska.lt\/wp-content\/uploads\/2024\/04\/huge-removebg-preview-2.png","@id":"https:\/\/radauviska.lt\/en\/product\/calvin-klein-womens-seamless-shorts-size-l-3-pcs\/#organizationLogo","width":821,"height":304},"image":{"@id":"https:\/\/radauviska.lt\/en\/product\/calvin-klein-womens-seamless-shorts-size-l-3-pcs\/#organizationLogo"},"sameAs":["https:\/\/www.facebook.com\/profile.php?id=100093269785891","https:\/\/www.instagram.com\/radauviska.lt\/"]},{"@type":"WebPage","@id":"https:\/\/radauviska.lt\/en\/product\/calvin-klein-womens-seamless-shorts-size-l-3-pcs\/#webpage","url":"https:\/\/radauviska.lt\/en\/product\/calvin-klein-womens-seamless-shorts-size-l-3-pcs\/","name":"Calvin Klein Women's Seamless Short Briefs","description":"One of the most iconic Calvin Klein products is their underwear line.","inLanguage":"en-US","isPartOf":{"@id":"https:\/\/radauviska.lt\/en\/#website"},"breadcrumb":{"@id":"https:\/\/radauviska.lt\/en\/product\/calvin-klein-womens-seamless-shorts-size-l-3-pcs\/#breadcrumblist"},"image":{"@type":"ImageObject","url":"https:\/\/radauviska.lt\/wp-content\/uploads\/2023\/10\/Dizainas-be-pavadinimo-2023-10-21T191014.630.png","@id":"https:\/\/radauviska.lt\/en\/product\/calvin-klein-womens-seamless-shorts-size-l-3-pcs\/#mainImage","width":500,"height":500},"primaryImageOfPage":{"@id":"https:\/\/radauviska.lt\/en\/product\/calvin-klein-womens-seamless-shorts-size-l-3-pcs\/#mainImage"},"datePublished":"2023-10-21T16:12:36+00:00","dateModified":"2025-08-12T11:39:43+00:00"},{"@type":"WebSite","@id":"https:\/\/radauviska.lt\/en\/#website","url":"https:\/\/radauviska.lt\/en\/","name":"www.radauviska.lt","alternateName":"Radau visk\u0105","inLanguage":"en-US","publisher":{"@id":"https:\/\/radauviska.lt\/en\/#organization"}}]},"og:locale":"en_US","og:site_name":"Radau Viska -","og:type":"article","og:title":"Calvin Klein Women's Seamless Short Briefs","og:description":"One of the most iconic Calvin Klein products is their underwear line.","og:url":"https:\/\/radauviska.lt\/en\/product\/calvin-klein-womens-seamless-shorts-size-l-3-pcs\/","og:image":"https:\/\/radauviska.lt\/wp-content\/uploads\/2023\/10\/Dizainas-be-pavadinimo-2023-10-21T191014.630.png","og:image:secure_url":"https:\/\/radauviska.lt\/wp-content\/uploads\/2023\/10\/Dizainas-be-pavadinimo-2023-10-21T191014.630.png","og:image:width":500,"og:image:height":500,"article:published_time":"2023-10-21T16:12:36+00:00","article:modified_time":"2025-08-12T11:39:43+00:00","article:publisher":"https:\/\/www.facebook.com\/profile.php?id=100093269785891","twitter:card":"summary_large_image","twitter:title":"Calvin Klein Women's Seamless Short Briefs","twitter:description":"One of the most iconic Calvin Klein products is their underwear line.","twitter:image":"https:\/\/radauviska.lt\/wp-content\/uploads\/2023\/10\/Dizainas-be-pavadinimo-2023-10-21T191014.630.png"},"aioseo_meta_data":{"post_id":"22587","title":"Calvin Klein Women's Seamless Short Briefs","description":"One of the most iconic Calvin Klein products is their underwear line.","keywords":null,"keyphrases":{"focus":{"keyphrase":"MOTERI\u0160KOS BESI\u016aL\u0116S TRUMPOS KELNAIT\u0116S","score":64,"analysis":{"keyphraseInTitle":{"score":9,"maxScore":9,"error":0},"keyphraseInDescription":{"score":3,"maxScore":9,"error":1},"keyphraseLength":{"score":6,"maxScore":9,"error":1,"length":8},"keyphraseInURL":{"score":5,"maxScore":5,"error":0},"keyphraseInIntroduction":{"score":3,"maxScore":9,"error":1},"keyphraseInSubHeadings":[],"keyphraseInImageAlt":{"score":3,"maxScore":9,"error":1},"keywordDensity":{"type":"best","score":9,"maxScore":9,"error":0}}},"additional":[{"keyphrase":"MOTERI\u0160KOS BESI\u016aL\u0116S TRUMPOS KELNAIT\u0116S","score":53,"analysis":{"keyphraseInDescription":{"score":3,"maxScore":9,"error":1},"keyphraseLength":{"score":6,"maxScore":9,"error":1,"length":8},"keyphraseInIntroduction":{"score":3,"maxScore":9,"error":1},"keyphraseInImageAlt":{"score":3,"maxScore":9,"error":1},"keywordDensity":{"type":"best","score":9,"maxScore":9,"error":0}}}]},"primary_term":null,"canonical_url":null,"og_title":null,"og_description":null,"og_object_type":"default","og_image_type":"default","og_image_url":null,"og_image_width":null,"og_image_height":null,"og_image_custom_url":null,"og_image_custom_fields":null,"og_video":"","og_custom_url":null,"og_article_section":null,"og_article_tags":null,"twitter_use_og":false,"twitter_card":"default","twitter_image_type":"default","twitter_image_url":null,"twitter_image_custom_url":null,"twitter_image_custom_fields":null,"twitter_title":null,"twitter_description":null,"schema":{"blockGraphs":[],"customGraphs":[],"default":{"data":{"Article":[],"Course":[],"Dataset":[],"FAQPage":[],"Movie":[],"Person":[],"Product":[],"ProductReview":[],"Car":[],"Recipe":[],"Service":[],"SoftwareApplication":[],"WebPage":[]},"graphName":"ItemPage","isEnabled":true},"graphs":[]},"schema_type":"default","schema_type_options":null,"pillar_content":false,"robots_default":true,"robots_noindex":false,"robots_noarchive":false,"robots_nosnippet":false,"robots_nofollow":false,"robots_noimageindex":false,"robots_noodp":false,"robots_notranslate":false,"robots_max_snippet":"-1","robots_max_videopreview":"-1","robots_max_imagepreview":"large","priority":null,"frequency":"default","local_seo":null,"seo_analyzer_scan_date":"2025-10-09 01:36:44","breadcrumb_settings":null,"limit_modified_date":false,"reviewed_by":"0","open_ai":"{\"title\":{\"suggestions\":[],\"usage\":0},\"description\":{\"suggestions\":[],\"usage\":0}}","ai":{"faqs":[],"keyPoints":[],"titles":[],"descriptions":[],"socialPosts":{"email":[],"linkedin":[],"twitter":[],"facebook":[],"instagram":[]}},"created":"2025-07-14 11:38:23","updated":"2025-11-26 23:49:00"},"aioseo_breadcrumb":"<div class=\"aioseo-breadcrumbs\"><span class=\"aioseo-breadcrumb\">\n\t<a href=\"https:\/\/radauviska.lt\/en\/\" title=\"Home\">Home<\/a>\n<\/span><span class=\"aioseo-breadcrumb-separator\">&raquo;<\/span><span class=\"aioseo-breadcrumb\">\n\t<a href=\"https:\/\/radauviska.lt\/en\/shop\/\" title=\"Shop\">Shop<\/a>\n<\/span><span class=\"aioseo-breadcrumb-separator\">&raquo;<\/span><span class=\"aioseo-breadcrumb\">\n\t<a href=\"https:\/\/radauviska.lt\/en\/product-category\/hygiene-products\/\" title=\"Hygiene Products\">Hygiene Products<\/a>\n<\/span><span class=\"aioseo-breadcrumb-separator\">&raquo;<\/span><span class=\"aioseo-breadcrumb\">\n\tCALVIN KLEIN WOMEN\u2019S SEAMLESS SHORTS SIZE L, 3 pcs.\n<\/span><\/div>","aioseo_breadcrumb_json":[{"label":"Home","link":"https:\/\/radauviska.lt\/en\/"},{"label":"Shop","link":"https:\/\/radauviska.lt\/en\/shop\/"},{"label":"Hygiene Products","link":"https:\/\/radauviska.lt\/en\/product-category\/hygiene-products\/"},{"label":"CALVIN KLEIN WOMEN&#8217;S SEAMLESS SHORTS SIZE L, 3 pcs.","link":"https:\/\/radauviska.lt\/en\/product\/calvin-klein-womens-seamless-shorts-size-l-3-pcs\/"}],"_links":{"self":[{"href":"https:\/\/radauviska.lt\/en\/wp-json\/wp\/v2\/product\/22587","targetHints":{"allow":["GET"]}}],"collection":[{"href":"https:\/\/radauviska.lt\/en\/wp-json\/wp\/v2\/product"}],"about":[{"href":"https:\/\/radauviska.lt\/en\/wp-json\/wp\/v2\/types\/product"}],"replies":[{"embeddable":true,"href":"https:\/\/radauviska.lt\/en\/wp-json\/wp\/v2\/comments?post=22587"}],"version-history":[{"count":1,"href":"https:\/\/radauviska.lt\/en\/wp-json\/wp\/v2\/product\/22587\/revisions"}],"predecessor-version":[{"id":23432,"href":"https:\/\/radauviska.lt\/en\/wp-json\/wp\/v2\/product\/22587\/revisions\/23432"}],"wp:featuredmedia":[{"embeddable":true,"href":"https:\/\/radauviska.lt\/en\/wp-json\/wp\/v2\/media\/18336"}],"wp:attachment":[{"href":"https:\/\/radauviska.lt\/en\/wp-json\/wp\/v2\/media?parent=22587"}],"wp:term":[{"taxonomy":"product_brand","embeddable":true,"href":"https:\/\/radauviska.lt\/en\/wp-json\/wp\/v2\/product_brand?post=22587"},{"taxonomy":"product_cat","embeddable":true,"href":"https:\/\/radauviska.lt\/en\/wp-json\/wp\/v2\/product_cat?post=22587"},{"taxonomy":"product_tag","embeddable":true,"href":"https:\/\/radauviska.lt\/en\/wp-json\/wp\/v2\/product_tag?post=22587"}],"curies":[{"name":"wp","href":"https:\/\/api.w.org\/{rel}","templated":true}]}}