{"id":22347,"date":"2025-06-26T11:24:43","date_gmt":"2025-06-26T11:24:43","guid":{"rendered":"https:\/\/radauviska.lt\/product\/inflatable-tire-for-fun-winter-activities-spyder-rush-snow-tube-f25\/"},"modified":"2025-11-12T09:40:59","modified_gmt":"2025-11-12T09:40:59","slug":"inflatable-tire-for-fun-winter-activities-spyder-rush-snow-tube-f25","status":"publish","type":"product","link":"https:\/\/radauviska.lt\/en\/product\/inflatable-tire-for-fun-winter-activities-spyder-rush-snow-tube-f25\/","title":{"rendered":"Inflatable Tire for Fun Winter Activities \/ Spyder Rush Snow Tube F25"},"content":{"rendered":"<h1>Inflatable Tire for Fun Winter Activities \/ Spyder Rush Snow Tube F25<\/h1>\n<p>Spyder Rush Snow Tube F25 \u2013 Inflatable tube for fun winter activities<br \/>\nDiameter: 107 cm<br \/>\nDurable, slippery surface \u2013 for fast sliding on snow<br \/>\nComfortable handles for secure grip<br \/>\nSuitable for kids and adults<br \/>\nEasy to inflate and deflate<br \/>\nComplete set, product is new, only the packaging is damaged<\/p>\n<p>Product Description 2<br \/>\nSpyder Rush Snow Tube F25 \u2013 Used inflatable tube<br \/>\nDiameter: 107 cm<br \/>\nDurable, fast-sliding surface<br \/>\nComfortable handles on both sides<br \/>\nUsed item with visible signs of wear, may have minor scratches<br \/>\nFully functional, suitable for use<\/p>\n","protected":false},"excerpt":{"rendered":"<h3>Inflatable Tire for Fun Winter Activities \/ Spyder Rush Snow Tube F25<\/h3>\n<p>Inflatable tube for fun winter activities<\/p>\n<p>&nbsp;<\/p>\n","protected":false},"featured_media":22311,"comment_status":"open","ping_status":"closed","template":"","meta":{"_acf_changed":false,"om_disable_all_campaigns":false,"_monsterinsights_skip_tracking":false,"_monsterinsights_sitenote_active":false,"_monsterinsights_sitenote_note":"","_monsterinsights_sitenote_category":0},"product_brand":[],"product_cat":[2564,131],"product_tag":[2625,2624,2620,2618,2617,2630,2629,2635,2636,2637],"class_list":{"0":"post-22347","1":"product","2":"type-product","3":"status-publish","4":"has-post-thumbnail","6":"product_cat-news","7":"product_cat-ivairios-prekes","8":"product_tag-apsipirkimasinternetu-en","9":"product_tag-internetineparduotuve-en","10":"product_tag-ispardavimas-en","11":"product_tag-pirkdabar-en","12":"product_tag-ribotaskiekis-en","13":"product_tag-shopnow-en","14":"product_tag-shoppingonline-en","15":"product_tag-fastdelivery-used-items","16":"product_tag-forwinter","17":"product_tag-inflatableslide","19":"first","20":"instock","21":"taxable","22":"shipping-taxable","23":"purchasable","24":"product-type-simple"},"acf":[],"aioseo_notices":[],"aioseo_head":"\n\t\t<!-- All in One SEO Pro 4.9.5.2 - aioseo.com -->\n\t<meta name=\"description\" content=\"Pripu\u010diama padanga smagioms \u017eiemos pramogoms - Radau Viska\" \/>\n\t<meta name=\"robots\" content=\"max-image-preview:large\" \/>\n\t<link rel=\"canonical\" href=\"https:\/\/radauviska.lt\/en\/product\/inflatable-tire-for-fun-winter-activities-spyder-rush-snow-tube-f25\/\" \/>\n\t<meta name=\"generator\" content=\"All in One SEO Pro (AIOSEO) 4.9.5.2\" \/>\n\t\t<meta property=\"og:locale\" content=\"en_US\" \/>\n\t\t<meta property=\"og:site_name\" content=\"Radau Viska -\" \/>\n\t\t<meta property=\"og:type\" content=\"article\" \/>\n\t\t<meta property=\"og:title\" content=\"Pripu\u010diama padanga smagioms \u017eiemos pramogoms - Radau Viska\" \/>\n\t\t<meta property=\"og:description\" content=\"Pripu\u010diama padanga smagioms \u017eiemos pramogoms - Radau Viska\" \/>\n\t\t<meta property=\"og:url\" content=\"https:\/\/radauviska.lt\/en\/product\/inflatable-tire-for-fun-winter-activities-spyder-rush-snow-tube-f25\/\" \/>\n\t\t<meta property=\"og:image\" content=\"https:\/\/radauviska.lt\/wp-content\/uploads\/2025\/06\/Screen-Shot-2025-06-26-at-142414.png\" \/>\n\t\t<meta property=\"og:image:secure_url\" content=\"https:\/\/radauviska.lt\/wp-content\/uploads\/2025\/06\/Screen-Shot-2025-06-26-at-142414.png\" \/>\n\t\t<meta property=\"og:image:width\" content=\"1261\" \/>\n\t\t<meta property=\"og:image:height\" content=\"845\" \/>\n\t\t<meta property=\"article:published_time\" content=\"2025-06-26T11:24:43+00:00\" \/>\n\t\t<meta property=\"article:modified_time\" content=\"2025-11-12T09:40:59+00:00\" \/>\n\t\t<meta property=\"article:publisher\" content=\"https:\/\/www.facebook.com\/profile.php?id=100093269785891\" \/>\n\t\t<meta name=\"twitter:card\" content=\"summary_large_image\" \/>\n\t\t<meta name=\"twitter:title\" content=\"Pripu\u010diama padanga smagioms \u017eiemos pramogoms - Radau Viska\" \/>\n\t\t<meta name=\"twitter:description\" content=\"Pripu\u010diama padanga smagioms \u017eiemos pramogoms - Radau Viska\" \/>\n\t\t<meta name=\"twitter:image\" content=\"https:\/\/radauviska.lt\/wp-content\/uploads\/2025\/06\/Screen-Shot-2025-06-26-at-142414.png\" \/>\n\t\t<script type=\"application\/ld+json\" class=\"aioseo-schema\">\n\t\t\t{\"@context\":\"https:\\\/\\\/schema.org\",\"@graph\":[{\"@type\":\"BreadcrumbList\",\"@id\":\"https:\\\/\\\/radauviska.lt\\\/en\\\/product\\\/inflatable-tire-for-fun-winter-activities-spyder-rush-snow-tube-f25\\\/#breadcrumblist\",\"itemListElement\":[{\"@type\":\"ListItem\",\"@id\":\"https:\\\/\\\/radauviska.lt\\\/en\\\/#listItem\",\"position\":1,\"name\":\"Home\",\"item\":\"https:\\\/\\\/radauviska.lt\\\/en\\\/\",\"nextItem\":{\"@type\":\"ListItem\",\"@id\":\"https:\\\/\\\/radauviska.lt\\\/en\\\/shop\\\/#listItem\",\"name\":\"Shop\"}},{\"@type\":\"ListItem\",\"@id\":\"https:\\\/\\\/radauviska.lt\\\/en\\\/shop\\\/#listItem\",\"position\":2,\"name\":\"Shop\",\"item\":\"https:\\\/\\\/radauviska.lt\\\/en\\\/shop\\\/\",\"nextItem\":{\"@type\":\"ListItem\",\"@id\":\"https:\\\/\\\/radauviska.lt\\\/en\\\/product-category\\\/ivairios-prekes\\\/#listItem\",\"name\":\"\\u012evairios prek\\u0117s\"},\"previousItem\":{\"@type\":\"ListItem\",\"@id\":\"https:\\\/\\\/radauviska.lt\\\/en\\\/#listItem\",\"name\":\"Home\"}},{\"@type\":\"ListItem\",\"@id\":\"https:\\\/\\\/radauviska.lt\\\/en\\\/product-category\\\/ivairios-prekes\\\/#listItem\",\"position\":3,\"name\":\"\\u012evairios prek\\u0117s\",\"item\":\"https:\\\/\\\/radauviska.lt\\\/en\\\/product-category\\\/ivairios-prekes\\\/\",\"nextItem\":{\"@type\":\"ListItem\",\"@id\":\"https:\\\/\\\/radauviska.lt\\\/en\\\/product\\\/inflatable-tire-for-fun-winter-activities-spyder-rush-snow-tube-f25\\\/#listItem\",\"name\":\"Inflatable Tire for Fun Winter Activities \\\/ Spyder Rush Snow Tube F25\"},\"previousItem\":{\"@type\":\"ListItem\",\"@id\":\"https:\\\/\\\/radauviska.lt\\\/en\\\/shop\\\/#listItem\",\"name\":\"Shop\"}},{\"@type\":\"ListItem\",\"@id\":\"https:\\\/\\\/radauviska.lt\\\/en\\\/product\\\/inflatable-tire-for-fun-winter-activities-spyder-rush-snow-tube-f25\\\/#listItem\",\"position\":4,\"name\":\"Inflatable Tire for Fun Winter Activities \\\/ Spyder Rush Snow Tube F25\",\"previousItem\":{\"@type\":\"ListItem\",\"@id\":\"https:\\\/\\\/radauviska.lt\\\/en\\\/product-category\\\/ivairios-prekes\\\/#listItem\",\"name\":\"\\u012evairios prek\\u0117s\"}}]},{\"@type\":\"ItemPage\",\"@id\":\"https:\\\/\\\/radauviska.lt\\\/en\\\/product\\\/inflatable-tire-for-fun-winter-activities-spyder-rush-snow-tube-f25\\\/#itempage\",\"url\":\"https:\\\/\\\/radauviska.lt\\\/en\\\/product\\\/inflatable-tire-for-fun-winter-activities-spyder-rush-snow-tube-f25\\\/\",\"name\":\"Pripu\\u010diama padanga smagioms \\u017eiemos pramogoms - Radau Viska\",\"description\":\"Pripu\\u010diama padanga smagioms \\u017eiemos pramogoms - Radau Viska\",\"inLanguage\":\"en-US\",\"isPartOf\":{\"@id\":\"https:\\\/\\\/radauviska.lt\\\/en\\\/#website\"},\"breadcrumb\":{\"@id\":\"https:\\\/\\\/radauviska.lt\\\/en\\\/product\\\/inflatable-tire-for-fun-winter-activities-spyder-rush-snow-tube-f25\\\/#breadcrumblist\"},\"image\":{\"@type\":\"ImageObject\",\"url\":\"https:\\\/\\\/radauviska.lt\\\/wp-content\\\/uploads\\\/2025\\\/06\\\/Screen-Shot-2025-06-26-at-142414.png\",\"@id\":\"https:\\\/\\\/radauviska.lt\\\/en\\\/product\\\/inflatable-tire-for-fun-winter-activities-spyder-rush-snow-tube-f25\\\/#mainImage\",\"width\":1261,\"height\":845},\"primaryImageOfPage\":{\"@id\":\"https:\\\/\\\/radauviska.lt\\\/en\\\/product\\\/inflatable-tire-for-fun-winter-activities-spyder-rush-snow-tube-f25\\\/#mainImage\"},\"datePublished\":\"2025-06-26T11:24:43+00:00\",\"dateModified\":\"2025-11-12T09:40:59+00:00\"},{\"@type\":\"Organization\",\"@id\":\"https:\\\/\\\/radauviska.lt\\\/en\\\/#organization\",\"name\":\"Radau Viska\",\"url\":\"https:\\\/\\\/radauviska.lt\\\/en\\\/\",\"telephone\":\"+37067580618\",\"logo\":{\"@type\":\"ImageObject\",\"url\":\"https:\\\/\\\/radauviska.lt\\\/wp-content\\\/uploads\\\/2024\\\/04\\\/huge-removebg-preview-2.png\",\"@id\":\"https:\\\/\\\/radauviska.lt\\\/en\\\/product\\\/inflatable-tire-for-fun-winter-activities-spyder-rush-snow-tube-f25\\\/#organizationLogo\",\"width\":821,\"height\":304},\"image\":{\"@id\":\"https:\\\/\\\/radauviska.lt\\\/en\\\/product\\\/inflatable-tire-for-fun-winter-activities-spyder-rush-snow-tube-f25\\\/#organizationLogo\"},\"sameAs\":[\"https:\\\/\\\/www.facebook.com\\\/profile.php?id=100093269785891\",\"https:\\\/\\\/www.instagram.com\\\/radauviska.lt\\\/\"]},{\"@type\":\"WebPage\",\"@id\":\"https:\\\/\\\/radauviska.lt\\\/en\\\/product\\\/inflatable-tire-for-fun-winter-activities-spyder-rush-snow-tube-f25\\\/#webpage\",\"url\":\"https:\\\/\\\/radauviska.lt\\\/en\\\/product\\\/inflatable-tire-for-fun-winter-activities-spyder-rush-snow-tube-f25\\\/\",\"name\":\"Pripu\\u010diama padanga smagioms \\u017eiemos pramogoms - Radau Viska\",\"description\":\"Pripu\\u010diama padanga smagioms \\u017eiemos pramogoms - Radau Viska\",\"inLanguage\":\"en-US\",\"isPartOf\":{\"@id\":\"https:\\\/\\\/radauviska.lt\\\/en\\\/#website\"},\"breadcrumb\":{\"@id\":\"https:\\\/\\\/radauviska.lt\\\/en\\\/product\\\/inflatable-tire-for-fun-winter-activities-spyder-rush-snow-tube-f25\\\/#breadcrumblist\"},\"image\":{\"@type\":\"ImageObject\",\"url\":\"https:\\\/\\\/radauviska.lt\\\/wp-content\\\/uploads\\\/2025\\\/06\\\/Screen-Shot-2025-06-26-at-142414.png\",\"@id\":\"https:\\\/\\\/radauviska.lt\\\/en\\\/product\\\/inflatable-tire-for-fun-winter-activities-spyder-rush-snow-tube-f25\\\/#mainImage\",\"width\":1261,\"height\":845},\"primaryImageOfPage\":{\"@id\":\"https:\\\/\\\/radauviska.lt\\\/en\\\/product\\\/inflatable-tire-for-fun-winter-activities-spyder-rush-snow-tube-f25\\\/#mainImage\"},\"datePublished\":\"2025-06-26T11:24:43+00:00\",\"dateModified\":\"2025-11-12T09:40:59+00:00\"},{\"@type\":\"WebSite\",\"@id\":\"https:\\\/\\\/radauviska.lt\\\/en\\\/#website\",\"url\":\"https:\\\/\\\/radauviska.lt\\\/en\\\/\",\"name\":\"www.radauviska.lt\",\"alternateName\":\"Radau visk\\u0105\",\"inLanguage\":\"en-US\",\"publisher\":{\"@id\":\"https:\\\/\\\/radauviska.lt\\\/en\\\/#organization\"}}]}\n\t\t<\/script>\n\t\t<!-- All in One SEO Pro -->\r\n\t\t<title>Pripu\u010diama padanga smagioms \u017eiemos pramogoms - Radau Viska<\/title>\n\n","aioseo_head_json":{"title":"Pripu\u010diama padanga smagioms \u017eiemos pramogoms - Radau Viska","description":"Pripu\u010diama padanga smagioms \u017eiemos pramogoms - Radau Viska","canonical_url":"https:\/\/radauviska.lt\/en\/product\/inflatable-tire-for-fun-winter-activities-spyder-rush-snow-tube-f25\/","robots":"max-image-preview:large","keywords":"","webmasterTools":{"miscellaneous":""},"schema":{"@context":"https:\/\/schema.org","@graph":[{"@type":"BreadcrumbList","@id":"https:\/\/radauviska.lt\/en\/product\/inflatable-tire-for-fun-winter-activities-spyder-rush-snow-tube-f25\/#breadcrumblist","itemListElement":[{"@type":"ListItem","@id":"https:\/\/radauviska.lt\/en\/#listItem","position":1,"name":"Home","item":"https:\/\/radauviska.lt\/en\/","nextItem":{"@type":"ListItem","@id":"https:\/\/radauviska.lt\/en\/shop\/#listItem","name":"Shop"}},{"@type":"ListItem","@id":"https:\/\/radauviska.lt\/en\/shop\/#listItem","position":2,"name":"Shop","item":"https:\/\/radauviska.lt\/en\/shop\/","nextItem":{"@type":"ListItem","@id":"https:\/\/radauviska.lt\/en\/product-category\/ivairios-prekes\/#listItem","name":"\u012evairios prek\u0117s"},"previousItem":{"@type":"ListItem","@id":"https:\/\/radauviska.lt\/en\/#listItem","name":"Home"}},{"@type":"ListItem","@id":"https:\/\/radauviska.lt\/en\/product-category\/ivairios-prekes\/#listItem","position":3,"name":"\u012evairios prek\u0117s","item":"https:\/\/radauviska.lt\/en\/product-category\/ivairios-prekes\/","nextItem":{"@type":"ListItem","@id":"https:\/\/radauviska.lt\/en\/product\/inflatable-tire-for-fun-winter-activities-spyder-rush-snow-tube-f25\/#listItem","name":"Inflatable Tire for Fun Winter Activities \/ Spyder Rush Snow Tube F25"},"previousItem":{"@type":"ListItem","@id":"https:\/\/radauviska.lt\/en\/shop\/#listItem","name":"Shop"}},{"@type":"ListItem","@id":"https:\/\/radauviska.lt\/en\/product\/inflatable-tire-for-fun-winter-activities-spyder-rush-snow-tube-f25\/#listItem","position":4,"name":"Inflatable Tire for Fun Winter Activities \/ Spyder Rush Snow Tube F25","previousItem":{"@type":"ListItem","@id":"https:\/\/radauviska.lt\/en\/product-category\/ivairios-prekes\/#listItem","name":"\u012evairios prek\u0117s"}}]},{"@type":"ItemPage","@id":"https:\/\/radauviska.lt\/en\/product\/inflatable-tire-for-fun-winter-activities-spyder-rush-snow-tube-f25\/#itempage","url":"https:\/\/radauviska.lt\/en\/product\/inflatable-tire-for-fun-winter-activities-spyder-rush-snow-tube-f25\/","name":"Pripu\u010diama padanga smagioms \u017eiemos pramogoms - Radau Viska","description":"Pripu\u010diama padanga smagioms \u017eiemos pramogoms - Radau Viska","inLanguage":"en-US","isPartOf":{"@id":"https:\/\/radauviska.lt\/en\/#website"},"breadcrumb":{"@id":"https:\/\/radauviska.lt\/en\/product\/inflatable-tire-for-fun-winter-activities-spyder-rush-snow-tube-f25\/#breadcrumblist"},"image":{"@type":"ImageObject","url":"https:\/\/radauviska.lt\/wp-content\/uploads\/2025\/06\/Screen-Shot-2025-06-26-at-142414.png","@id":"https:\/\/radauviska.lt\/en\/product\/inflatable-tire-for-fun-winter-activities-spyder-rush-snow-tube-f25\/#mainImage","width":1261,"height":845},"primaryImageOfPage":{"@id":"https:\/\/radauviska.lt\/en\/product\/inflatable-tire-for-fun-winter-activities-spyder-rush-snow-tube-f25\/#mainImage"},"datePublished":"2025-06-26T11:24:43+00:00","dateModified":"2025-11-12T09:40:59+00:00"},{"@type":"Organization","@id":"https:\/\/radauviska.lt\/en\/#organization","name":"Radau Viska","url":"https:\/\/radauviska.lt\/en\/","telephone":"+37067580618","logo":{"@type":"ImageObject","url":"https:\/\/radauviska.lt\/wp-content\/uploads\/2024\/04\/huge-removebg-preview-2.png","@id":"https:\/\/radauviska.lt\/en\/product\/inflatable-tire-for-fun-winter-activities-spyder-rush-snow-tube-f25\/#organizationLogo","width":821,"height":304},"image":{"@id":"https:\/\/radauviska.lt\/en\/product\/inflatable-tire-for-fun-winter-activities-spyder-rush-snow-tube-f25\/#organizationLogo"},"sameAs":["https:\/\/www.facebook.com\/profile.php?id=100093269785891","https:\/\/www.instagram.com\/radauviska.lt\/"]},{"@type":"WebPage","@id":"https:\/\/radauviska.lt\/en\/product\/inflatable-tire-for-fun-winter-activities-spyder-rush-snow-tube-f25\/#webpage","url":"https:\/\/radauviska.lt\/en\/product\/inflatable-tire-for-fun-winter-activities-spyder-rush-snow-tube-f25\/","name":"Pripu\u010diama padanga smagioms \u017eiemos pramogoms - Radau Viska","description":"Pripu\u010diama padanga smagioms \u017eiemos pramogoms - Radau Viska","inLanguage":"en-US","isPartOf":{"@id":"https:\/\/radauviska.lt\/en\/#website"},"breadcrumb":{"@id":"https:\/\/radauviska.lt\/en\/product\/inflatable-tire-for-fun-winter-activities-spyder-rush-snow-tube-f25\/#breadcrumblist"},"image":{"@type":"ImageObject","url":"https:\/\/radauviska.lt\/wp-content\/uploads\/2025\/06\/Screen-Shot-2025-06-26-at-142414.png","@id":"https:\/\/radauviska.lt\/en\/product\/inflatable-tire-for-fun-winter-activities-spyder-rush-snow-tube-f25\/#mainImage","width":1261,"height":845},"primaryImageOfPage":{"@id":"https:\/\/radauviska.lt\/en\/product\/inflatable-tire-for-fun-winter-activities-spyder-rush-snow-tube-f25\/#mainImage"},"datePublished":"2025-06-26T11:24:43+00:00","dateModified":"2025-11-12T09:40:59+00:00"},{"@type":"WebSite","@id":"https:\/\/radauviska.lt\/en\/#website","url":"https:\/\/radauviska.lt\/en\/","name":"www.radauviska.lt","alternateName":"Radau visk\u0105","inLanguage":"en-US","publisher":{"@id":"https:\/\/radauviska.lt\/en\/#organization"}}]},"og:locale":"en_US","og:site_name":"Radau Viska -","og:type":"article","og:title":"Pripu\u010diama padanga smagioms \u017eiemos pramogoms - Radau Viska","og:description":"Pripu\u010diama padanga smagioms \u017eiemos pramogoms - Radau Viska","og:url":"https:\/\/radauviska.lt\/en\/product\/inflatable-tire-for-fun-winter-activities-spyder-rush-snow-tube-f25\/","og:image":"https:\/\/radauviska.lt\/wp-content\/uploads\/2025\/06\/Screen-Shot-2025-06-26-at-142414.png","og:image:secure_url":"https:\/\/radauviska.lt\/wp-content\/uploads\/2025\/06\/Screen-Shot-2025-06-26-at-142414.png","og:image:width":1261,"og:image:height":845,"article:published_time":"2025-06-26T11:24:43+00:00","article:modified_time":"2025-11-12T09:40:59+00:00","article:publisher":"https:\/\/www.facebook.com\/profile.php?id=100093269785891","twitter:card":"summary_large_image","twitter:title":"Pripu\u010diama padanga smagioms \u017eiemos pramogoms - Radau Viska","twitter:description":"Pripu\u010diama padanga smagioms \u017eiemos pramogoms - Radau Viska","twitter:image":"https:\/\/radauviska.lt\/wp-content\/uploads\/2025\/06\/Screen-Shot-2025-06-26-at-142414.png"},"aioseo_meta_data":{"post_id":"22347","title":"Pripu\u010diama padanga smagioms \u017eiemos pramogoms #separator_sa #site_title","description":"Pripu\u010diama padanga smagioms \u017eiemos pramogoms #separator_sa #site_title","keywords":null,"keyphrases":{"focus":{"keyphrase":"","score":0,"analysis":{"keyphraseInTitle":{"score":0,"maxScore":9,"error":1}}},"additional":[]},"primary_term":null,"canonical_url":null,"og_title":null,"og_description":null,"og_object_type":"default","og_image_type":"default","og_image_url":null,"og_image_width":null,"og_image_height":null,"og_image_custom_url":null,"og_image_custom_fields":null,"og_video":"","og_custom_url":null,"og_article_section":null,"og_article_tags":null,"twitter_use_og":false,"twitter_card":"default","twitter_image_type":"default","twitter_image_url":null,"twitter_image_custom_url":null,"twitter_image_custom_fields":null,"twitter_title":null,"twitter_description":null,"schema":{"blockGraphs":[],"customGraphs":[],"default":{"data":{"Article":[],"Course":[],"Dataset":[],"FAQPage":[],"Movie":[],"Person":[],"Product":[],"ProductReview":[],"Car":[],"Recipe":[],"Service":[],"SoftwareApplication":[],"WebPage":[]},"graphName":"ItemPage","isEnabled":true},"graphs":[]},"schema_type":"default","schema_type_options":null,"pillar_content":false,"robots_default":true,"robots_noindex":false,"robots_noarchive":false,"robots_nosnippet":false,"robots_nofollow":false,"robots_noimageindex":false,"robots_noodp":false,"robots_notranslate":false,"robots_max_snippet":"-1","robots_max_videopreview":"-1","robots_max_imagepreview":"large","priority":null,"frequency":"default","local_seo":null,"seo_analyzer_scan_date":"2025-11-12 09:42:02","breadcrumb_settings":null,"limit_modified_date":false,"reviewed_by":"0","open_ai":"{\"title\":{\"suggestions\":[],\"usage\":0},\"description\":{\"suggestions\":[],\"usage\":0}}","ai":{"faqs":[],"keyPoints":[],"titles":[],"descriptions":[],"socialPosts":{"email":[],"linkedin":[],"twitter":[],"facebook":[],"instagram":[]}},"created":"2025-07-08 12:27:52","updated":"2025-11-12 09:51:57"},"aioseo_breadcrumb":"<div class=\"aioseo-breadcrumbs\"><span class=\"aioseo-breadcrumb\">\n\t<a href=\"https:\/\/radauviska.lt\/en\/\" title=\"Home\">Home<\/a>\n<\/span><span class=\"aioseo-breadcrumb-separator\">&raquo;<\/span><span class=\"aioseo-breadcrumb\">\n\t<a href=\"https:\/\/radauviska.lt\/en\/shop\/\" title=\"Shop\">Shop<\/a>\n<\/span><span class=\"aioseo-breadcrumb-separator\">&raquo;<\/span><span class=\"aioseo-breadcrumb\">\n\t<a href=\"https:\/\/radauviska.lt\/en\/product-category\/ivairios-prekes\/\" title=\"\u012evairios prek\u0117s\">\u012evairios prek\u0117s<\/a>\n<\/span><span class=\"aioseo-breadcrumb-separator\">&raquo;<\/span><span class=\"aioseo-breadcrumb\">\n\tInflatable Tire for Fun Winter Activities \/ Spyder Rush Snow Tube F25\n<\/span><\/div>","aioseo_breadcrumb_json":[{"label":"Home","link":"https:\/\/radauviska.lt\/en\/"},{"label":"Shop","link":"https:\/\/radauviska.lt\/en\/shop\/"},{"label":"\u012evairios prek\u0117s","link":"https:\/\/radauviska.lt\/en\/product-category\/ivairios-prekes\/"},{"label":"Inflatable Tire for Fun Winter Activities \/ Spyder Rush Snow Tube F25","link":"https:\/\/radauviska.lt\/en\/product\/inflatable-tire-for-fun-winter-activities-spyder-rush-snow-tube-f25\/"}],"_links":{"self":[{"href":"https:\/\/radauviska.lt\/en\/wp-json\/wp\/v2\/product\/22347","targetHints":{"allow":["GET"]}}],"collection":[{"href":"https:\/\/radauviska.lt\/en\/wp-json\/wp\/v2\/product"}],"about":[{"href":"https:\/\/radauviska.lt\/en\/wp-json\/wp\/v2\/types\/product"}],"replies":[{"embeddable":true,"href":"https:\/\/radauviska.lt\/en\/wp-json\/wp\/v2\/comments?post=22347"}],"version-history":[{"count":1,"href":"https:\/\/radauviska.lt\/en\/wp-json\/wp\/v2\/product\/22347\/revisions"}],"predecessor-version":[{"id":23379,"href":"https:\/\/radauviska.lt\/en\/wp-json\/wp\/v2\/product\/22347\/revisions\/23379"}],"wp:featuredmedia":[{"embeddable":true,"href":"https:\/\/radauviska.lt\/en\/wp-json\/wp\/v2\/media\/22311"}],"wp:attachment":[{"href":"https:\/\/radauviska.lt\/en\/wp-json\/wp\/v2\/media?parent=22347"}],"wp:term":[{"taxonomy":"product_brand","embeddable":true,"href":"https:\/\/radauviska.lt\/en\/wp-json\/wp\/v2\/product_brand?post=22347"},{"taxonomy":"product_cat","embeddable":true,"href":"https:\/\/radauviska.lt\/en\/wp-json\/wp\/v2\/product_cat?post=22347"},{"taxonomy":"product_tag","embeddable":true,"href":"https:\/\/radauviska.lt\/en\/wp-json\/wp\/v2\/product_tag?post=22347"}],"curies":[{"name":"wp","href":"https:\/\/api.w.org\/{rel}","templated":true}]}}